{"id":474,"date":"2025-05-02T11:42:50","date_gmt":"2025-05-02T11:42:50","guid":{"rendered":"https:\/\/www.careium.com\/fr\/?post_type=product&#038;p=474"},"modified":"2025-11-04T13:40:48","modified_gmt":"2025-11-04T12:40:48","slug":"detecteur-dinondation","status":"publish","type":"product","link":"https:\/\/www.careium.com\/fr\/solutions-de-teleassistance\/teletransmetteur\/detecteur-dinondation\/","title":{"rendered":"D\u00e9tecteur d&rsquo;inondation"},"content":{"rendered":"","protected":false},"excerpt":{"rendered":"<p>Le d\u00e9tecteur d&rsquo;inondation envoie une alerte pr\u00e9coce signalant une inondation potentielle et permet d&rsquo;\u00e9viter les cons\u00e9quences de dommages aux \u00e9quipements et effets personnels. Le d\u00e9tecteur d&rsquo;inondation est plac\u00e9 sur le sol dans la salle de bain ou dans la cuisine et d\u00e9tecte l&rsquo;exc\u00e8s d&rsquo;eau caus\u00e9 par un d\u00e9bordement. Lorsque de l&rsquo;eau est d\u00e9tect\u00e9e, une alarme est envoy\u00e9e au centre de t\u00e9l\u00e9assistance via le transmetteur. Cela permet de rassurer les personnes ayant l&rsquo;habitude d&rsquo;oublier de fermer le robinet, ce qui peut g\u00e9n\u00e9rer des situations dangereuses et des dommages significatifs ainsi que des co\u00fbts et des d\u00e9sagr\u00e9ments inutiles.<\/p>\n","protected":false},"author":1,"featured_media":1567,"template":"","meta":{"_acf_changed":false},"product_brand":[],"product_cat":[17],"product_tag":[22],"class_list":{"0":"post-474","1":"product","2":"type-product","3":"status-publish","4":"has-post-thumbnail","6":"product_cat-accessory","7":"product_tag-detecteur-dinondation","9":"first","10":"instock","11":"shipping-taxable","12":"purchasable","13":"product-type-simple"},"acf":[],"_links":{"self":[{"href":"https:\/\/www.careium.com\/fr\/wp-json\/wp\/v2\/product\/474","targetHints":{"allow":["GET"]}}],"collection":[{"href":"https:\/\/www.careium.com\/fr\/wp-json\/wp\/v2\/product"}],"about":[{"href":"https:\/\/www.careium.com\/fr\/wp-json\/wp\/v2\/types\/product"}],"author":[{"embeddable":true,"href":"https:\/\/www.careium.com\/fr\/wp-json\/wp\/v2\/users\/1"}],"wp:featuredmedia":[{"embeddable":true,"href":"https:\/\/www.careium.com\/fr\/wp-json\/wp\/v2\/media\/1567"}],"wp:attachment":[{"href":"https:\/\/www.careium.com\/fr\/wp-json\/wp\/v2\/media?parent=474"}],"wp:term":[{"taxonomy":"product_brand","embeddable":true,"href":"https:\/\/www.careium.com\/fr\/wp-json\/wp\/v2\/product_brand?post=474"},{"taxonomy":"product_cat","embeddable":true,"href":"https:\/\/www.careium.com\/fr\/wp-json\/wp\/v2\/product_cat?post=474"},{"taxonomy":"product_tag","embeddable":true,"href":"https:\/\/www.careium.com\/fr\/wp-json\/wp\/v2\/product_tag?post=474"}],"curies":[{"name":"wp","href":"https:\/\/api.w.org\/{rel}","templated":true}]}}