{"id":476,"date":"2025-05-02T12:01:05","date_gmt":"2025-05-02T12:01:05","guid":{"rendered":"https:\/\/www.careium.com\/fr\/?post_type=product&#038;p=476"},"modified":"2026-03-05T16:53:30","modified_gmt":"2026-03-05T15:53:30","slug":"capteur-de-temperature-extreme","status":"publish","type":"product","link":"https:\/\/www.careium.com\/fr\/solutions-de-teleassistance\/teletransmetteur\/capteur-de-temperature-extreme\/","title":{"rendered":"Capteur de temp\u00e9rature extr\u00eame"},"content":{"rendered":"<p>Sa batterie a une dur\u00e9e de vie allant jusqu&rsquo;\u00e0 5 ans et une alerte de batterie faible sera envoy\u00e9e au centre de surveillance si la batterie est faible. Les piles sont facilement rempla\u00e7ables. Le capteur de temp\u00e9rature extr\u00eame fonctionne sur la fr\u00e9quence europ\u00e9enne d&rsquo;alarme sociale de 869 MHz et est test\u00e9 et conforme \u00e0 toutes les normes applicables, notamment CE et EN 50134.<\/p>\n","protected":false},"excerpt":{"rendered":"<p>Le capteur de temp\u00e9rature extr\u00eame est une solution unique pour la d\u00e9tection \u00e0 distance de temp\u00e9ratures ambiantes nocives pour la sant\u00e9. Il est con\u00e7u pour d\u00e9tecter trois situations de temp\u00e9rature : \u00e9lev\u00e9e, basse et taux d&rsquo;augmentation rapide. Il d\u00e9tectera toute temp\u00e9rature ambiante trop \u00e9lev\u00e9e (35 \u00b0C) ou trop froide (12 \u00b0C), p. ex. en raison d&rsquo;une chaudi\u00e8re en panne, de conditions m\u00e9t\u00e9orologiques extr\u00eames ou d&rsquo;une porte rest\u00e9e ouverte. Le capteur \u00e9met des alertes avanc\u00e9es en cas de temp\u00e9ratures ambiantes extr\u00eames au domicile susceptibles d&rsquo;entra\u00eener des conditions de vie malsaines, et envoie automatiquement une alarme au centre de t\u00e9l\u00e9assistance par l&rsquo;interm\u00e9diaire du transmetteur.<\/p>\n","protected":false},"author":1,"featured_media":1563,"template":"","meta":{"_acf_changed":false},"product_brand":[],"product_cat":[17],"product_tag":[23],"class_list":{"0":"post-476","1":"product","2":"type-product","3":"status-publish","4":"has-post-thumbnail","6":"product_cat-accessory","7":"product_tag-capteur-de-temperature","9":"first","10":"instock","11":"shipping-taxable","12":"product-type-simple"},"acf":[],"_links":{"self":[{"href":"https:\/\/www.careium.com\/fr\/wp-json\/wp\/v2\/product\/476","targetHints":{"allow":["GET"]}}],"collection":[{"href":"https:\/\/www.careium.com\/fr\/wp-json\/wp\/v2\/product"}],"about":[{"href":"https:\/\/www.careium.com\/fr\/wp-json\/wp\/v2\/types\/product"}],"author":[{"embeddable":true,"href":"https:\/\/www.careium.com\/fr\/wp-json\/wp\/v2\/users\/1"}],"wp:featuredmedia":[{"embeddable":true,"href":"https:\/\/www.careium.com\/fr\/wp-json\/wp\/v2\/media\/1563"}],"wp:attachment":[{"href":"https:\/\/www.careium.com\/fr\/wp-json\/wp\/v2\/media?parent=476"}],"wp:term":[{"taxonomy":"product_brand","embeddable":true,"href":"https:\/\/www.careium.com\/fr\/wp-json\/wp\/v2\/product_brand?post=476"},{"taxonomy":"product_cat","embeddable":true,"href":"https:\/\/www.careium.com\/fr\/wp-json\/wp\/v2\/product_cat?post=476"},{"taxonomy":"product_tag","embeddable":true,"href":"https:\/\/www.careium.com\/fr\/wp-json\/wp\/v2\/product_tag?post=476"}],"curies":[{"name":"wp","href":"https:\/\/api.w.org\/{rel}","templated":true}]}}