{"id":480,"date":"2025-05-02T12:12:00","date_gmt":"2025-05-02T12:12:00","guid":{"rendered":"https:\/\/www.careium.com\/fr\/?post_type=product&#038;p=480"},"modified":"2026-01-27T15:32:39","modified_gmt":"2026-01-27T14:32:39","slug":"mbox-9200","status":"publish","type":"product","link":"https:\/\/www.careium.com\/fr\/solutions-de-teleassistance\/teletransmetteur\/mbox-9200\/","title":{"rendered":"mBox 9200"},"content":{"rendered":"<h2>Comment \u00e7a fonctionne?<\/h2>\n<p>L&rsquo;alarme de porte mBox 9200 est tr\u00e8s facile \u00e0 installer et compl\u00e8tement sans fil. Un petit aimant est fix\u00e9 \u00e0 la porte et le transmetteur est fix\u00e9 au ch\u00e2ssis de la porte. L&rsquo;alarme de porte alerte le centre de t\u00e9l\u00e9assistance si un individu quitte la propri\u00e9t\u00e9. Un bouton de d\u00e9rivation autorise les visiteurs \u00e0 entrer et sortir sans activer l&rsquo;alarme, et un interrupteur marche\/arr\u00eat est aussi disponible. Le dispositif fonctionne \u00e9galement comme un \u00e9metteur et un transmetteur \u00e0 la fois. Un prolongateur de port\u00e9e mBox peut \u00eatre utilis\u00e9 entre le transmetteur Careium et un capteur de t\u00e9l\u00e9assistance sans fil pour accro\u00eetre la port\u00e9e effective du capteur.<\/p>\n<h2>Quels sont les avantages?<\/h2>\n<p>L&rsquo;alarme de porte mBox 9200 offre de nombreux avantages, dont l&rsquo;avantage principal d&rsquo;aider les personnes atteintes de d\u00e9mence \u00e0 vivre de mani\u00e8re autonome au sein de la communaut\u00e9. Elle permet de prendre les mesures appropri\u00e9es aussi vite que possible afin que l&rsquo;utilisateur retrouve un environnement s\u00fbr, et peut \u00e9galement aider \u00e0 att\u00e9nuer le stress \u00e9motionnel et physique auquel on peut \u00eatre soumis lorsque l&rsquo;on s&rsquo;occupe d&rsquo;une personne susceptible de quitter son domicile et de ne pas pouvoir y retourner sans assistance.<\/p>\n","protected":false},"excerpt":{"rendered":"<p>Le mBox 9200 peut \u00eatre utilis\u00e9 comme unit\u00e9 de contr\u00f4le dans le lit, \u00e9metteur radio, prolongateur de port\u00e9e radio et alarme de porte. Lorsqu&rsquo;il est d\u00e9clench\u00e9, une alarme est envoy\u00e9e au centre de t\u00e9l\u00e9assistance via le transmetteur. Fonctionnalit\u00e9 simple de r\u00e9glage de diff\u00e9rentes temporisations avant l&rsquo;envoi d&rsquo;une alarme. Des param\u00e8tres de temps peuvent \u00e9galement \u00eatre programm\u00e9s sur l&rsquo;unit\u00e9 d&rsquo;alarme personnelle afin que le dispositif ne fonctionne qu&rsquo;\u00e0 certains moments de la journ\u00e9e.<\/p>\n","protected":false},"author":1,"featured_media":1605,"template":"","meta":{"_acf_changed":false},"product_brand":[],"product_cat":[17],"product_tag":[24],"class_list":{"0":"post-480","1":"product","2":"type-product","3":"status-publish","4":"has-post-thumbnail","6":"product_cat-accessory","7":"product_tag-mbox-9200","9":"first","10":"instock","11":"shipping-taxable","12":"product-type-simple"},"acf":[],"_links":{"self":[{"href":"https:\/\/www.careium.com\/fr\/wp-json\/wp\/v2\/product\/480","targetHints":{"allow":["GET"]}}],"collection":[{"href":"https:\/\/www.careium.com\/fr\/wp-json\/wp\/v2\/product"}],"about":[{"href":"https:\/\/www.careium.com\/fr\/wp-json\/wp\/v2\/types\/product"}],"author":[{"embeddable":true,"href":"https:\/\/www.careium.com\/fr\/wp-json\/wp\/v2\/users\/1"}],"wp:featuredmedia":[{"embeddable":true,"href":"https:\/\/www.careium.com\/fr\/wp-json\/wp\/v2\/media\/1605"}],"wp:attachment":[{"href":"https:\/\/www.careium.com\/fr\/wp-json\/wp\/v2\/media?parent=480"}],"wp:term":[{"taxonomy":"product_brand","embeddable":true,"href":"https:\/\/www.careium.com\/fr\/wp-json\/wp\/v2\/product_brand?post=480"},{"taxonomy":"product_cat","embeddable":true,"href":"https:\/\/www.careium.com\/fr\/wp-json\/wp\/v2\/product_cat?post=480"},{"taxonomy":"product_tag","embeddable":true,"href":"https:\/\/www.careium.com\/fr\/wp-json\/wp\/v2\/product_tag?post=480"}],"curies":[{"name":"wp","href":"https:\/\/api.w.org\/{rel}","templated":true}]}}