{"id":527,"date":"2025-05-04T09:21:30","date_gmt":"2025-05-04T09:21:30","guid":{"rendered":"https:\/\/www.careium.com\/fr\/?post_type=product&#038;p=527"},"modified":"2025-05-27T11:44:26","modified_gmt":"2025-05-27T11:44:26","slug":"careium-500","status":"publish","type":"product","link":"https:\/\/www.careium.com\/fr\/solutions-de-teleassistance\/teletransmetteur\/careium-500\/","title":{"rendered":"Careium 500"},"content":{"rendered":"<h2>Comment \u00e7a fonctionne?<\/h2>\n<p>Careium 500 est \u00e0 la fois une alarme GPS et une t\u00e9l\u00e9assistance mobile, sp\u00e9cialement con\u00e7ue pour les personnes souffrant de troubles cognitifs, tels que la d\u00e9mence. Gr\u00e2ce au positionnement GPS, des \u00ab\u00a0zones de vie\u00a0\u00bb (geofence) peuvent \u00eatre d\u00e9finies. Lorsque l&rsquo;utilisateur quitte une zone de vie, une alarme est envoy\u00e9e \u00e0 un soignant ou au centre de surveillance. Il est possible de cr\u00e9er plusieurs zones de s\u00e9curit\u00e9 (en entr\u00e9e ou sortie) et d&rsquo;activer diff\u00e9rentes zones en fonction de l&rsquo;heure de la journ\u00e9e.<\/p>\n<p>Careium 500 est livr\u00e9e avec un socle de charge qui sert \u00e9galement de balise domestique. Lorsque la montre se trouve \u00e0 proximit\u00e9 de la balise domestique, la fonction GPS est d\u00e9sactiv\u00e9e. Cela permet \u00e0 la montre d&rsquo;\u00e9conomiser la batterie, tout en indiquant que l&rsquo;utilisateur est \u00e0 la maison. \u00c0 proximit\u00e9 de la balise domestique, la batterie peut durer plus d&rsquo;une semaine. La balise peut \u00e9galement \u00eatre utilis\u00e9e pour d\u00e9clencher une alarme lorsque l&rsquo;utilisateur quitte la zone de la balise. Plusieurs balises et\/ou groupes de balises peuvent \u00eatre utilis\u00e9s pour un appartement ou une r\u00e9sidence s\u00e9niors et ainsi servir \u00e0 plusieurs utilisateurs.<\/p>\n<p>La montre dispose d&rsquo;un bouton d&rsquo;alarme physique qui peut \u00eatre d\u00e9sactiv\u00e9 si cette fonction ne convient pas \u00e0 l&rsquo;utilisateur. S&rsquo;il est actif, une alarme est envoy\u00e9e \u00e0 un soignant ou au centre de surveillance lorsque le bouton est enfonc\u00e9. Il est \u00e9galement possible pour le soignant de communiquer directement avec l&rsquo;utilisateur en appelant la montre.<\/p>\n<p>Le Careium 500 fonctionne \u00e9galement comme une dispositif de d\u00e9tection de chute. Si un accident survient et que l&rsquo;utilisateur tombe, la montre envoie automatiquement une alarme \u00e0 un soignant ou au centre de surveillance. Cette fonction peut \u00eatre d\u00e9sactiv\u00e9e si n\u00e9cessaire.<\/p>\n<p>La montre GPS communique via le r\u00e9seau 4G et fonctionne aussi bien \u00e0 l&rsquo;int\u00e9rieur qu&rsquo;\u00e0 l&rsquo;ext\u00e9rieur. Elle peut \u00eatre port\u00e9e 24 heures sur 24 et est \u00e9tanche (IP67). Si l&rsquo;utilisateur risque d&rsquo;enlever la montre, un bracelet verrouillable avec clef est disponible en tant qu&rsquo;accessoire suppl\u00e9mentaire.<\/p>\n<h2>Quels sont les avantages?<\/h2>\n<p>Avec l&rsquo;allongement de la dur\u00e9e de vie, le nombre de personnes atteintes de d\u00e9mence augmente. Aujourd&rsquo;hui, environ 55 millions de personnes dans le monde vivent avec une d\u00e9mence. Le nombre de personnes atteintes de d\u00e9mence passera \u00e0 79 millions en 2030 et \u00e0 139 millions en 2050.<\/p>\n<p>L&rsquo;activit\u00e9 et la stimulation peuvent avoir un impact positif sur la m\u00e9moire et les capacit\u00e9s de r\u00e9flexion. L\u2019interaction sociale peut \u00e9galement r\u00e9duire la d\u00e9pression chez les personnes atteintes de d\u00e9mence. Ces personnes ont exactement les m\u00eames besoins qu&rsquo;une personne en bonne sant\u00e9 en mati\u00e8re d&rsquo;activit\u00e9 physique, de lumi\u00e8re du jour et d&rsquo;air frais. La diff\u00e9rence r\u00e9side plut\u00f4t dans la capacit\u00e9 \u00e0 satisfaire ces besoins. Bien entendu, les activit\u00e9s doivent \u00eatre adapt\u00e9es \u00e0 la personne atteinte de d\u00e9mence, d&rsquo;o\u00f9 l&rsquo;importance d&rsquo;une bonne approche et d&rsquo;une bonne connaissance de la maladie. Une montre GPS telle que la Careium 500 offre une s\u00e9curit\u00e9 et permet de mener une vie plus ind\u00e9pendante, plus sociale et plus active pendant plus longtemps et donc augmente l\u2019esp\u00e9rance de vie.<\/p>\n","protected":false},"excerpt":{"rendered":"<p>Careium 500 offre de la libert\u00e9 aux personnes atteintes de d\u00e9mence faible ou forte ainsi qu&rsquo;une aide suppl\u00e9mentaire aux parents et aux soignants. Il a \u00e9t\u00e9 sp\u00e9cialement con\u00e7u pour les personnes souffrant de troubles cognitifs et leur permet de mener une vie plus s\u00fbre et plus active. Careium 500 est une montre GPS et une t\u00e9l\u00e9assistance mobile \u00e0 la fois, \u00e9l\u00e9gante et \u00e9tanche (IP67), dot\u00e9e d&rsquo;une longue dur\u00e9e de vie de la batterie et de fonctions de suivi avanc\u00e9es pour une s\u00e9curit\u00e9 accrue. La montre est dot\u00e9e d&rsquo;un bouton d&rsquo;alarme et d&rsquo;une horloge analogique traditionnelle \u00e0 aiguilles, une interface qui sera famili\u00e8re \u00e0 de nombreuses personnes et qui les aidera \u00e0 lire l&rsquo;heure. Pour ceux qui ont besoin d&rsquo;\u00eatre surveill\u00e9s de plus pr\u00e8s, des alarmes automatiques, telles que la d\u00e9tection de chute ou de zone de vie, peuvent \u00eatre activ\u00e9es. Careium 500 communique via le r\u00e9seau 4G et peut donc \u00eatre port\u00e9 \u00e0 l&rsquo;int\u00e9rieur comme \u00e0 l&rsquo;ext\u00e9rieur.<\/p>\n","protected":false},"author":1,"featured_media":1442,"template":"","meta":{"_acf_changed":false},"product_brand":[],"product_cat":[18],"product_tag":[],"class_list":{"0":"post-527","1":"product","2":"type-product","3":"status-publish","4":"has-post-thumbnail","6":"product_cat-mobile-social-alarm","8":"first","9":"instock","10":"shipping-taxable","11":"purchasable","12":"product-type-simple"},"acf":[],"_links":{"self":[{"href":"https:\/\/www.careium.com\/fr\/wp-json\/wp\/v2\/product\/527","targetHints":{"allow":["GET"]}}],"collection":[{"href":"https:\/\/www.careium.com\/fr\/wp-json\/wp\/v2\/product"}],"about":[{"href":"https:\/\/www.careium.com\/fr\/wp-json\/wp\/v2\/types\/product"}],"author":[{"embeddable":true,"href":"https:\/\/www.careium.com\/fr\/wp-json\/wp\/v2\/users\/1"}],"wp:featuredmedia":[{"embeddable":true,"href":"https:\/\/www.careium.com\/fr\/wp-json\/wp\/v2\/media\/1442"}],"wp:attachment":[{"href":"https:\/\/www.careium.com\/fr\/wp-json\/wp\/v2\/media?parent=527"}],"wp:term":[{"taxonomy":"product_brand","embeddable":true,"href":"https:\/\/www.careium.com\/fr\/wp-json\/wp\/v2\/product_brand?post=527"},{"taxonomy":"product_cat","embeddable":true,"href":"https:\/\/www.careium.com\/fr\/wp-json\/wp\/v2\/product_cat?post=527"},{"taxonomy":"product_tag","embeddable":true,"href":"https:\/\/www.careium.com\/fr\/wp-json\/wp\/v2\/product_tag?post=527"}],"curies":[{"name":"wp","href":"https:\/\/api.w.org\/{rel}","templated":true}]}}