{"id":531,"date":"2025-05-04T10:20:54","date_gmt":"2025-05-04T10:20:54","guid":{"rendered":"https:\/\/www.careium.com\/fr\/?post_type=product&#038;p=531"},"modified":"2026-03-05T16:00:36","modified_gmt":"2026-03-05T15:00:36","slug":"motion-9200","status":"publish","type":"product","link":"https:\/\/www.careium.com\/fr\/solutions-de-teleassistance\/teletransmetteur\/motion-9200\/","title":{"rendered":"Motion 9200"},"content":{"rendered":"<p>Le d\u00e9tecteur de mouvement est un d\u00e9tecteur de mouvement sans fil utilisable dans diff\u00e9rentes situations n\u00e9cessitant une surveillance des d\u00e9placements.<\/p>\n<p>Par exemple, il peut servir de :<\/p>\n<ul>\n<li>Moniteur de lit, plac\u00e9 au sol au bord du lit.<\/li>\n<li>Moniteur de pr\u00e9sence, signalant l&rsquo;activit\u00e9 d&rsquo;une personne, par exemple son absence \u00e0 la cuisine pendant 24 heures.<\/li>\n<\/ul>\n<p>Fonctionnant sur la fr\u00e9quence europ\u00e9enne d&rsquo;alarme sociale de 869 MHz, il est test\u00e9 et conforme \u00e0 toutes les normes en vigueur, notamment le marquage CE.<\/p>\n","protected":false},"excerpt":{"rendered":"<p>Le dispositif Motion est un d\u00e9tecteur de mouvement aliment\u00e9 par batterie, au design convivial et simple d&rsquo;utilisation pour faciliter son placement. Son capteur infrarouge int\u00e9gr\u00e9 peut \u00eatre utilis\u00e9 pour d\u00e9tecter l&rsquo;activit\u00e9 et l&rsquo;inactivit\u00e9. Une horloge interne permet de contr\u00f4ler le capteur, de sorte, par exemple, qu&rsquo;une alarme soit envoy\u00e9e si aucun mouvement n&rsquo;est d\u00e9tect\u00e9 dans un certain laps de temps, ou afin d&rsquo;activer le capteur uniquement la nuit. Le dispositif peut \u00eatre plac\u00e9 sur le sol en tant que d\u00e9tecteur de lit. Son support rabattable peut \u00eatre install\u00e9 dans diff\u00e9rentes positions, ce qui permet un montage au sol ou au mur.<\/p>\n","protected":false},"author":1,"featured_media":1615,"template":"","meta":{"_acf_changed":false},"product_brand":[],"product_cat":[17],"product_tag":[25],"class_list":{"0":"post-531","1":"product","2":"type-product","3":"status-publish","4":"has-post-thumbnail","6":"product_cat-accessory","7":"product_tag-motion","9":"first","10":"instock","11":"shipping-taxable","12":"purchasable","13":"product-type-simple"},"acf":[],"_links":{"self":[{"href":"https:\/\/www.careium.com\/fr\/wp-json\/wp\/v2\/product\/531","targetHints":{"allow":["GET"]}}],"collection":[{"href":"https:\/\/www.careium.com\/fr\/wp-json\/wp\/v2\/product"}],"about":[{"href":"https:\/\/www.careium.com\/fr\/wp-json\/wp\/v2\/types\/product"}],"author":[{"embeddable":true,"href":"https:\/\/www.careium.com\/fr\/wp-json\/wp\/v2\/users\/1"}],"wp:featuredmedia":[{"embeddable":true,"href":"https:\/\/www.careium.com\/fr\/wp-json\/wp\/v2\/media\/1615"}],"wp:attachment":[{"href":"https:\/\/www.careium.com\/fr\/wp-json\/wp\/v2\/media?parent=531"}],"wp:term":[{"taxonomy":"product_brand","embeddable":true,"href":"https:\/\/www.careium.com\/fr\/wp-json\/wp\/v2\/product_brand?post=531"},{"taxonomy":"product_cat","embeddable":true,"href":"https:\/\/www.careium.com\/fr\/wp-json\/wp\/v2\/product_cat?post=531"},{"taxonomy":"product_tag","embeddable":true,"href":"https:\/\/www.careium.com\/fr\/wp-json\/wp\/v2\/product_tag?post=531"}],"curies":[{"name":"wp","href":"https:\/\/api.w.org\/{rel}","templated":true}]}}