{"id":534,"date":"2025-05-04T10:30:50","date_gmt":"2025-05-04T10:30:50","guid":{"rendered":"https:\/\/www.careium.com\/fr\/?post_type=product&#038;p=534"},"modified":"2025-11-04T13:38:38","modified_gmt":"2025-11-04T12:38:38","slug":"enzo-anti-intrusion","status":"publish","type":"product","link":"https:\/\/www.careium.com\/fr\/solutions-de-teleassistance\/teletransmetteur\/enzo-anti-intrusion\/","title":{"rendered":"Enzo, anti-intrusion"},"content":{"rendered":"<h2>Comment \u00e7a fonctionne?<\/h2>\n<p>Si le senior se sent en ins\u00e9curit\u00e9 lorsqu&rsquo;une personne sonne \u00e0 la porte, il peut simplement et discr\u00e8tement appuyer sur le bouton d&rsquo;appel anti-intrusion avant d&rsquo;ouvrir. Cette action \u00e9tablit une connexion avec le centre de t\u00e9l\u00e9assistance afin que l&rsquo;op\u00e9rateur puisse entendre si les intentions de la personne qui rend visite sont bonnes ou non, et prendre les mesures qui s&rsquo;imposent.<\/p>\n<h2>Quels sont les avantages?<\/h2>\n<p>Les personnes vuln\u00e9rables re\u00e7oivent souvent la visite de personnes ind\u00e9sirables, notamment des commerciaux, marchands, etc. Elles peuvent alors se sentir intimid\u00e9es, suspicieuses ou mal \u00e0 l&rsquo;aise. Le bouton d&rsquo;appel anti-intrusion Enzo rassure les seniors dans de telles circonstances. Il leur permet de vivre de mani\u00e8re autonome \u00e0 leur domicile, tout en sachant qu&rsquo;ils peuvent obtenir de l&rsquo;aide en appuyant simplement sur un bouton.<\/p>\n","protected":false},"excerpt":{"rendered":"<p>La plupart des personnes rendant visite \u00e0 des personnes \u00e2g\u00e9es ont de bonnes intentions. Malheureusement, il arrive parfois que des personnes malintentionn\u00e9es rusent pour entrer chez des seniors, c&rsquo;est pourquoi beaucoup d&rsquo;entre eux ont des inqui\u00e9tudes quant \u00e0 ces visites ind\u00e9sirables. Un bouton d&rsquo;appel anti-intrusion Enzo install\u00e9 sur ou \u00e0 c\u00f4t\u00e9 de la porte peut apporter une s\u00e9r\u00e9nit\u00e9 accrue \u00e0 toute personne inqui\u00e8te \u00e0 l&rsquo;id\u00e9e qu&rsquo;un individu malintentionn\u00e9 se pr\u00e9sente chez elle. Le bouton d&rsquo;alerte sans fil permet au senior d&rsquo;envoyer facilement et discr\u00e8tement une alarme au centre de t\u00e9l\u00e9assistance si une personne \u00e0 sa porte le met mal \u00e0 l&rsquo;aise ou le menace.<\/p>\n","protected":false},"author":1,"featured_media":279,"template":"","meta":{"_acf_changed":false},"product_brand":[],"product_cat":[17],"product_tag":[27,26],"class_list":{"0":"post-534","1":"product","2":"type-product","3":"status-publish","4":"has-post-thumbnail","6":"product_cat-accessory","7":"product_tag-anti-intrusion","8":"product_tag-enzo","10":"first","11":"instock","12":"shipping-taxable","13":"purchasable","14":"product-type-simple"},"acf":[],"_links":{"self":[{"href":"https:\/\/www.careium.com\/fr\/wp-json\/wp\/v2\/product\/534","targetHints":{"allow":["GET"]}}],"collection":[{"href":"https:\/\/www.careium.com\/fr\/wp-json\/wp\/v2\/product"}],"about":[{"href":"https:\/\/www.careium.com\/fr\/wp-json\/wp\/v2\/types\/product"}],"author":[{"embeddable":true,"href":"https:\/\/www.careium.com\/fr\/wp-json\/wp\/v2\/users\/1"}],"wp:featuredmedia":[{"embeddable":true,"href":"https:\/\/www.careium.com\/fr\/wp-json\/wp\/v2\/media\/279"}],"wp:attachment":[{"href":"https:\/\/www.careium.com\/fr\/wp-json\/wp\/v2\/media?parent=534"}],"wp:term":[{"taxonomy":"product_brand","embeddable":true,"href":"https:\/\/www.careium.com\/fr\/wp-json\/wp\/v2\/product_brand?post=534"},{"taxonomy":"product_cat","embeddable":true,"href":"https:\/\/www.careium.com\/fr\/wp-json\/wp\/v2\/product_cat?post=534"},{"taxonomy":"product_tag","embeddable":true,"href":"https:\/\/www.careium.com\/fr\/wp-json\/wp\/v2\/product_tag?post=534"}],"curies":[{"name":"wp","href":"https:\/\/api.w.org\/{rel}","templated":true}]}}