{"id":537,"date":"2025-05-04T10:42:11","date_gmt":"2025-05-04T10:42:11","guid":{"rendered":"https:\/\/www.careium.com\/fr\/?post_type=product&#038;p=537"},"modified":"2025-09-24T13:11:30","modified_gmt":"2025-09-24T11:11:30","slug":"declencheur-au-souffle","status":"publish","type":"product","link":"https:\/\/www.careium.com\/fr\/solutions-de-teleassistance\/teletransmetteur\/declencheur-au-souffle\/","title":{"rendered":"D\u00e9clencheur au souffle"},"content":{"rendered":"","protected":false},"excerpt":{"rendered":"<p>Le d\u00e9clencheur au souffle est plac\u00e9 \u00e0 proximit\u00e9 de l&rsquo;utilisateur de sorte que ce dernier puisse facilement souffler dedans pour activer une alarme. Les alarmes sont transmises sans fil \u00e0 une alarme personnelle Careium et transf\u00e9r\u00e9es au centre de t\u00e9l\u00e9assistance.<\/p>\n","protected":false},"author":1,"featured_media":1389,"template":"","meta":{"_acf_changed":false},"product_brand":[],"product_cat":[17],"product_tag":[28],"class_list":{"0":"post-537","1":"product","2":"type-product","3":"status-publish","4":"has-post-thumbnail","6":"product_cat-accessory","7":"product_tag-declencheur-au-souffle","9":"first","10":"instock","11":"shipping-taxable","12":"purchasable","13":"product-type-simple"},"acf":[],"_links":{"self":[{"href":"https:\/\/www.careium.com\/fr\/wp-json\/wp\/v2\/product\/537","targetHints":{"allow":["GET"]}}],"collection":[{"href":"https:\/\/www.careium.com\/fr\/wp-json\/wp\/v2\/product"}],"about":[{"href":"https:\/\/www.careium.com\/fr\/wp-json\/wp\/v2\/types\/product"}],"author":[{"embeddable":true,"href":"https:\/\/www.careium.com\/fr\/wp-json\/wp\/v2\/users\/1"}],"wp:featuredmedia":[{"embeddable":true,"href":"https:\/\/www.careium.com\/fr\/wp-json\/wp\/v2\/media\/1389"}],"wp:attachment":[{"href":"https:\/\/www.careium.com\/fr\/wp-json\/wp\/v2\/media?parent=537"}],"wp:term":[{"taxonomy":"product_brand","embeddable":true,"href":"https:\/\/www.careium.com\/fr\/wp-json\/wp\/v2\/product_brand?post=537"},{"taxonomy":"product_cat","embeddable":true,"href":"https:\/\/www.careium.com\/fr\/wp-json\/wp\/v2\/product_cat?post=537"},{"taxonomy":"product_tag","embeddable":true,"href":"https:\/\/www.careium.com\/fr\/wp-json\/wp\/v2\/product_tag?post=537"}],"curies":[{"name":"wp","href":"https:\/\/api.w.org\/{rel}","templated":true}]}}