{"id":541,"date":"2025-05-04T12:06:58","date_gmt":"2025-05-04T12:06:58","guid":{"rendered":"https:\/\/www.careium.com\/fr\/?post_type=product&#038;p=541"},"modified":"2025-09-24T13:11:17","modified_gmt":"2025-09-24T11:11:17","slug":"dispositif-ping-pong","status":"publish","type":"product","link":"https:\/\/www.careium.com\/fr\/solutions-de-teleassistance\/teletransmetteur\/dispositif-ping-pong\/","title":{"rendered":"Dispositif Ping-Pong"},"content":{"rendered":"","protected":false},"excerpt":{"rendered":"<p>Le dispositif Ping-Pong est plac\u00e9 \u00e0 proximit\u00e9 de l&rsquo;utilisateur de sorte qu&rsquo;il puisse activer facilement une alarme en le touchant, p. ex. avec la t\u00eate ou toute autre partie du corps. Les alarmes sont transmises sans fil \u00e0 un transmetteur Careium et transf\u00e9r\u00e9es au centre de t\u00e9l\u00e9assistance.<\/p>\n","protected":false},"author":1,"featured_media":1633,"template":"","meta":{"_acf_changed":false},"product_brand":[],"product_cat":[17],"product_tag":[],"class_list":{"0":"post-541","1":"product","2":"type-product","3":"status-publish","4":"has-post-thumbnail","6":"product_cat-accessory","8":"first","9":"instock","10":"shipping-taxable","11":"purchasable","12":"product-type-simple"},"acf":[],"_links":{"self":[{"href":"https:\/\/www.careium.com\/fr\/wp-json\/wp\/v2\/product\/541","targetHints":{"allow":["GET"]}}],"collection":[{"href":"https:\/\/www.careium.com\/fr\/wp-json\/wp\/v2\/product"}],"about":[{"href":"https:\/\/www.careium.com\/fr\/wp-json\/wp\/v2\/types\/product"}],"author":[{"embeddable":true,"href":"https:\/\/www.careium.com\/fr\/wp-json\/wp\/v2\/users\/1"}],"wp:featuredmedia":[{"embeddable":true,"href":"https:\/\/www.careium.com\/fr\/wp-json\/wp\/v2\/media\/1633"}],"wp:attachment":[{"href":"https:\/\/www.careium.com\/fr\/wp-json\/wp\/v2\/media?parent=541"}],"wp:term":[{"taxonomy":"product_brand","embeddable":true,"href":"https:\/\/www.careium.com\/fr\/wp-json\/wp\/v2\/product_brand?post=541"},{"taxonomy":"product_cat","embeddable":true,"href":"https:\/\/www.careium.com\/fr\/wp-json\/wp\/v2\/product_cat?post=541"},{"taxonomy":"product_tag","embeddable":true,"href":"https:\/\/www.careium.com\/fr\/wp-json\/wp\/v2\/product_tag?post=541"}],"curies":[{"name":"wp","href":"https:\/\/api.w.org\/{rel}","templated":true}]}}