{"id":544,"date":"2025-05-04T13:03:48","date_gmt":"2025-05-04T13:03:48","guid":{"rendered":"https:\/\/www.careium.com\/fr\/?post_type=product&#038;p=544"},"modified":"2026-03-09T15:19:24","modified_gmt":"2026-03-09T14:19:24","slug":"cordon-dalarme-a-tirer","status":"publish","type":"product","link":"https:\/\/www.careium.com\/fr\/solutions-de-teleassistance\/teletransmetteur\/cordon-dalarme-a-tirer\/","title":{"rendered":"Cordon d&rsquo;alarme \u00e0 tirer"},"content":{"rendered":"<p>Robuste, avec un ruban adh\u00e9sif double face pour une installation facile. L&rsquo;appareil est test\u00e9 et conforme \u00e0 toutes les normes en vigueur, y compris le marquage CE.<\/p>\n","protected":false},"excerpt":{"rendered":"<p>Le cordon d&rsquo;alarme \u00e0 tirer, install\u00e9 au plafond, offre aux utilisateurs un moyen fixe et pratique de demander de l&rsquo;aide en cas d&rsquo;urgence. Il peut \u00eatre plac\u00e9 strat\u00e9giquement dans diff\u00e9rents endroits du domicile, p. ex. dans la salle de bain ou \u00e0 proximit\u00e9 du lit. Les alarmes sont transmises sans fil \u00e0 un t\u00e9l\u00e9transmetteur Careium puis transf\u00e9r\u00e9es au centre de t\u00e9l\u00e9assistance.<\/p>\n","protected":false},"author":1,"featured_media":1637,"template":"","meta":{"_acf_changed":false},"product_brand":[],"product_cat":[17],"product_tag":[],"class_list":{"0":"post-544","1":"product","2":"type-product","3":"status-publish","4":"has-post-thumbnail","6":"product_cat-accessory","8":"first","9":"instock","10":"shipping-taxable","11":"purchasable","12":"product-type-simple"},"acf":[],"_links":{"self":[{"href":"https:\/\/www.careium.com\/fr\/wp-json\/wp\/v2\/product\/544","targetHints":{"allow":["GET"]}}],"collection":[{"href":"https:\/\/www.careium.com\/fr\/wp-json\/wp\/v2\/product"}],"about":[{"href":"https:\/\/www.careium.com\/fr\/wp-json\/wp\/v2\/types\/product"}],"author":[{"embeddable":true,"href":"https:\/\/www.careium.com\/fr\/wp-json\/wp\/v2\/users\/1"}],"wp:featuredmedia":[{"embeddable":true,"href":"https:\/\/www.careium.com\/fr\/wp-json\/wp\/v2\/media\/1637"}],"wp:attachment":[{"href":"https:\/\/www.careium.com\/fr\/wp-json\/wp\/v2\/media?parent=544"}],"wp:term":[{"taxonomy":"product_brand","embeddable":true,"href":"https:\/\/www.careium.com\/fr\/wp-json\/wp\/v2\/product_brand?post=544"},{"taxonomy":"product_cat","embeddable":true,"href":"https:\/\/www.careium.com\/fr\/wp-json\/wp\/v2\/product_cat?post=544"},{"taxonomy":"product_tag","embeddable":true,"href":"https:\/\/www.careium.com\/fr\/wp-json\/wp\/v2\/product_tag?post=544"}],"curies":[{"name":"wp","href":"https:\/\/api.w.org\/{rel}","templated":true}]}}