{"id":559,"date":"2025-05-05T09:18:19","date_gmt":"2025-05-05T09:18:19","guid":{"rendered":"https:\/\/www.careium.com\/fr\/?post_type=product&#038;p=559"},"modified":"2026-02-10T08:21:29","modified_gmt":"2026-02-10T07:21:29","slug":"tapis-dalarme","status":"publish","type":"product","link":"https:\/\/www.careium.com\/fr\/solutions-de-teleassistance\/teletransmetteur\/tapis-dalarme\/","title":{"rendered":"Tapis alarme"},"content":{"rendered":"<h2>Comment \u00e7a fonctionne?<\/h2>\n<p>Lorsque la personne marche sur le tapis d&rsquo;alarme, le capteur est activ\u00e9 et une alarme est envoy\u00e9e au centre de t\u00e9l\u00e9assistance via l&rsquo;unit\u00e9 d&rsquo;alarme personnelle. Des param\u00e8tres de temps peuvent \u00eatre programm\u00e9s de sorte que le dispositif fonctionne uniquement \u00e0 certains moments de la journ\u00e9e, par exemple entre 21 h et 6 h. Le poids minimum d&rsquo;activation est 27 kg.<\/p>\n<h2>Quels sont les avantages?<\/h2>\n<p>Le tapis permet de d\u00e9tecter et d&rsquo;alerter simplement et efficacement si une personne quitte sa chambre ou son domicile.<\/p>\n","protected":false},"excerpt":{"rendered":"<p>Semblable \u00e0 un tapis de sol standard, le tapis d&rsquo;alarme est un dispositif simple et efficace permettant d&rsquo;envoyer une alarme lorsqu&rsquo;une personne quitte sa chambre ou son domicile. L&rsquo;ensemble complet est compos\u00e9 d&rsquo;un tapis de sol d\u00e9coratif, d&rsquo;un dispositif radio mBox 9200 et d&rsquo;une plaque de montage. Lorsque la personne marche sur le tapis, le capteur est activ\u00e9 et une alarme est envoy\u00e9e au centre de t\u00e9l\u00e9assistance via l&rsquo;unit\u00e9 d&rsquo;alarme personnelle. Les articles rempla\u00e7ables peuvent \u00eatre command\u00e9s s\u00e9par\u00e9ment.<\/p>\n","protected":false},"author":1,"featured_media":1598,"template":"","meta":{"_acf_changed":false},"product_brand":[],"product_cat":[17],"product_tag":[],"class_list":{"0":"post-559","1":"product","2":"type-product","3":"status-publish","4":"has-post-thumbnail","6":"product_cat-accessory","8":"first","9":"instock","10":"shipping-taxable","11":"purchasable","12":"product-type-simple"},"acf":[],"_links":{"self":[{"href":"https:\/\/www.careium.com\/fr\/wp-json\/wp\/v2\/product\/559","targetHints":{"allow":["GET"]}}],"collection":[{"href":"https:\/\/www.careium.com\/fr\/wp-json\/wp\/v2\/product"}],"about":[{"href":"https:\/\/www.careium.com\/fr\/wp-json\/wp\/v2\/types\/product"}],"author":[{"embeddable":true,"href":"https:\/\/www.careium.com\/fr\/wp-json\/wp\/v2\/users\/1"}],"wp:featuredmedia":[{"embeddable":true,"href":"https:\/\/www.careium.com\/fr\/wp-json\/wp\/v2\/media\/1598"}],"wp:attachment":[{"href":"https:\/\/www.careium.com\/fr\/wp-json\/wp\/v2\/media?parent=559"}],"wp:term":[{"taxonomy":"product_brand","embeddable":true,"href":"https:\/\/www.careium.com\/fr\/wp-json\/wp\/v2\/product_brand?post=559"},{"taxonomy":"product_cat","embeddable":true,"href":"https:\/\/www.careium.com\/fr\/wp-json\/wp\/v2\/product_cat?post=559"},{"taxonomy":"product_tag","embeddable":true,"href":"https:\/\/www.careium.com\/fr\/wp-json\/wp\/v2\/product_tag?post=559"}],"curies":[{"name":"wp","href":"https:\/\/api.w.org\/{rel}","templated":true}]}}