{"id":562,"date":"2025-05-05T09:27:29","date_gmt":"2025-05-05T09:27:29","guid":{"rendered":"https:\/\/www.careium.com\/fr\/?post_type=product&#038;p=562"},"modified":"2025-09-24T13:10:45","modified_gmt":"2025-09-24T11:10:45","slug":"alarme-de-lit","status":"publish","type":"product","link":"https:\/\/www.careium.com\/fr\/solutions-de-teleassistance\/teletransmetteur\/alarme-de-lit\/","title":{"rendered":"Alarme de lit, compl\u00e8te"},"content":{"rendered":"<h2>Comment \u00e7a fonctionne?<\/h2>\n<p>Le d\u00e9tecteur de pr\u00e9sence au lit est compos\u00e9 d&rsquo;un coussin de pression de lit plac\u00e9 sous le matelas. Si l&rsquo;utilisateur sort de son lit et n&rsquo;y retourne pas dans un d\u00e9lai pr\u00e9d\u00e9fini, une alarme est envoy\u00e9e au centre de t\u00e9l\u00e9assistance via l&rsquo;unit\u00e9 d&rsquo;alarme personnelle. Des alertes peuvent \u00e9galement \u00eatre envoy\u00e9es si l&rsquo;utilisateur ne va pas se coucher \u00e0 une heure sp\u00e9cifique dans la soir\u00e9e ou s&rsquo;il ne se l\u00e8ve pas \u00e0 une certaine heure le matin.<\/p>\n<h2>Quels sont les avantages?<\/h2>\n<p>Le d\u00e9tecteur de pr\u00e9sence au lit est sp\u00e9cialement con\u00e7u pour contr\u00f4ler la s\u00e9curit\u00e9 d&rsquo;une personne \u00e0 tout moment du jour ou de la nuit. Il r\u00e9duit les risques pour un individu en envoyant une alerte qui permet \u00e0 des op\u00e9rateurs form\u00e9s de prendre la mesure qui convient le mieux. La solution peut \u00eatre personnalis\u00e9e pour s&rsquo;adapter aux activit\u00e9s quotidiennes sp\u00e9cifiques de l&rsquo;individu.<\/p>\n","protected":false},"excerpt":{"rendered":"<p>L&rsquo;alarme de lit est un dispositif simple et efficace qui \u00e9met rapidement un avertissement lorsqu&rsquo;une personne n&rsquo;est pas retourn\u00e9e dans son lit au moment pr\u00e9vu. L&rsquo;ensemble complet est compos\u00e9 d&rsquo;un d\u00e9tecteur de pr\u00e9sence au lit flexible, d&rsquo;une protection en tissu, d&rsquo;un dispositif radio mBox 9200 et d&rsquo;une plaque de montage. Le capteur de pression \u00e9tanche et facile \u00e0 nettoyer est utilis\u00e9 au-dessus du matelas et g\u00e9n\u00e9ralement sous le drap-housse. Les articles rempla\u00e7ables peuvent \u00eatre command\u00e9s s\u00e9par\u00e9ment.<\/p>\n","protected":false},"author":1,"featured_media":1384,"template":"","meta":{"_acf_changed":false},"product_brand":[],"product_cat":[17],"product_tag":[30],"class_list":{"0":"post-562","1":"product","2":"type-product","3":"status-publish","4":"has-post-thumbnail","6":"product_cat-accessory","7":"product_tag-alarme-de-lit","9":"first","10":"instock","11":"shipping-taxable","12":"purchasable","13":"product-type-simple"},"acf":[],"_links":{"self":[{"href":"https:\/\/www.careium.com\/fr\/wp-json\/wp\/v2\/product\/562","targetHints":{"allow":["GET"]}}],"collection":[{"href":"https:\/\/www.careium.com\/fr\/wp-json\/wp\/v2\/product"}],"about":[{"href":"https:\/\/www.careium.com\/fr\/wp-json\/wp\/v2\/types\/product"}],"author":[{"embeddable":true,"href":"https:\/\/www.careium.com\/fr\/wp-json\/wp\/v2\/users\/1"}],"wp:featuredmedia":[{"embeddable":true,"href":"https:\/\/www.careium.com\/fr\/wp-json\/wp\/v2\/media\/1384"}],"wp:attachment":[{"href":"https:\/\/www.careium.com\/fr\/wp-json\/wp\/v2\/media?parent=562"}],"wp:term":[{"taxonomy":"product_brand","embeddable":true,"href":"https:\/\/www.careium.com\/fr\/wp-json\/wp\/v2\/product_brand?post=562"},{"taxonomy":"product_cat","embeddable":true,"href":"https:\/\/www.careium.com\/fr\/wp-json\/wp\/v2\/product_cat?post=562"},{"taxonomy":"product_tag","embeddable":true,"href":"https:\/\/www.careium.com\/fr\/wp-json\/wp\/v2\/product_tag?post=562"}],"curies":[{"name":"wp","href":"https:\/\/api.w.org\/{rel}","templated":true}]}}