{"id":566,"date":"2025-05-05T12:12:13","date_gmt":"2025-05-05T12:12:13","guid":{"rendered":"https:\/\/www.careium.com\/fr\/?post_type=product&#038;p=566"},"modified":"2025-09-24T13:10:23","modified_gmt":"2025-09-24T11:10:23","slug":"capteur-denuresie","status":"publish","type":"product","link":"https:\/\/www.careium.com\/fr\/solutions-de-teleassistance\/teletransmetteur\/capteur-denuresie\/","title":{"rendered":"Capteur d\u2019Enur\u00e9sie"},"content":{"rendered":"<h2>Comment \u00e7a fonctionne?<\/h2>\n<p>Le capteur d&rsquo;\u00e9nur\u00e9sie est un tampon sensible \u00e0 l&rsquo;humidit\u00e9 qui est plac\u00e9 entre le matelas et le drap et connect\u00e9 \u00e0 un transmetteur via le module radio mBox 9200. Lorsque l&rsquo;humidit\u00e9 est d\u00e9tect\u00e9e, une alarme est envoy\u00e9e au plateau d\u2019assistance ou \u00e0 un soignant afin que les mesures n\u00e9cessaires soient prises. Le capteur d&rsquo;\u00e9nur\u00e9sie est r\u00e9utilisable et fonctionne avec tous les transmetteurs Careium.<\/p>\n<h2>Quels sont les avantages?<\/h2>\n<p>L&rsquo;incontinence est plus fr\u00e9quente chez les personnes \u00e2g\u00e9es, en particulier chez les femmes. Les probl\u00e8mes de contr\u00f4le de la vessie peuvent \u00eatre tr\u00e8s embarrassants et causer de la d\u00e9tresse \u00e0 la personne concern\u00e9e. Le capteur d&rsquo;\u00e9nur\u00e9sie est con\u00e7u pour r\u00e9duire le besoin de contr\u00f4les physiques intrusifs et indignes, favorisant ainsi la dignit\u00e9 et l&rsquo;ind\u00e9pendance de tous les utilisateurs.<\/p>\n","protected":false},"excerpt":{"rendered":"<p>Le capteur Enuresis est con\u00e7u pour d\u00e9tecter l&rsquo;exc\u00e8s d&rsquo;humidit\u00e9. Le tapis de d\u00e9tection durable et nettoyable est plac\u00e9 dans le lit et connect\u00e9 \u00e0 un transmetteur par l&rsquo;interm\u00e9diaire d&rsquo;une mBox 9200. Lorsque de l&rsquo;humidit\u00e9 ou du liquide est d\u00e9tect\u00e9, une alarme est envoy\u00e9e au centre de t\u00e9l\u00e9assistance ou \u00e0 un soignant. Le capteur d&rsquo;\u00e9nur\u00e9sie convient aux adultes et aux enfants.<\/p>\n","protected":false},"author":1,"featured_media":1545,"template":"","meta":{"_acf_changed":false},"product_brand":[],"product_cat":[17],"product_tag":[],"class_list":{"0":"post-566","1":"product","2":"type-product","3":"status-publish","4":"has-post-thumbnail","6":"product_cat-accessory","8":"first","9":"instock","10":"shipping-taxable","11":"purchasable","12":"product-type-simple"},"acf":[],"_links":{"self":[{"href":"https:\/\/www.careium.com\/fr\/wp-json\/wp\/v2\/product\/566","targetHints":{"allow":["GET"]}}],"collection":[{"href":"https:\/\/www.careium.com\/fr\/wp-json\/wp\/v2\/product"}],"about":[{"href":"https:\/\/www.careium.com\/fr\/wp-json\/wp\/v2\/types\/product"}],"author":[{"embeddable":true,"href":"https:\/\/www.careium.com\/fr\/wp-json\/wp\/v2\/users\/1"}],"wp:featuredmedia":[{"embeddable":true,"href":"https:\/\/www.careium.com\/fr\/wp-json\/wp\/v2\/media\/1545"}],"wp:attachment":[{"href":"https:\/\/www.careium.com\/fr\/wp-json\/wp\/v2\/media?parent=566"}],"wp:term":[{"taxonomy":"product_brand","embeddable":true,"href":"https:\/\/www.careium.com\/fr\/wp-json\/wp\/v2\/product_brand?post=566"},{"taxonomy":"product_cat","embeddable":true,"href":"https:\/\/www.careium.com\/fr\/wp-json\/wp\/v2\/product_cat?post=566"},{"taxonomy":"product_tag","embeddable":true,"href":"https:\/\/www.careium.com\/fr\/wp-json\/wp\/v2\/product_tag?post=566"}],"curies":[{"name":"wp","href":"https:\/\/api.w.org\/{rel}","templated":true}]}}