{"id":620,"date":"2025-05-12T10:00:26","date_gmt":"2025-05-12T10:00:26","guid":{"rendered":"https:\/\/www.careium.com\/fr\/?post_type=product&#038;p=620"},"modified":"2025-09-24T13:10:10","modified_gmt":"2025-09-24T11:10:10","slug":"declencheur-piko","status":"publish","type":"product","link":"https:\/\/www.careium.com\/fr\/solutions-de-teleassistance\/teletransmetteur\/declencheur-piko\/","title":{"rendered":"Le Piko"},"content":{"rendered":"<p>Le Piko est un d\u00e9clencheur destin\u00e9 aux utilisateurs handicap\u00e9s et\/ou ayant des besoins particuliers. Il est con\u00e7u pour \u00eatre<br \/>\ntr\u00e8s r\u00e9sistant tout en restant facile \u00e0 utiliser. \u00a0La force d&rsquo;activation des boutons est tr\u00e8s faible, seulement 125 grammes (moyenne). La m\u00eame force d&rsquo;activation peut \u00eatre utilis\u00e9e sur le bord<br \/>\nde l&rsquo;interrupteur. Le Piko mesure 50 mm avec l&rsquo;interrupteur rouge et est \u00e9quip\u00e9 de vis M4 pour la fixation sur des fauteuils roulants ou d&rsquo;autres technologies d&rsquo;assistance. L&rsquo;appareil a \u00e9t\u00e9 test\u00e9 et est conforme \u00e0 toutes les normes applicables, y compris la norme CE.<\/p>\n","protected":false},"excerpt":{"rendered":"<p>Le bouton externe Piko est un declencheur de commande \u00e0 la fois tr\u00e8s durable et facile \u00e0 utiliser pour les personnes souffrant de handicaps ou ayant des besoins sp\u00e9ciaux. Pour une connexion sans fil \u00e0 un transmetteur Careium, un module radio 9350 est requis.<\/p>\n","protected":false},"author":4,"featured_media":1623,"template":"","meta":{"_acf_changed":false},"product_brand":[],"product_cat":[17],"product_tag":[],"class_list":{"0":"post-620","1":"product","2":"type-product","3":"status-publish","4":"has-post-thumbnail","6":"product_cat-accessory","8":"first","9":"instock","10":"shipping-taxable","11":"purchasable","12":"product-type-simple"},"acf":[],"_links":{"self":[{"href":"https:\/\/www.careium.com\/fr\/wp-json\/wp\/v2\/product\/620","targetHints":{"allow":["GET"]}}],"collection":[{"href":"https:\/\/www.careium.com\/fr\/wp-json\/wp\/v2\/product"}],"about":[{"href":"https:\/\/www.careium.com\/fr\/wp-json\/wp\/v2\/types\/product"}],"author":[{"embeddable":true,"href":"https:\/\/www.careium.com\/fr\/wp-json\/wp\/v2\/users\/4"}],"wp:featuredmedia":[{"embeddable":true,"href":"https:\/\/www.careium.com\/fr\/wp-json\/wp\/v2\/media\/1623"}],"wp:attachment":[{"href":"https:\/\/www.careium.com\/fr\/wp-json\/wp\/v2\/media?parent=620"}],"wp:term":[{"taxonomy":"product_brand","embeddable":true,"href":"https:\/\/www.careium.com\/fr\/wp-json\/wp\/v2\/product_brand?post=620"},{"taxonomy":"product_cat","embeddable":true,"href":"https:\/\/www.careium.com\/fr\/wp-json\/wp\/v2\/product_cat?post=620"},{"taxonomy":"product_tag","embeddable":true,"href":"https:\/\/www.careium.com\/fr\/wp-json\/wp\/v2\/product_tag?post=620"}],"curies":[{"name":"wp","href":"https:\/\/api.w.org\/{rel}","templated":true}]}}