{"id":5121,"date":"2026-04-22T14:26:42","date_gmt":"2026-04-22T12:26:42","guid":{"rendered":"https:\/\/www.careium.com\/nl\/?page_id=5121"},"modified":"2026-04-23T10:16:15","modified_gmt":"2026-04-23T08:16:15","slug":"ondersteuning","status":"publish","type":"page","link":"https:\/\/www.careium.com\/nl\/ondersteuning\/","title":{"rendered":"Technische ondersteuning"},"content":{"rendered":"<div class=\"wp-block-breadcrumbs\" style=\"\">\n    <div class=\"breadcrumbs  max-xl:lg:mt-4\">\n    <nav aria-label=\"breadcrumbs\">\n        <ul class=\"!ml-0 mb-4 mt-2 flex items-center gap-1 pl-0\">\n                            <li class=\"text-primary-100 my-0 flex list-none items-center pl-0 text-xs md:text-sm\">\n                    <a class=\"link link--breadcrumb\" href=\"https:\/\/www.careium.com\/nl\/\">Home<\/a>\n                                    <\/li>\n                    <\/ul>\n    <\/nav>\n<\/div>\n<\/div>\n\n\n\n<div style=\"height:50px\" aria-hidden=\"true\" class=\"wp-block-spacer is-style-medium\"><\/div>\n\n\n\n<h1 class=\"wp-block-heading has-text-align-center has-primary-color has-text-color has-link-color wp-elements-f88c61e6194ece56bbc8852238b499a1\">Hoe kunnen we u helpen?<\/h1>\n\n\n\n<div style=\"height:30px\" aria-hidden=\"true\" class=\"wp-block-spacer is-style-small\"><\/div>\n\n\n<div class=\"wp-block-manual-search has-background has-neutral-pure-background-color\" style=\"\">\n    <h2 class=\"wp-block-manual-search__heading\">Onze handleidingen<\/h2>\n    <p class=\"wp-block-manual-search__text\">Zoek handleidingen via het onderstaande veld<\/p>\n\n    <form class=\"wp-block-manual-search__form manual-search-form\">\n        <div class=\"wp-block-manual-search__form-wrapper\">\n            <div class=\"relative\">\n    <input class=\"wp-block-manual-search__input\" type=\"search\" name=\"manual-search\"\n                    placeholder=\"Zoeken op modelnaam\"\n                    aria-label=\"Handleidingen zoeken\">\n    <button class=\"clear-search\" type=\"button\"><i class=\"fa-regular fa-times\"><\/i><\/button>\n<\/div>\n            <button type=\"submit\" class=\"button button--primary wp-block-manual-search__button\"\n                data-lang=\"nl_NL\"><i class=\"fa-solid fa-magnifying-glass\"><\/i>\n                Zoek op<\/button>\n        <\/div>\n\n        <div class=\"wp-block-manual-search__head hidden\">\n            <div class=\"wp-block-manual-search__head-wrapper\">\n                <span class=\"wp-block-manual-search__column-name\">Bestandsnaam<\/span>\n                <span class=\"wp-block-manual-search__column-name\">Link<\/span>\n            <\/div>\n        <\/div>\n        <div class=\"wp-block-manual-search__hits\"><\/div>\n    <\/form>\n<\/div>\n\n\n\n<div style=\"height:60px\" aria-hidden=\"true\" class=\"wp-block-spacer\"><\/div>\n\n\n\n\n\n<div style=\"height:60px\" aria-hidden=\"true\" class=\"wp-block-spacer\"><\/div>\n\n\n<div class=\"wp-block-cards is-odd\"\n    style=\"\" data-columns=\"3\">\n    \n<div class=\"wp-block-card has-neutral-pure-background-color has-solid-color \"\n    style=\"\">\n        <div class=\"wp-block-card__top\">\n                    <\/div>\n    <div class=\"wp-block-card__textarea\">\n                    <h2 class=\"wp-block-card__heading\">Technische ondersteuning Careium<\/h2>\n                            <p class=\"wp-block-card__text\">Zorginstellingen en andere business-to-business klanten kunnen zich met vragen over producten richten tot:<br \/>\r\n<br \/>\r\nTelefoon: 088 027 4040<br \/>\r\nsupport-td@csiservice.nl<\/p>\n        \n            <\/div>\n    <\/div>\n\n\n<div class=\"wp-block-card has-neutral-pure-background-color has-solid-color \"\n    style=\"\">\n        <div class=\"wp-block-card__top\">\n                    <\/div>\n    <div class=\"wp-block-card__textarea\">\n                    <h2 class=\"wp-block-card__heading\">Belgi\u00eb: Abby gebruikers<\/h2>\n                            <p class=\"wp-block-card__text\">Bent u een individuele gebruiker van het Abby persoonsalarm? Dan kunt u zich met vragen en opmerkingen richten tot:<br \/>\r\n<br \/>\r\ninfo@gerustzorgcentrale.be<\/p>\n        \n            <\/div>\n    <\/div>\n\n\n<div class=\"wp-block-card has-neutral-pure-background-color has-solid-color \"\n    style=\"\">\n        <div class=\"wp-block-card__top\">\n                    <\/div>\n    <div class=\"wp-block-card__textarea\">\n                    <h2 class=\"wp-block-card__heading\">Het Careium-portaal<\/h2>\n                            <p class=\"wp-block-card__text\">Beheer al uw producten en diensten, inclusief i-care\u00ae online, op \u00e9\u00e9n plek. Onze systemen zijn zo ontworpen dat u effici\u00ebnter kunt werken.<\/p>\n        \n                    <div class=\"wp-block-card__button-wrapper\">\n                <a href=\"https:\/\/portal.careium.com\/\" target=\"_blank\" class=\"wp-block-card__button link link--arrow \" rel=\"noopener\">\n                    Naar het Careium portaal\n                <\/a>\n            <\/div>\n            <\/div>\n    <\/div>\n\n\n<\/div>\n\n\n\n<div style=\"height:70px\" aria-hidden=\"true\" class=\"wp-block-spacer is-style-large\"><\/div>\n","protected":false},"excerpt":{"rendered":"<p>Hoe kunnen we u helpen?<\/p>\n","protected":false},"author":6,"featured_media":0,"parent":0,"menu_order":0,"comment_status":"closed","ping_status":"closed","template":"","meta":{"_acf_changed":false,"footnotes":""},"class_list":["post-5121","page","type-page","status-publish","hentry"],"acf":[],"_links":{"self":[{"href":"https:\/\/www.careium.com\/nl\/wp-json\/wp\/v2\/pages\/5121","targetHints":{"allow":["GET"]}}],"collection":[{"href":"https:\/\/www.careium.com\/nl\/wp-json\/wp\/v2\/pages"}],"about":[{"href":"https:\/\/www.careium.com\/nl\/wp-json\/wp\/v2\/types\/page"}],"author":[{"embeddable":true,"href":"https:\/\/www.careium.com\/nl\/wp-json\/wp\/v2\/users\/6"}],"replies":[{"embeddable":true,"href":"https:\/\/www.careium.com\/nl\/wp-json\/wp\/v2\/comments?post=5121"}],"version-history":[{"count":5,"href":"https:\/\/www.careium.com\/nl\/wp-json\/wp\/v2\/pages\/5121\/revisions"}],"predecessor-version":[{"id":5142,"href":"https:\/\/www.careium.com\/nl\/wp-json\/wp\/v2\/pages\/5121\/revisions\/5142"}],"wp:attachment":[{"href":"https:\/\/www.careium.com\/nl\/wp-json\/wp\/v2\/media?parent=5121"}],"curies":[{"name":"wp","href":"https:\/\/api.w.org\/{rel}","templated":true}]}}