{"id":1981,"date":"2025-05-29T10:12:56","date_gmt":"2025-05-29T10:12:56","guid":{"rendered":"https:\/\/www.careium.com\/no\/?page_id=1981"},"modified":"2026-03-27T17:04:42","modified_gmt":"2026-03-27T16:04:42","slug":"eco-information","status":"publish","type":"page","link":"https:\/\/www.careium.com\/no\/om-oss\/baerekraft\/eco-information\/","title":{"rendered":"\u00d8koinformasjon"},"content":{"rendered":"\n<h1 class=\"wp-block-heading\">Resirkulering og milj\u00f8egenskaper<\/h1>\n\n\n\n<p class=\"has-text-align-left\"><strong>Trenger du veiledning om resirkulering eller data om milj\u00f8egenskaper?<\/strong><\/p>\n\n\n\n<h3 class=\"wp-block-heading\">Milj\u00f8informasjon<\/h3>\n\n\n\n<p>V\u00e5rt rammeverk for b\u00e6rekraft er basert p\u00e5 \u00e5 hjelpe eldre mennesker \u00e5 leve et bedre liv.<br>Vi bidrar til at eldre som trenger st\u00f8tte og assistanse, kan leve et mer selvstendig, tryggere og bedre liv gjennom \u00e5 bruke teknologien v\u00e5r p\u00e5 en b\u00e6rekraftig m\u00e5te. Vi tilbyr kundene v\u00e5re de verkt\u00f8yene de trenger for \u00e5 kunne bruke teknologien og ressursene effektivt.<\/p>\n\n\n\n<p>Careium er sertifisert i henhold til de internasjonale standardene for kvalitet (ISO 9001), milj\u00f8 (ISO 14001) og informasjonssikkerhet (ISO 27001). Vi st\u00f8tter ogs\u00e5 Agenda 2030 og FNs 17 globale m\u00e5l for b\u00e6rekraftig utvikling.<\/p>\n\n\n\n<h3 class=\"wp-block-heading\">M\u00e5l 12: B\u00e6rekraftig forbruk og produksjon<\/h3>\n\n\n\n<p>V\u00e5rt m\u00e5l er \u00e5 bruke materialer med god milj\u00f8ytelse i produktene og produksjonen v\u00e5r, gjennom hele livssyklusen fra r\u00e5materiale til resirkulering. Vi fokuserer p\u00e5 sirkul\u00e6r produktbruk, med vekt p\u00e5 gjenbruk og resirkulering. I tillegg prioriterer vi produkter som er enkle \u00e5 reparere og har utskiftbare deler.<\/p>\n\n\n\n<p>Velg en kategori nedenfor for mer informasjon om produktene v\u00e5re og veiledning om hvordan du kan bidra til b\u00e6rekraft og milj\u00f8vern.<br><\/p>\n\n\n<div class=\"wp-block-text-cards \"\n    style=\"\" data-columns=\"\">\n    \n<div class=\"wp-block-text-card\" style=\"\">\n    <h3>\u00d8kodesign<\/h3>\n<p>Informasjon om \u00f8kodesigndataene<\/p>\n\n            <a class=\"wp-block-text-card__link link link--arrow \"\n            href=\"https:\/\/www.careium.com\/no\/om-oss\/baerekraft\/eco-information\/ecodesign\/\" target=\"_self\">\u00d8kodesign-erkl\u00e6ring<\/a>\n    <\/div>\n\n\n<div class=\"wp-block-text-card\" style=\"\">\n    <h3>Emballasje<\/h3>\n<p>H\u00e5ndtering av emballasjeavfall<\/p>\n\n            <a class=\"wp-block-text-card__link link link--arrow \"\n            href=\"https:\/\/www.careium.com\/no\/om-oss\/baerekraft\/eco-information\/packaging\/\" target=\"_self\">Sortering av emballasjematerialer<\/a>\n    <\/div>\n\n\n<div class=\"wp-block-text-card\" style=\"\">\n    <h3>Batterier<\/h3>\n<p>Utskifting og b\u00e6rekraftig kassering av v\u00e5re batterier<\/p>\n\n            <a class=\"wp-block-text-card__link link link--arrow \"\n            href=\"https:\/\/www.careium.com\/no\/om-oss\/baerekraft\/eco-information\/batteries\/\" target=\"_self\">Batterigjenvinning<\/a>\n    <\/div>\n\n\n<div class=\"wp-block-text-card\" style=\"\">\n    <h3>Elektronikk<\/h3>\n<p><span style=\"font-weight: 400\">H\u00e5ndtering og forebygging av elektronisk avfall<\/span><\/p>\n\n            <a class=\"wp-block-text-card__link link link--arrow \"\n            href=\"https:\/\/www.careium.com\/no\/om-oss\/baerekraft\/eco-information\/electronics\/\" target=\"_self\">H\u00e5ndtering av elektronisk avfall<\/a>\n    <\/div>\n\n\n<\/div>\n\n\n\n<div style=\"height:50px\" aria-hidden=\"true\" class=\"wp-block-spacer\"><\/div>\n","protected":false},"excerpt":{"rendered":"<p>Resirkulering og milj\u00f8egenskaper Trenger du veiledning om resirkulering eller data om milj\u00f8egenskaper? Milj\u00f8informasjon V\u00e5rt rammeverk for b\u00e6rekraft er basert p\u00e5 \u00e5 hjelpe eldre mennesker \u00e5 leve et bedre liv.Vi bidrar til at eldre som trenger st\u00f8tte og assistanse, kan leve et mer selvstendig, tryggere og bedre liv gjennom \u00e5 bruke teknologien v\u00e5r p\u00e5 en b\u00e6rekraftig&#8230;<\/p>\n","protected":false},"author":5,"featured_media":0,"parent":400,"menu_order":0,"comment_status":"closed","ping_status":"closed","template":"template-text-page.blade.php","meta":{"_acf_changed":false,"footnotes":""},"class_list":["post-1981","page","type-page","status-publish","hentry"],"acf":[],"_links":{"self":[{"href":"https:\/\/www.careium.com\/no\/wp-json\/wp\/v2\/pages\/1981","targetHints":{"allow":["GET"]}}],"collection":[{"href":"https:\/\/www.careium.com\/no\/wp-json\/wp\/v2\/pages"}],"about":[{"href":"https:\/\/www.careium.com\/no\/wp-json\/wp\/v2\/types\/page"}],"author":[{"embeddable":true,"href":"https:\/\/www.careium.com\/no\/wp-json\/wp\/v2\/users\/5"}],"replies":[{"embeddable":true,"href":"https:\/\/www.careium.com\/no\/wp-json\/wp\/v2\/comments?post=1981"}],"version-history":[{"count":5,"href":"https:\/\/www.careium.com\/no\/wp-json\/wp\/v2\/pages\/1981\/revisions"}],"predecessor-version":[{"id":4808,"href":"https:\/\/www.careium.com\/no\/wp-json\/wp\/v2\/pages\/1981\/revisions\/4808"}],"up":[{"embeddable":true,"href":"https:\/\/www.careium.com\/no\/wp-json\/wp\/v2\/pages\/400"}],"wp:attachment":[{"href":"https:\/\/www.careium.com\/no\/wp-json\/wp\/v2\/media?parent=1981"}],"curies":[{"name":"wp","href":"https:\/\/api.w.org\/{rel}","templated":true}]}}