{"id":1986,"date":"2025-05-29T10:55:48","date_gmt":"2025-05-29T10:55:48","guid":{"rendered":"https:\/\/www.careium.com\/no\/?page_id=1986"},"modified":"2026-03-12T15:27:40","modified_gmt":"2026-03-12T14:27:40","slug":"ecodesign","status":"publish","type":"page","link":"https:\/\/www.careium.com\/no\/om-oss\/baerekraft\/eco-information\/ecodesign\/","title":{"rendered":"\u00d8kodesign"},"content":{"rendered":"\n<h1 class=\"wp-block-heading\">\u00d8kodesignerkl\u00e6ring<\/h1>\n\n\n<div class=\"wp-block-image\">\n<figure class=\"alignright size-full is-resized\"><img decoding=\"async\" src=\"https:\/\/www.careium.com\/app\/uploads\/sites\/8\/2025\/04\/www.careium.jpg\" alt=\"\" class=\"wp-image-1378\" style=\"width:136px;height:auto\" \/><\/figure>\n<\/div>\n\n\n<p>Careium erkl\u00e6rer at enheten er i samsvar med gjeldende krav i forordning (EU) 2019\/1782 om krav til \u00f8kodesign for eksterne str\u00f8mforsyninger og kommisjonsforordning (EF) nr. 1275\/2008 \/ (EU) 2023\/826 om krav til \u00f8kodesign for standby- og av-modus i henhold til direktiv 2009\/125\/EF og\/ eller forordning (EU) 2024\/1781 om energirelaterte produkter.<\/p>\n\n\n\n<p>Fullstendig informasjon om \u00f8kodesigndata er tilgjengelig nedenfor, ved bruk av modellidentifikatoren for den eksterne str\u00f8mforsyningen og\/ eller produktets modellnavn, som er tilgjengelig p\u00e5 typeskiltene.<\/p>\n\n\n\n<div style=\"height:50px\" aria-hidden=\"true\" class=\"wp-block-spacer\"><\/div>\n\n\n<div class=\"wp-block-accordion\" style=\"\">\n    <details class=\"border-primary-80 group mb-4 rounded-xl border bg-white\">\n    <summary\n        class=\"flex cursor-pointer list-none items-center justify-between px-4 py-4 text-black lg:px-8 [&#038;::-webkit-details-marker]:hidden\">\n        <p class=\"group-open:text-primary-60 my-0 transition-colors\">S018BAM0900200 &#8211; Ekstern str\u00f8mforsyning<\/p>\n        <i class=\"fa-solid fa-plus group-open:text-primary-60 transition-all duration-300 group-open:rotate-45\"><\/i>\n    <\/summary>\n    <div class=\"px-4 py-4 text-black lg:px-8 [&#038;_:first-child]:mt-0 [&#038;_:last-child]:mb-0\">\n        <p><strong>Produsentens navn eller varemerke, firmaregisternummer og adresse: <\/strong> Tenpao International. Room 10-11,6\/F., Kwong Sang Hong Centre, 151-153 Hoi Bun Road, Kwun Tong, Kowloon, HongKong.<\/p>\n<p><strong>Modellidentifikator:<\/strong> S018BAM0900200<br \/>\n<strong>Inngangsspenning (VAC):<\/strong> 100-240<br \/>\n<strong>AC-inngangsfrekvens (Hz):<\/strong> 50-60<br \/>\n<strong>Utgangsspenning (VDC):<\/strong> 9,0<br \/>\n<strong>Utgangsstr\u00f8m (A):<\/strong> 2,0<br \/>\n<strong>Effekt (W):<\/strong> 18,0<br \/>\n<strong>Gjennomsnittlig aktiv virkningsgrad (%):<\/strong> 86,64<br \/>\n<strong>Virkningsgrad ved lav belastning (10 %) (%):<\/strong> 84,12<br \/>\n<strong>Str\u00f8mforbruk uten last (W):<\/strong> 0,057<\/p>\n    <\/div>\n<\/details>\n<\/div>\n\n\n<div class=\"wp-block-accordion\" style=\"\">\n    <details class=\"border-primary-80 group mb-4 rounded-xl border bg-white\">\n    <summary\n        class=\"flex cursor-pointer list-none items-center justify-between px-4 py-4 text-black lg:px-8 [&#038;::-webkit-details-marker]:hidden\">\n        <p class=\"group-open:text-primary-60 my-0 transition-colors\">A150 &#8211; Eliza-produktfamilien<\/p>\n        <i class=\"fa-solid fa-plus group-open:text-primary-60 transition-all duration-300 group-open:rotate-45\"><\/i>\n    <\/summary>\n    <div class=\"px-4 py-4 text-black lg:px-8 [&#038;_:first-child]:mt-0 [&#038;_:last-child]:mb-0\">\n        <p>Produktene i Eliza- familien er nettverksutstyr med h\u00f8y nettverkstilgjengelighet (HiNA). F\u00f8lgende data gjelder avhengig av nettverksgrensesnittene som er tilgjengelige i den spesifikke modellen:<\/p>\n<p>\u2022 Str\u00f8mforbruk i nettverks-standby hvis alle kablede nettverksporter er tilkoblet og alle tr\u00e5dl\u00f8se nettverksporter er aktivert: 2,10 W.<\/p>\n<p>\u2022 Str\u00f8mforbruk n\u00e5r mobilnettverk (2G, 3G, 4G) og Wi-Fi er aktivert: Av-modus 0,03 W, nettverksstandby 2,10 W.<\/p>\n<p>\u2022 Str\u00f8mforbruk n\u00e5r Wi-Fi er aktivert: Av-modus 0,03 W, nettverksstandby 1,87 W.<\/p>\n<p>\u2022 Tr\u00e5dl\u00f8se nettverksporter kan deaktiveres via programvarekonfigurasjon<!-- wp:spacer {\"height\":\"50px\"} --><\/p>\n<div class=\"wp-block-spacer\" aria-hidden=\"true\"><\/div>\n<p><!-- \/wp:spacer --><\/p>\n    <\/div>\n<\/details>\n<\/div>\n","protected":false},"excerpt":{"rendered":"<p>\u00d8kodesignerkl\u00e6ring Careium erkl\u00e6rer at enheten er i samsvar med gjeldende krav i forordning (EU) 2019\/1782 om krav til \u00f8kodesign for eksterne str\u00f8mforsyninger og kommisjonsforordning (EF) nr. 1275\/2008 \/ (EU) 2023\/826 om krav til \u00f8kodesign for standby- og av-modus i henhold til direktiv 2009\/125\/EF og\/ eller forordning (EU) 2024\/1781 om energirelaterte produkter. Fullstendig informasjon om \u00f8kodesigndata&#8230;<\/p>\n","protected":false},"author":5,"featured_media":0,"parent":1981,"menu_order":0,"comment_status":"closed","ping_status":"closed","template":"template-text-page.blade.php","meta":{"_acf_changed":false,"footnotes":""},"class_list":["post-1986","page","type-page","status-publish","hentry"],"acf":[],"_links":{"self":[{"href":"https:\/\/www.careium.com\/no\/wp-json\/wp\/v2\/pages\/1986","targetHints":{"allow":["GET"]}}],"collection":[{"href":"https:\/\/www.careium.com\/no\/wp-json\/wp\/v2\/pages"}],"about":[{"href":"https:\/\/www.careium.com\/no\/wp-json\/wp\/v2\/types\/page"}],"author":[{"embeddable":true,"href":"https:\/\/www.careium.com\/no\/wp-json\/wp\/v2\/users\/5"}],"replies":[{"embeddable":true,"href":"https:\/\/www.careium.com\/no\/wp-json\/wp\/v2\/comments?post=1986"}],"version-history":[{"count":5,"href":"https:\/\/www.careium.com\/no\/wp-json\/wp\/v2\/pages\/1986\/revisions"}],"predecessor-version":[{"id":4503,"href":"https:\/\/www.careium.com\/no\/wp-json\/wp\/v2\/pages\/1986\/revisions\/4503"}],"up":[{"embeddable":true,"href":"https:\/\/www.careium.com\/no\/wp-json\/wp\/v2\/pages\/1981"}],"wp:attachment":[{"href":"https:\/\/www.careium.com\/no\/wp-json\/wp\/v2\/media?parent=1986"}],"curies":[{"name":"wp","href":"https:\/\/api.w.org\/{rel}","templated":true}]}}