{"id":1991,"date":"2025-05-29T12:28:25","date_gmt":"2025-05-29T12:28:25","guid":{"rendered":"https:\/\/www.careium.com\/no\/?page_id=1991"},"modified":"2026-03-13T10:06:00","modified_gmt":"2026-03-13T09:06:00","slug":"packaging","status":"publish","type":"page","link":"https:\/\/www.careium.com\/no\/om-oss\/baerekraft\/eco-information\/packaging\/","title":{"rendered":"Emballasje"},"content":{"rendered":"\n<h1 class=\"wp-block-heading\">Emballasje<\/h1>\n\n\n\n<p class=\"has-text-align-left\">Alle stadier av produktets livssyklus kjennetegnes av v\u00e5rt engasjement for milj\u00f8ansvar.<\/p>\n\n\n\n<p class=\"has-text-align-left\">Vi stiller strenge krav til milj\u00f8bevisst design og produksjon, og krever at produktene v\u00e5re er b\u00e5de trygge og holdbare, med b\u00e6rekraftig avfallsh\u00e5ndtering som et grunnleggende aspekt.<\/p>\n\n\n\n<h2 class=\"wp-block-heading\">H\u00e5ndtering av emballasjeavfall<\/h2>\n\n\n\n<ul class=\"wp-block-list\">\n<li>Som kunde kan du spille en avgj\u00f8rende rolle i \u00e5 fremme et sunnere milj\u00f8 og bevare ressurser ved \u00e5 sortere emballasjematerialer og sikre b\u00e6rekraftig kassering og resirkulering. Kontroller resirkuleringsmerkingen, bruk egnede kasseringsmetoder for emballasje og f\u00f8lg retningslinjene fra lokale myndigheter.<\/li>\n\n\n\n<li>Vi begrenser emballasjevolumet og vekten til et minimum som er tilstrekkelig for \u00e5 opprettholde det n\u00f8dvendige niv\u00e5et av sikkerhet, hygiene og aksept for det pakkede produktet og for forbrukeren. \u200b<\/li>\n\n\n\n<li>Emballasjen samsvarer med EU-forskrifter om n\u00e6rv\u00e6r av stoffer som gir grunn til bekymring, gjenvinning og resirkulerbarhet, i tillegg til \u00e5 oppfylle nasjonale krav og forskrifter.<\/li>\n\n\n\n<li>Vi oppfyller det utvidede produsentansvaret (EPR) ved \u00e5 finansiere avfallsinnsamlinger og rapportere til milj\u00f8vernmyndigheter. Vi har iverksatt retursystemer og tilknytning til produsentansvarsorganisasjoner, enten selv eller gjennom tilknytning til andre akt\u00f8rer. Disse systemene er utformet for \u00e5 oppfylle relevante spesifikke krav og lovgivning i ulike land.<\/li>\n<\/ul>\n\n\n\n<h2 class=\"wp-block-heading\">Eksempler<\/h2>\n\n\n\n<p>Tilpass kasseringseksempelet for emballasje til ditt produkt ved \u00e5 finne koden p\u00e5 enkeltkomponentene og prosedyren i f\u00f8lgende tabell.<\/p>\n\n\n\n<figure class=\"wp-block-table\"><table class=\"has-fixed-layout\"><thead><tr><th class=\"has-text-align-center\" data-align=\"center\">Eksempel p\u00e5 emballasje<\/th><th class=\"has-text-align-center\" data-align=\"center\">Materiale<\/th><th class=\"has-text-align-center\" data-align=\"center\">EU, 97\/129\/EF<\/th><th class=\"has-text-align-center\" data-align=\"center\">Nasjonale og\/eller lokale merkinger og retningslinjer for resirkulering<\/th><th class=\"has-text-align-center\" data-align=\"center\">Kasser enkeltkomponenter p\u00e5 riktig m\u00e5te<\/th><\/tr><\/thead><tbody><tr><td class=\"has-text-align-center\" data-align=\"center\"><img loading=\"lazy\" decoding=\"async\" width=\"1000\" height=\"1000\" class=\"wp-image-4367\" style=\"width: 150px\" src=\"https:\/\/www.careium.com\/app\/uploads\/sites\/6\/2026\/02\/Corrugated-fibreboard.png\" alt=\"Corrugated fibreboard\" srcset=\"https:\/\/www.careium.com\/app\/uploads\/sites\/6\/2026\/02\/Corrugated-fibreboard.png 1000w, https:\/\/www.careium.com\/app\/uploads\/sites\/6\/2026\/02\/Corrugated-fibreboard-300x300.png 300w, https:\/\/www.careium.com\/app\/uploads\/sites\/6\/2026\/02\/Corrugated-fibreboard-150x150.png 150w, https:\/\/www.careium.com\/app\/uploads\/sites\/6\/2026\/02\/Corrugated-fibreboard-768x768.png 768w, https:\/\/www.careium.com\/app\/uploads\/sites\/6\/2026\/02\/Corrugated-fibreboard-120x120.png 120w, https:\/\/www.careium.com\/app\/uploads\/sites\/6\/2026\/02\/Corrugated-fibreboard-250x250.png 250w, https:\/\/www.careium.com\/app\/uploads\/sites\/6\/2026\/02\/Corrugated-fibreboard-360x360.png 360w, https:\/\/www.careium.com\/app\/uploads\/sites\/6\/2026\/02\/Corrugated-fibreboard-520x520.png 520w, https:\/\/www.careium.com\/app\/uploads\/sites\/6\/2026\/02\/Corrugated-fibreboard-700x700.png 700w, https:\/\/www.careium.com\/app\/uploads\/sites\/6\/2026\/02\/Corrugated-fibreboard-780x780.png 780w, https:\/\/www.careium.com\/app\/uploads\/sites\/6\/2026\/02\/Corrugated-fibreboard-600x600.png 600w, https:\/\/www.careium.com\/app\/uploads\/sites\/6\/2026\/02\/Corrugated-fibreboard-100x100.png 100w\" sizes=\"auto, (max-width: 1000px) 100vw, 1000px\" \/><\/td><td class=\"has-text-align-center\" data-align=\"center\">B\u00f8lgepapp<\/td><td class=\"has-text-align-center\" data-align=\"center\"><img decoding=\"async\" class=\"wp-image-3133\" style=\"width: 125px\" src=\"https:\/\/www.careium.com\/app\/uploads\/sites\/8\/2025\/05\/recycling-codes-paper-cardboard-20-pap.svg\" alt=\"\"><img decoding=\"async\" class=\"wp-image-2510\" style=\"width: 250px\" src=\"https:\/\/www.careium.com\/app\/uploads\/sites\/8\/2025\/05\/cardboard-recycle-icon.png\" alt=\"\"><\/td><td class=\"has-text-align-center\" data-align=\"center\"><img decoding=\"async\" class=\"wp-image-3135\" style=\"width: 217px\" src=\"https:\/\/www.careium.com\/app\/uploads\/sites\/8\/2025\/05\/cardboard-recycle-icon-1.png\" alt=\"\"><img decoding=\"async\" class=\"wp-image-2519\" style=\"width: 250px\" src=\"https:\/\/www.careium.com\/app\/uploads\/sites\/8\/2025\/05\/polyethene-recycle.png\" alt=\"\"><\/td><td class=\"has-text-align-center\" data-align=\"center\"><strong>Papirinnsamling<br><\/strong>Sjekk lokale retningslinjer<\/td><\/tr><tr><td class=\"has-text-align-center\" data-align=\"center\"><img loading=\"lazy\" decoding=\"async\" width=\"1000\" height=\"1000\" class=\"wp-image-4371\" style=\"width: 150px\" src=\"https:\/\/www.careium.com\/app\/uploads\/sites\/6\/2026\/02\/Polyethylene-Low-density.png\" alt=\"Polyethylene Low-density\" srcset=\"https:\/\/www.careium.com\/app\/uploads\/sites\/6\/2026\/02\/Polyethylene-Low-density.png 1000w, https:\/\/www.careium.com\/app\/uploads\/sites\/6\/2026\/02\/Polyethylene-Low-density-300x300.png 300w, https:\/\/www.careium.com\/app\/uploads\/sites\/6\/2026\/02\/Polyethylene-Low-density-150x150.png 150w, https:\/\/www.careium.com\/app\/uploads\/sites\/6\/2026\/02\/Polyethylene-Low-density-768x768.png 768w, https:\/\/www.careium.com\/app\/uploads\/sites\/6\/2026\/02\/Polyethylene-Low-density-120x120.png 120w, https:\/\/www.careium.com\/app\/uploads\/sites\/6\/2026\/02\/Polyethylene-Low-density-250x250.png 250w, https:\/\/www.careium.com\/app\/uploads\/sites\/6\/2026\/02\/Polyethylene-Low-density-360x360.png 360w, https:\/\/www.careium.com\/app\/uploads\/sites\/6\/2026\/02\/Polyethylene-Low-density-520x520.png 520w, https:\/\/www.careium.com\/app\/uploads\/sites\/6\/2026\/02\/Polyethylene-Low-density-700x700.png 700w, https:\/\/www.careium.com\/app\/uploads\/sites\/6\/2026\/02\/Polyethylene-Low-density-780x780.png 780w, https:\/\/www.careium.com\/app\/uploads\/sites\/6\/2026\/02\/Polyethylene-Low-density-600x600.png 600w, https:\/\/www.careium.com\/app\/uploads\/sites\/6\/2026\/02\/Polyethylene-Low-density-100x100.png 100w\" sizes=\"auto, (max-width: 1000px) 100vw, 1000px\" \/><\/td><td class=\"has-text-align-center\" data-align=\"center\">Polyetylen med lav tetthet<\/td><td class=\"has-text-align-center\" data-align=\"center\"><img loading=\"lazy\" decoding=\"async\" width=\"1000\" height=\"1000\" class=\"wp-image-4368\" style=\"width: 150px\" src=\"https:\/\/www.careium.com\/app\/uploads\/sites\/6\/2026\/02\/eu-04.png\" alt=\"\" srcset=\"https:\/\/www.careium.com\/app\/uploads\/sites\/6\/2026\/02\/eu-04.png 1000w, https:\/\/www.careium.com\/app\/uploads\/sites\/6\/2026\/02\/eu-04-300x300.png 300w, https:\/\/www.careium.com\/app\/uploads\/sites\/6\/2026\/02\/eu-04-150x150.png 150w, https:\/\/www.careium.com\/app\/uploads\/sites\/6\/2026\/02\/eu-04-768x768.png 768w, https:\/\/www.careium.com\/app\/uploads\/sites\/6\/2026\/02\/eu-04-120x120.png 120w, https:\/\/www.careium.com\/app\/uploads\/sites\/6\/2026\/02\/eu-04-250x250.png 250w, https:\/\/www.careium.com\/app\/uploads\/sites\/6\/2026\/02\/eu-04-360x360.png 360w, https:\/\/www.careium.com\/app\/uploads\/sites\/6\/2026\/02\/eu-04-520x520.png 520w, https:\/\/www.careium.com\/app\/uploads\/sites\/6\/2026\/02\/eu-04-700x700.png 700w, https:\/\/www.careium.com\/app\/uploads\/sites\/6\/2026\/02\/eu-04-780x780.png 780w, https:\/\/www.careium.com\/app\/uploads\/sites\/6\/2026\/02\/eu-04-600x600.png 600w, https:\/\/www.careium.com\/app\/uploads\/sites\/6\/2026\/02\/eu-04-100x100.png 100w\" sizes=\"auto, (max-width: 1000px) 100vw, 1000px\" \/><\/td><td class=\"has-text-align-center\" data-align=\"center\"><img decoding=\"async\" class=\"wp-image-3168\" style=\"width: 217px\" src=\"https:\/\/www.careium.com\/app\/uploads\/sites\/8\/2025\/05\/polyethene-recycle.png\" alt=\"\"><img decoding=\"async\" class=\"wp-image-2520\" style=\"width: 250px\" src=\"https:\/\/www.careium.com\/app\/uploads\/sites\/8\/2025\/05\/cardboard-recycle-icon.png\" alt=\"\"><\/td><td class=\"has-text-align-center\" data-align=\"center\"><strong>Plastinnsamling<br><\/strong>Sjekk lokale retningslinjer<strong><br><\/strong><\/td><\/tr><tr><td class=\"has-text-align-center\" data-align=\"center\"><img loading=\"lazy\" decoding=\"async\" width=\"1000\" height=\"1000\" class=\"wp-image-4369\" style=\"width: 150px\" src=\"https:\/\/www.careium.com\/app\/uploads\/sites\/6\/2026\/02\/Non-corrugated-fibreboard.png\" alt=\"Non-corrugated fibreboard\" srcset=\"https:\/\/www.careium.com\/app\/uploads\/sites\/6\/2026\/02\/Non-corrugated-fibreboard.png 1000w, https:\/\/www.careium.com\/app\/uploads\/sites\/6\/2026\/02\/Non-corrugated-fibreboard-300x300.png 300w, https:\/\/www.careium.com\/app\/uploads\/sites\/6\/2026\/02\/Non-corrugated-fibreboard-150x150.png 150w, https:\/\/www.careium.com\/app\/uploads\/sites\/6\/2026\/02\/Non-corrugated-fibreboard-768x768.png 768w, https:\/\/www.careium.com\/app\/uploads\/sites\/6\/2026\/02\/Non-corrugated-fibreboard-120x120.png 120w, https:\/\/www.careium.com\/app\/uploads\/sites\/6\/2026\/02\/Non-corrugated-fibreboard-250x250.png 250w, https:\/\/www.careium.com\/app\/uploads\/sites\/6\/2026\/02\/Non-corrugated-fibreboard-360x360.png 360w, https:\/\/www.careium.com\/app\/uploads\/sites\/6\/2026\/02\/Non-corrugated-fibreboard-520x520.png 520w, https:\/\/www.careium.com\/app\/uploads\/sites\/6\/2026\/02\/Non-corrugated-fibreboard-700x700.png 700w, https:\/\/www.careium.com\/app\/uploads\/sites\/6\/2026\/02\/Non-corrugated-fibreboard-780x780.png 780w, https:\/\/www.careium.com\/app\/uploads\/sites\/6\/2026\/02\/Non-corrugated-fibreboard-600x600.png 600w, https:\/\/www.careium.com\/app\/uploads\/sites\/6\/2026\/02\/Non-corrugated-fibreboard-100x100.png 100w\" sizes=\"auto, (max-width: 1000px) 100vw, 1000px\" \/><\/td><td class=\"has-text-align-center\" data-align=\"center\">Ikke-korrugert trefiberplate<\/td><td class=\"has-text-align-center\" data-align=\"center\"><img decoding=\"async\" class=\"wp-image-3141\" style=\"width: 125px\" src=\"https:\/\/www.careium.com\/app\/uploads\/sites\/8\/2025\/05\/recycling_codes_paper_21_pap.svg\" alt=\"\"><\/td><td class=\"has-text-align-center\" data-align=\"center\"><img decoding=\"async\" class=\"wp-image-3170\" style=\"width: 217px\" src=\"https:\/\/www.careium.com\/app\/uploads\/sites\/8\/2025\/05\/cardboard-recycle-icon-paper.png\" alt=\"\"><img decoding=\"async\" class=\"wp-image-2524\" style=\"width: 250px\" src=\"https:\/\/www.careium.com\/app\/uploads\/sites\/8\/2025\/05\/recycle.png\" alt=\"\"><\/td><td class=\"has-text-align-center\" data-align=\"center\"><strong>Papirinnsamling<br><\/strong>Sjekk lokale retningslinjer<br><\/td><\/tr><tr><td class=\"has-text-align-center\" data-align=\"center\"><img decoding=\"async\" class=\"wp-image-2509\" style=\"width: 125px\" src=\"https:\/\/www.careium.com\/app\/uploads\/sites\/8\/2025\/05\/paper.png\" alt=\"\"><\/td><td class=\"has-text-align-center\" data-align=\"center\">Papir<\/td><td class=\"has-text-align-center\" data-align=\"center\"><img decoding=\"async\" class=\"wp-image-3143\" style=\"width: 125px\" src=\"https:\/\/www.careium.com\/app\/uploads\/sites\/8\/2025\/05\/recycling_codes_paper_22_pap-1.svg\" alt=\"\"><\/td><td class=\"has-text-align-center\" data-align=\"center\"><img decoding=\"async\" class=\"wp-image-3171\" style=\"width: 217px\" src=\"https:\/\/www.careium.com\/app\/uploads\/sites\/8\/2025\/05\/recycle.png\" alt=\"\"><\/td><td class=\"has-text-align-center\" data-align=\"center\"><strong>Papirinnsamling<br><\/strong>Sjekk lokale retningslinjer<br><\/td><\/tr><\/tbody><\/table><\/figure>\n\n\n\n<p><\/p>\n","protected":false},"excerpt":{"rendered":"<p>Emballasje Alle stadier av produktets livssyklus kjennetegnes av v\u00e5rt engasjement for milj\u00f8ansvar. Vi stiller strenge krav til milj\u00f8bevisst design og produksjon, og krever at produktene v\u00e5re er b\u00e5de trygge og holdbare, med b\u00e6rekraftig avfallsh\u00e5ndtering som et grunnleggende aspekt. H\u00e5ndtering av emballasjeavfall Eksempler Tilpass kasseringseksempelet for emballasje til ditt produkt ved \u00e5 finne koden p\u00e5 enkeltkomponentene&#8230;<\/p>\n","protected":false},"author":5,"featured_media":0,"parent":1981,"menu_order":0,"comment_status":"closed","ping_status":"closed","template":"template-text-page.blade.php","meta":{"_acf_changed":false,"footnotes":""},"class_list":["post-1991","page","type-page","status-publish","hentry"],"acf":[],"_links":{"self":[{"href":"https:\/\/www.careium.com\/no\/wp-json\/wp\/v2\/pages\/1991","targetHints":{"allow":["GET"]}}],"collection":[{"href":"https:\/\/www.careium.com\/no\/wp-json\/wp\/v2\/pages"}],"about":[{"href":"https:\/\/www.careium.com\/no\/wp-json\/wp\/v2\/types\/page"}],"author":[{"embeddable":true,"href":"https:\/\/www.careium.com\/no\/wp-json\/wp\/v2\/users\/5"}],"replies":[{"embeddable":true,"href":"https:\/\/www.careium.com\/no\/wp-json\/wp\/v2\/comments?post=1991"}],"version-history":[{"count":5,"href":"https:\/\/www.careium.com\/no\/wp-json\/wp\/v2\/pages\/1991\/revisions"}],"predecessor-version":[{"id":4505,"href":"https:\/\/www.careium.com\/no\/wp-json\/wp\/v2\/pages\/1991\/revisions\/4505"}],"up":[{"embeddable":true,"href":"https:\/\/www.careium.com\/no\/wp-json\/wp\/v2\/pages\/1981"}],"wp:attachment":[{"href":"https:\/\/www.careium.com\/no\/wp-json\/wp\/v2\/media?parent=1991"}],"curies":[{"name":"wp","href":"https:\/\/api.w.org\/{rel}","templated":true}]}}