{"id":2006,"date":"2025-05-29T14:00:59","date_gmt":"2025-05-29T14:00:59","guid":{"rendered":"https:\/\/www.careium.com\/no\/?page_id=2006"},"modified":"2026-03-13T10:15:22","modified_gmt":"2026-03-13T09:15:22","slug":"electronics","status":"publish","type":"page","link":"https:\/\/www.careium.com\/no\/om-oss\/baerekraft\/eco-information\/electronics\/","title":{"rendered":"Electronikk"},"content":{"rendered":"\n<h1 class=\"wp-block-heading\">Elektronikk<\/h1>\n\n\n\n<p class=\"has-text-align-left\">Hele livssyklusen til produktene v\u00e5re kjennetegnes av v\u00e5rt engasjement for milj\u00f8ansvar.<\/p>\n\n\n\n<p class=\"has-text-align-left\">Vi f\u00f8lger strenge standarder for milj\u00f8vennlig utvikling og produksjon, og krever at produktene v\u00e5re er trygge og har lang levetid, med b\u00e6rekraftig avfallsh\u00e5ndtering som hovedhensyn.<\/p>\n\n\n\n<p>Produktene er merket med et overkrysset s\u00f8ppelspann (WEEE-etikett). Det indikerer at de ikke skal kastes som usortert avfall, men m\u00e5 sendes til separate innsamlingsanlegg for gjenvinning og resirkulering. Se retningslinjene fra lokale myndigheter for \u00e5 sikre b\u00e6rekraftig avfallsh\u00e5ndtering og bidra til \u00e5 bevare ressursene gjennom resirkulering.<\/p>\n\n\n\n<h3 class=\"wp-block-heading\">H\u00e5ndtering og forebygging av elektronisk avfall<\/h3>\n\n\n\n<p>Vurder reparasjon eller vedlikehold som alternativer f\u00f8r du bestemmer deg for \u00e5 kassere enheten. Vi tilbyr reparasjonstjenester, resirkulerte deler og programvareoppdateringer for \u00e5 forlenge produktets levetid. Forlengelse av levetiden reduserer milj\u00f8avtrykket betydelig, og gir \u00f8konomiske fordeler for forbrukerne.<\/p>\n\n\n\n<p><\/p>\n\n\n\n<p>E-avfall inneholder en kompleks blanding av materialer, hvorav noen er farlige. Hvis kasserte enheter ikke h\u00e5ndteres p\u00e5 riktig m\u00e5te, kan de for\u00e5rsake betydelige milj\u00f8- og helseproblemer. I tillegg inneholder moderne elektronikk sjeldne og verdifulle ressurser, inkludert kritiske r\u00e5materialer, som kan resirkuleres og gjenbrukes med effektiv avfallsh\u00e5ndtering.<\/p>\n\n\n\n<p><\/p>\n\n\n\n<p>Bedre innsamling, behandling og resirkulering av elektrisk og elektronisk utstyr ved endt levetid kan forbedre ressurseffektiviteten og fremme overgangen til en sirkul\u00e6r \u00f8konomi. Videre kan det styrke forsyningssikkerheten for kritiske r\u00e5varer, og dermed styrke EUs strategiske uavhengighet.&nbsp;<\/p>\n\n\n\n<p><\/p>\n\n\n\n<p>Vi oppfyller utvidet produsentansvar (EPR) ved \u00e5 finansiere avfallsinnsamling og rapportering til milj\u00f8vernmyndigheter. Vi driver retursystemer og samarbeider med produsentansvarsorganisasjoner, enten direkte eller gjennom tilknytning, som er utformet for \u00e5 oppfylle spesifikke krav og lovgivning i ulike land.<\/p>\n\n\n\n<p><\/p>\n\n\n\n<p><strong>Eksempler<br><\/strong>Tilpass kasseringseksempelet til ditt produkt ved \u00e5 finne koden p\u00e5 enkeltkomponentene eller enheten, og f\u00f8lg prosedyren som vises i tabellen.<\/p>\n\n\n\n<p><\/p>\n\n\n\n<figure class=\"wp-block-table\"><table class=\"has-fixed-layout\"><thead><tr><th class=\"has-text-align-center\" data-align=\"center\">Eksempelbilde<\/th><th class=\"has-text-align-center\" data-align=\"center\">Type<\/th><th class=\"has-text-align-center\" data-align=\"center\">Merking<\/th><th class=\"has-text-align-center\" data-align=\"center\">Riktig kassering<\/th><\/tr><\/thead><tbody><tr><td class=\"has-text-align-center\" data-align=\"center\"><img loading=\"lazy\" decoding=\"async\" width=\"1000\" height=\"1000\" class=\"wp-image-4359\" style=\"width: 150px\" src=\"https:\/\/www.careium.com\/app\/uploads\/sites\/6\/2026\/02\/Electronic-Product_device.png\" alt=\"\" srcset=\"https:\/\/www.careium.com\/app\/uploads\/sites\/6\/2026\/02\/Electronic-Product_device.png 1000w, https:\/\/www.careium.com\/app\/uploads\/sites\/6\/2026\/02\/Electronic-Product_device-300x300.png 300w, https:\/\/www.careium.com\/app\/uploads\/sites\/6\/2026\/02\/Electronic-Product_device-150x150.png 150w, https:\/\/www.careium.com\/app\/uploads\/sites\/6\/2026\/02\/Electronic-Product_device-768x768.png 768w, https:\/\/www.careium.com\/app\/uploads\/sites\/6\/2026\/02\/Electronic-Product_device-120x120.png 120w, https:\/\/www.careium.com\/app\/uploads\/sites\/6\/2026\/02\/Electronic-Product_device-250x250.png 250w, https:\/\/www.careium.com\/app\/uploads\/sites\/6\/2026\/02\/Electronic-Product_device-360x360.png 360w, https:\/\/www.careium.com\/app\/uploads\/sites\/6\/2026\/02\/Electronic-Product_device-520x520.png 520w, https:\/\/www.careium.com\/app\/uploads\/sites\/6\/2026\/02\/Electronic-Product_device-700x700.png 700w, https:\/\/www.careium.com\/app\/uploads\/sites\/6\/2026\/02\/Electronic-Product_device-780x780.png 780w, https:\/\/www.careium.com\/app\/uploads\/sites\/6\/2026\/02\/Electronic-Product_device-600x600.png 600w, https:\/\/www.careium.com\/app\/uploads\/sites\/6\/2026\/02\/Electronic-Product_device-100x100.png 100w\" sizes=\"auto, (max-width: 1000px) 100vw, 1000px\" \/><\/td><td class=\"has-text-align-center\" data-align=\"center\">Elektronisk produkt\/enhet<\/td><td class=\"has-text-align-center\" data-align=\"center\"><img loading=\"lazy\" decoding=\"async\" width=\"1000\" height=\"1000\" class=\"wp-image-4349\" style=\"width: 150px\" src=\"https:\/\/www.careium.com\/app\/uploads\/sites\/6\/2026\/02\/Lithium-Button-Cell-marking.png\" alt=\"\" srcset=\"https:\/\/www.careium.com\/app\/uploads\/sites\/6\/2026\/02\/Lithium-Button-Cell-marking.png 1000w, https:\/\/www.careium.com\/app\/uploads\/sites\/6\/2026\/02\/Lithium-Button-Cell-marking-300x300.png 300w, https:\/\/www.careium.com\/app\/uploads\/sites\/6\/2026\/02\/Lithium-Button-Cell-marking-150x150.png 150w, https:\/\/www.careium.com\/app\/uploads\/sites\/6\/2026\/02\/Lithium-Button-Cell-marking-768x768.png 768w, https:\/\/www.careium.com\/app\/uploads\/sites\/6\/2026\/02\/Lithium-Button-Cell-marking-120x120.png 120w, https:\/\/www.careium.com\/app\/uploads\/sites\/6\/2026\/02\/Lithium-Button-Cell-marking-250x250.png 250w, https:\/\/www.careium.com\/app\/uploads\/sites\/6\/2026\/02\/Lithium-Button-Cell-marking-360x360.png 360w, https:\/\/www.careium.com\/app\/uploads\/sites\/6\/2026\/02\/Lithium-Button-Cell-marking-520x520.png 520w, https:\/\/www.careium.com\/app\/uploads\/sites\/6\/2026\/02\/Lithium-Button-Cell-marking-700x700.png 700w, https:\/\/www.careium.com\/app\/uploads\/sites\/6\/2026\/02\/Lithium-Button-Cell-marking-780x780.png 780w, https:\/\/www.careium.com\/app\/uploads\/sites\/6\/2026\/02\/Lithium-Button-Cell-marking-600x600.png 600w, https:\/\/www.careium.com\/app\/uploads\/sites\/6\/2026\/02\/Lithium-Button-Cell-marking-100x100.png 100w\" sizes=\"auto, (max-width: 1000px) 100vw, 1000px\" \/><img decoding=\"async\" class=\"wp-image-2510\" style=\"width: 250px\" src=\"https:\/\/www.careium.com\/app\/uploads\/sites\/8\/2025\/05\/cardboard-recycle-icon.png\" alt=\"\"><\/td><td class=\"has-text-align-center\" data-align=\"center\"><strong>Separate innsamlingsanlegg <br><\/strong>Sendes til separate innsamlingsanlegg for gjenvinning og resirkulering. M\u00e5 ikke kastes som usortert avfall. <br>Sjekk lokale retningslinjer.<br><img decoding=\"async\" class=\"wp-image-2519\" style=\"width: 250px\" src=\"https:\/\/www.careium.com\/app\/uploads\/sites\/8\/2025\/05\/polyethene-recycle.png\" alt=\"\"><\/td><\/tr><tr><td class=\"has-text-align-center\" data-align=\"center\"><img loading=\"lazy\" decoding=\"async\" width=\"1000\" height=\"1000\" class=\"wp-image-4363\" style=\"width: 150px\" src=\"https:\/\/www.careium.com\/app\/uploads\/sites\/6\/2026\/02\/External-Power-Supply-EPS.png\" alt=\"\" srcset=\"https:\/\/www.careium.com\/app\/uploads\/sites\/6\/2026\/02\/External-Power-Supply-EPS.png 1000w, https:\/\/www.careium.com\/app\/uploads\/sites\/6\/2026\/02\/External-Power-Supply-EPS-300x300.png 300w, https:\/\/www.careium.com\/app\/uploads\/sites\/6\/2026\/02\/External-Power-Supply-EPS-150x150.png 150w, https:\/\/www.careium.com\/app\/uploads\/sites\/6\/2026\/02\/External-Power-Supply-EPS-768x768.png 768w, https:\/\/www.careium.com\/app\/uploads\/sites\/6\/2026\/02\/External-Power-Supply-EPS-120x120.png 120w, https:\/\/www.careium.com\/app\/uploads\/sites\/6\/2026\/02\/External-Power-Supply-EPS-250x250.png 250w, https:\/\/www.careium.com\/app\/uploads\/sites\/6\/2026\/02\/External-Power-Supply-EPS-360x360.png 360w, https:\/\/www.careium.com\/app\/uploads\/sites\/6\/2026\/02\/External-Power-Supply-EPS-520x520.png 520w, https:\/\/www.careium.com\/app\/uploads\/sites\/6\/2026\/02\/External-Power-Supply-EPS-700x700.png 700w, https:\/\/www.careium.com\/app\/uploads\/sites\/6\/2026\/02\/External-Power-Supply-EPS-780x780.png 780w, https:\/\/www.careium.com\/app\/uploads\/sites\/6\/2026\/02\/External-Power-Supply-EPS-600x600.png 600w, https:\/\/www.careium.com\/app\/uploads\/sites\/6\/2026\/02\/External-Power-Supply-EPS-100x100.png 100w\" sizes=\"auto, (max-width: 1000px) 100vw, 1000px\" \/><\/td><td class=\"has-text-align-center\" data-align=\"center\">Ekstern str\u00f8mforsyning (EPS)<\/td><td class=\"has-text-align-center\" data-align=\"center\"><img loading=\"lazy\" decoding=\"async\" width=\"1000\" height=\"1000\" class=\"wp-image-4349\" style=\"width: 150px\" src=\"https:\/\/www.careium.com\/app\/uploads\/sites\/6\/2026\/02\/Lithium-Button-Cell-marking.png\" alt=\"\" srcset=\"https:\/\/www.careium.com\/app\/uploads\/sites\/6\/2026\/02\/Lithium-Button-Cell-marking.png 1000w, https:\/\/www.careium.com\/app\/uploads\/sites\/6\/2026\/02\/Lithium-Button-Cell-marking-300x300.png 300w, https:\/\/www.careium.com\/app\/uploads\/sites\/6\/2026\/02\/Lithium-Button-Cell-marking-150x150.png 150w, https:\/\/www.careium.com\/app\/uploads\/sites\/6\/2026\/02\/Lithium-Button-Cell-marking-768x768.png 768w, https:\/\/www.careium.com\/app\/uploads\/sites\/6\/2026\/02\/Lithium-Button-Cell-marking-120x120.png 120w, https:\/\/www.careium.com\/app\/uploads\/sites\/6\/2026\/02\/Lithium-Button-Cell-marking-250x250.png 250w, https:\/\/www.careium.com\/app\/uploads\/sites\/6\/2026\/02\/Lithium-Button-Cell-marking-360x360.png 360w, https:\/\/www.careium.com\/app\/uploads\/sites\/6\/2026\/02\/Lithium-Button-Cell-marking-520x520.png 520w, https:\/\/www.careium.com\/app\/uploads\/sites\/6\/2026\/02\/Lithium-Button-Cell-marking-700x700.png 700w, https:\/\/www.careium.com\/app\/uploads\/sites\/6\/2026\/02\/Lithium-Button-Cell-marking-780x780.png 780w, https:\/\/www.careium.com\/app\/uploads\/sites\/6\/2026\/02\/Lithium-Button-Cell-marking-600x600.png 600w, https:\/\/www.careium.com\/app\/uploads\/sites\/6\/2026\/02\/Lithium-Button-Cell-marking-100x100.png 100w\" sizes=\"auto, (max-width: 1000px) 100vw, 1000px\" \/><\/td><td class=\"has-text-align-center\" data-align=\"center\"><strong>Separate innsamlingsanlegg <br><\/strong>Sendes til separate innsamlingsanlegg for gjenvinning og resirkulering. M\u00e5 ikke kastes som usortert avfall. <br>Sjekk lokale retningslinjer.<br><img decoding=\"async\" class=\"wp-image-2520\" style=\"width: 250px\" src=\"https:\/\/www.careium.com\/app\/uploads\/sites\/8\/2025\/05\/cardboard-recycle-icon.png\" alt=\"\"><\/td><\/tr><tr><td class=\"has-text-align-center\" data-align=\"center\"><img loading=\"lazy\" decoding=\"async\" width=\"1000\" height=\"1000\" class=\"wp-image-4360\" style=\"width: 150px\" src=\"https:\/\/www.careium.com\/app\/uploads\/sites\/6\/2026\/02\/Cable.png\" alt=\"\" srcset=\"https:\/\/www.careium.com\/app\/uploads\/sites\/6\/2026\/02\/Cable.png 1000w, https:\/\/www.careium.com\/app\/uploads\/sites\/6\/2026\/02\/Cable-300x300.png 300w, https:\/\/www.careium.com\/app\/uploads\/sites\/6\/2026\/02\/Cable-150x150.png 150w, https:\/\/www.careium.com\/app\/uploads\/sites\/6\/2026\/02\/Cable-768x768.png 768w, https:\/\/www.careium.com\/app\/uploads\/sites\/6\/2026\/02\/Cable-120x120.png 120w, https:\/\/www.careium.com\/app\/uploads\/sites\/6\/2026\/02\/Cable-250x250.png 250w, https:\/\/www.careium.com\/app\/uploads\/sites\/6\/2026\/02\/Cable-360x360.png 360w, https:\/\/www.careium.com\/app\/uploads\/sites\/6\/2026\/02\/Cable-520x520.png 520w, https:\/\/www.careium.com\/app\/uploads\/sites\/6\/2026\/02\/Cable-700x700.png 700w, https:\/\/www.careium.com\/app\/uploads\/sites\/6\/2026\/02\/Cable-780x780.png 780w, https:\/\/www.careium.com\/app\/uploads\/sites\/6\/2026\/02\/Cable-600x600.png 600w, https:\/\/www.careium.com\/app\/uploads\/sites\/6\/2026\/02\/Cable-100x100.png 100w\" sizes=\"auto, (max-width: 1000px) 100vw, 1000px\" \/><\/td><td class=\"has-text-align-center\" data-align=\"center\">Kabel<\/td><td class=\"has-text-align-center\" data-align=\"center\"><img loading=\"lazy\" decoding=\"async\" width=\"1000\" height=\"1000\" class=\"wp-image-4349\" style=\"width: 150px\" src=\"https:\/\/www.careium.com\/app\/uploads\/sites\/6\/2026\/02\/Lithium-Button-Cell-marking.png\" alt=\"\" srcset=\"https:\/\/www.careium.com\/app\/uploads\/sites\/6\/2026\/02\/Lithium-Button-Cell-marking.png 1000w, https:\/\/www.careium.com\/app\/uploads\/sites\/6\/2026\/02\/Lithium-Button-Cell-marking-300x300.png 300w, https:\/\/www.careium.com\/app\/uploads\/sites\/6\/2026\/02\/Lithium-Button-Cell-marking-150x150.png 150w, https:\/\/www.careium.com\/app\/uploads\/sites\/6\/2026\/02\/Lithium-Button-Cell-marking-768x768.png 768w, https:\/\/www.careium.com\/app\/uploads\/sites\/6\/2026\/02\/Lithium-Button-Cell-marking-120x120.png 120w, https:\/\/www.careium.com\/app\/uploads\/sites\/6\/2026\/02\/Lithium-Button-Cell-marking-250x250.png 250w, https:\/\/www.careium.com\/app\/uploads\/sites\/6\/2026\/02\/Lithium-Button-Cell-marking-360x360.png 360w, https:\/\/www.careium.com\/app\/uploads\/sites\/6\/2026\/02\/Lithium-Button-Cell-marking-520x520.png 520w, https:\/\/www.careium.com\/app\/uploads\/sites\/6\/2026\/02\/Lithium-Button-Cell-marking-700x700.png 700w, https:\/\/www.careium.com\/app\/uploads\/sites\/6\/2026\/02\/Lithium-Button-Cell-marking-780x780.png 780w, https:\/\/www.careium.com\/app\/uploads\/sites\/6\/2026\/02\/Lithium-Button-Cell-marking-600x600.png 600w, https:\/\/www.careium.com\/app\/uploads\/sites\/6\/2026\/02\/Lithium-Button-Cell-marking-100x100.png 100w\" sizes=\"auto, (max-width: 1000px) 100vw, 1000px\" \/><\/td><td class=\"has-text-align-center\" data-align=\"center\"><strong>Separate innsamlingsanlegg <br><\/strong>Sendes til separate innsamlingsanlegg for gjenvinning og resirkulering. M\u00e5 ikke kastes som usortert avfall. <br>Sjekk lokale retningslinjer.<br><img decoding=\"async\" class=\"wp-image-2524\" style=\"width: 250px\" src=\"https:\/\/www.careium.com\/app\/uploads\/sites\/8\/2025\/05\/recycle.png\" alt=\"\"><\/td><\/tr><\/tbody><\/table><\/figure>\n","protected":false},"excerpt":{"rendered":"<p>Elektronikk Hele livssyklusen til produktene v\u00e5re kjennetegnes av v\u00e5rt engasjement for milj\u00f8ansvar. Vi f\u00f8lger strenge standarder for milj\u00f8vennlig utvikling og produksjon, og krever at produktene v\u00e5re er trygge og har lang levetid, med b\u00e6rekraftig avfallsh\u00e5ndtering som hovedhensyn. Produktene er merket med et overkrysset s\u00f8ppelspann (WEEE-etikett). Det indikerer at de ikke skal kastes som usortert avfall,&#8230;<\/p>\n","protected":false},"author":5,"featured_media":0,"parent":1981,"menu_order":0,"comment_status":"closed","ping_status":"closed","template":"template-text-page.blade.php","meta":{"_acf_changed":false,"footnotes":""},"class_list":["post-2006","page","type-page","status-publish","hentry"],"acf":[],"_links":{"self":[{"href":"https:\/\/www.careium.com\/no\/wp-json\/wp\/v2\/pages\/2006","targetHints":{"allow":["GET"]}}],"collection":[{"href":"https:\/\/www.careium.com\/no\/wp-json\/wp\/v2\/pages"}],"about":[{"href":"https:\/\/www.careium.com\/no\/wp-json\/wp\/v2\/types\/page"}],"author":[{"embeddable":true,"href":"https:\/\/www.careium.com\/no\/wp-json\/wp\/v2\/users\/5"}],"replies":[{"embeddable":true,"href":"https:\/\/www.careium.com\/no\/wp-json\/wp\/v2\/comments?post=2006"}],"version-history":[{"count":5,"href":"https:\/\/www.careium.com\/no\/wp-json\/wp\/v2\/pages\/2006\/revisions"}],"predecessor-version":[{"id":4513,"href":"https:\/\/www.careium.com\/no\/wp-json\/wp\/v2\/pages\/2006\/revisions\/4513"}],"up":[{"embeddable":true,"href":"https:\/\/www.careium.com\/no\/wp-json\/wp\/v2\/pages\/1981"}],"wp:attachment":[{"href":"https:\/\/www.careium.com\/no\/wp-json\/wp\/v2\/media?parent=2006"}],"curies":[{"name":"wp","href":"https:\/\/api.w.org\/{rel}","templated":true}]}}