{"id":2066,"date":"2025-06-03T12:33:01","date_gmt":"2025-06-03T12:33:01","guid":{"rendered":"https:\/\/www.careium.com\/no\/?page_id=2066"},"modified":"2026-03-23T14:29:16","modified_gmt":"2026-03-23T13:29:16","slug":"retningslinjer-for-informasjonskapsler","status":"publish","type":"page","link":"https:\/\/www.careium.com\/no\/retningslinjer-for-informasjonskapsler\/","title":{"rendered":"Retningslinjer for informasjonskapsler"},"content":{"rendered":"\n<h1 class=\"wp-block-heading has-text-align-left\">Retningslinjer for informasjonskapsler<\/h1>\n\n\n\n<div style=\"height:20px\" aria-hidden=\"true\" class=\"wp-block-spacer\"><\/div>\n\n\n\n<p>Careium Sweden AB bruker informasjonskapsler p\u00e5 nettstedet <a href=\"https:\/\/www.careium.com\/no\/\">www.careium.com<\/a> (&laquo;nettstedet&raquo;).<\/p>\n\n\n\n<p>Careium Sweden AB er behandlingsansvarlig for behandlingen av personopplysninger.<\/p>\n\n\n\n<p>Careium er opptatt av \u00e5 ivareta personvernet ditt. I disse retningslinjene for informasjonskapsler (&laquo;retningslinjer for informasjonskapsler&raquo;) forklarer vi hvordan vi bruker informasjonskapsler og andre lignende teknologier til \u00e5 gjenkjenne deg n\u00e5r du bes\u00f8ker nettstedene v\u00e5re. I retningslinjene forklarer vi disse teknologiene, form\u00e5let med behandlingen og hvilke rettigheter du har som bes\u00f8kende.<\/p>\n\n\n\n<h2 class=\"wp-block-heading\">Hva er en informasjonskapsel?<\/h2>\n\n\n\n<p>Informasjonskapsler er sm\u00e5 tekstfiler som nettleseren din lagrer p\u00e5 enheten du bruker n\u00e5r du er p\u00e5 Internett. N\u00e5r du bes\u00f8ker nettstedene v\u00e5re, kan noen opplysninger bli lagret ved hjelp av informasjonskapsler. N\u00e5r vi snakker om informasjonskapsler, mener vi informasjonskapsler fra f\u00f8rstetilbydere og tredjeparter, sporingspiksler, programtillegg og andre sporingsteknologier. Du finner mer informasjon om informasjonskapsler p\u00e5 <a href=\"http:\/\/www.allaboutcookies.org\" target=\"_blank\" rel=\"noreferrer noopener nofollow\">www.allaboutcookies.org<\/a>.<\/p>\n\n\n\n<h2 class=\"wp-block-heading\">Opplysningskategorier og form\u00e5l<\/h2>\n\n\n\n<p>Informasjonskapsler gir oss en bedre forst\u00e5else av hvordan du bruker nettstedet, og gj\u00f8r det mulig for oss \u00e5 tilpasse brukeropplevelsen. Her er noen eksempler p\u00e5 opplysninger vi samler inn ved hjelp av informasjonskapsler:<\/p>\n\n\n\n<ul class=\"wp-block-list\">\n<li>Hvor mange som bes\u00f8ker nettstedet, hvilke sider de ser p\u00e5, hva de klikker p\u00e5, og hvor lenge de er p\u00e5 nettstedet.<\/li>\n\n\n\n<li>Om det er f\u00f8rste gang du bes\u00f8ker nettstedet, eller om du har bes\u00f8kt det tidligere.<\/li>\n\n\n\n<li>Hvilke innstillinger du har gjort (f.eks. land og spr\u00e5k).<\/li>\n<\/ul>\n\n\n\n<p>Vi bruker ikke informasjonskapsler til \u00e5 samle inn navnet ditt eller e-postadressen din.<\/p>\n\n\n\n<p>I tillegg gir informasjonskapsler oss opplysninger som vi kan bruke til \u00e5<\/p>\n\n\n\n<ul class=\"wp-block-list\">\n<li>legge bedre til rette neste gang du bes\u00f8ker nettstedet<\/li>\n\n\n\n<li>evaluere og forbedre markedsf\u00f8ringsinnhold<\/li>\n<\/ul>\n\n\n\n<h2 class=\"wp-block-heading\">Typer informasjonskapsler<\/h2>\n\n\n\n<p>Det brukes informasjonskapsler fra b\u00e5de f\u00f8rstetilbydere og tredjeparter p\u00e5 nettstedet. Alle informasjonskapsler inneholder informasjon om hvem som er utgiveren, det vil si hvem informasjonskapselen tilh\u00f8rer. Utgiveren eier domenet som er oppgitt i informasjonskapselen. N\u00e5r du bes\u00f8ker nettstedet v\u00e5rt, plasserer vi av ulike grunner informasjonskapsler p\u00e5 enheten din. Disse kalles informasjonskapsler fra f\u00f8rstetilbydere.<\/p>\n\n\n\n<p>Informasjonskapsler som plasseres av tredjeparter, for eksempel plattformer for sosiale medier eller leverand\u00f8rer av markedsf\u00f8ringsnettverk eller -teknologi, kalles informasjonskapsler fra tredjeparter.<br>Noen informasjonskapsler er n\u00f8dvendige for at nettstedet skal fungere. Disse kalles n\u00f8dvendige informasjonskapsler.<\/p>\n\n\n\n<p>Noen informasjonskapsler bidrar til en bedre brukeropplevelse p\u00e5 nettstedet. Disse kalles funksjonelle informasjonskapsler. Disse kan for eksempel lagre opplysninger om valgt spr\u00e5k og andre preferanser som brukes til \u00e5 tilpasse brukeropplevelsen ved neste bes\u00f8k. Du kan gj\u00f8re innstillinger for disse informasjonskapslene i nettleseren din. Hvis du ikke tillater bruk av disse informasjonskapslene, kan det p\u00e5virke nettstedets funksjonalitet og brukeropplevelsen din p\u00e5 nettstedet. Disse informasjonskapslene opprettes av Careium og brukes hovedsakelig til \u00e5 gj\u00f8re det enkelt for deg \u00e5 navigere p\u00e5 nettstedet og bruke funksjonene p\u00e5 nettstedet.<\/p>\n\n\n\n<p>Informasjonskapsler fra tredjeparter p\u00e5 nettstedet brukes til m\u00e5lrettet markedsf\u00f8ring p\u00e5 andre nettsteder og til analyseform\u00e5l.<\/p>\n\n\n\n<p>Markedsf\u00f8ringsrelaterte informasjonskapsler brukes blant annet til \u00e5 vise annonser tilpasset ulike brukere. Disse er nyttige for utgivere og tredjepartsannons\u00f8rer.<\/p>\n\n\n\n<p>Analytiske informasjonskapsler brukes for eksempel til \u00e5 lage statistikk og identifisere brukerm\u00f8nstre, slik at vi bedre kan forst\u00e5 hvordan nettstedet brukes og dermed forbedre brukeropplevelsen. Opplysningene som samles inn ved hjelp av informasjonskapsler, inneholder ingen andre personopplysninger enn IP-adressen til datamaskinen din.<\/p>\n\n\n\n<p>Hvor lenge informasjonskapslene lagres p\u00e5 enheten din, avhenger av om de kategoriseres som midlertidige eller permanente.<\/p>\n\n\n\n<h2 class=\"wp-block-heading\">Rettslig grunnlag<\/h2>\n\n\n\n<h3 class=\"wp-block-heading\">Berettiget interesse<\/h3>\n\n\n\n<p>N\u00f8dvendige informasjonskapsler er alltid aktivert n\u00e5r du bes\u00f8ker nettstedet, siden disse er n\u00f8dvendige for at nettstedet skal fungere. Behandlingen av n\u00f8dvendige informasjonskapsler er basert p\u00e5 v\u00e5r berettigede interesse i \u00e5 tilby deg et nettsted som fungerer som det skal. Vi har avveid denne interessen mot dine interesser, grunnleggende rettigheter og friheter.<\/p>\n\n\n\n<h3 class=\"wp-block-heading\">Samtykke<\/h3>\n\n\n\n<p>Behandlingen av andre funksjonelle, statistiske og markedsf\u00f8ringsrelaterte informasjonskapsler er basert p\u00e5 ditt samtykke. F\u00f8rste gang du bes\u00f8ker nettstedet, informerer vi deg om bruken av informasjonskapsler og lar deg velge om du vil godta bruk av informasjonskapsler eller endre innstillingene. Du trenger ikke godta bruk av informasjonskapsler for \u00e5 bruke nettstedet, men noen tjenester og funksjoner kan v\u00e6re begrenset eller utilgjengelige hvis du ikke godtar bruk av informasjonskapsler.<\/p>\n\n\n\n<p>Du kan n\u00e5r som helst trekke tilbake samtykket ditt ved \u00e5 klikke p\u00e5 ikonet for informasjonskapselinnstillinger p\u00e5 nettstedet.<\/p>\n\n\n\n<p>Husk: Hvis du bruker flere nettlesere, m\u00e5 du slette informasjonskapsler i alle.<\/p>\n\n\n\n<p>Samtykket ditt gjelder nettstedet careium.com.<\/p>\n\n\n\n<h2 class=\"wp-block-heading\">Oversikt over informasjonskapsler<\/h2>\n\n\n\n<div class=\"uc-embed\"><\/div>\n\n\n\n<div style=\"height:20px\" aria-hidden=\"true\" class=\"wp-block-spacer\"><\/div>\n\n\n\n<h2 class=\"wp-block-heading\">Overf\u00f8ring av personopplysninger til land utenfor EU\/E\u00d8S<\/h2>\n\n\n\n<p>Vi bruker informasjonskapsler fra tredjeparter p\u00e5 nettstedet v\u00e5rt. Bruk av informasjonskapsler fra tredjeparter betyr at personopplysningene dine kan bli overf\u00f8rt til tredjeparter i tredjeland, f.eks. USA. Hvis personopplysninger overf\u00f8res til et tredjeland, iverksetter vi alltid egnede tiltak for \u00e5 beskytte personopplysningene dine best mulig. Egnede beskyttelsestiltak kan for eksempel v\u00e6re:<\/p>\n\n\n\n<ul class=\"wp-block-list\">\n<li>Forsikre oss om at Europakommisjonen har besluttet at landet personopplysningene overf\u00f8res til, har et tilstrekkelig niv\u00e5 for vern av personopplysninger som tilsvarer vernet som gis gjennom personvernforordningen (GDPR).<\/li>\n\n\n\n<li>Inng\u00e5 en avtale basert p\u00e5 Europakommisjonens standardavtalevilk\u00e5r med mottakeren av personopplysningene i tredjelandet. N\u00e5r personopplysninger overf\u00f8res til et tredjeland p\u00e5 grunnlag av en avtale basert p\u00e5 Europakommisjonens standardavtalevilk\u00e5r, vurderer vi om lovgivningen i mottakerlandet p\u00e5virker beskyttelsen av personopplysningene. Hvis det er n\u00f8dvendig, iverksetter vi bestemte tekniske og organisatoriske tiltak for \u00e5 sikre at niv\u00e5et for vern av personopplysninger opprettholdes under overf\u00f8ringen til det relevante landet utenfor EU\/E\u00d8S. P\u00e5 grunn av lover som gjelder bekjempelse av kriminalitet og beskyttelse av nasjonal sikkerhet i USA, er det imidlertid en viss risiko for at amerikanske myndigheter kan f\u00e5 tilgang til personopplysninger som overf\u00f8res til USA, til tross for de tekniske og organisatoriske sikkerhetstiltakene vi iverksetter.<\/li>\n<\/ul>\n\n\n\n<p>Henvend deg til gdpr(at)careium.com hvis du trenger mer informasjon om beskyttelsestiltakene.<\/p>\n\n\n\n<h2 class=\"wp-block-heading\">Innstillinger for informasjonskapsler<\/h2>\n\n\n\n<p>F\u00f8rste gang du bes\u00f8ker nettstedet, \u00e5pnes et dialogvindu der du blir bedt om \u00e5 gj\u00f8re noen innstillinger for informasjonskapsler. I dialogvinduet kan du velge om du vil avvise eller godta de enkelte kategoriene av informasjonskapsler, unntatt n\u00f8dvendige informasjonskapsler. Du bekrefter innstillingene dine ved \u00e5 klikke p\u00e5 <strong>Avvis<\/strong>, <strong>Godta utvalgte<\/strong> eller <strong>Godta alle<\/strong>. Du kan n\u00e5r som helst \u00e5pne dialogvinduet igjen ved \u00e5 klikke p\u00e5 ikonet for informasjonskapselinnstillinger p\u00e5 nettstedet.<\/p>\n\n\n\n<p>I dialogvinduet finner du informasjon om kategoriene av informasjonskapsler som brukes p\u00e5 nettstedet. V\u00e6r oppmerksom p\u00e5 at nettstedets funksjonalitet kan bli p\u00e5virket hvis du avviser enkelte informasjonskapsler.<\/p>\n\n\n\n<h2 class=\"wp-block-heading\">Endre samtykke<\/h2>\n\n\n\n<p>Du kan endre samtykket ditt ved \u00e5 slette informasjonskapsler i nettleseren din eller ved \u00e5 klikke p\u00e5 lenken nedenfor.<\/p>\n\n\n\n<p>Klikk her for \u00e5 oppdatere innstillingene for informasjonskapsler.<\/p>\n\n\n\n<button class=\"link link--button\">Innstillingene for informasjonskapsler<\/button>\n\n\n\n<p>Husk: Hvis du bruker flere nettlesere, m\u00e5 du slette informasjonskapsler i alle.<\/p>\n\n\n\n<h2 class=\"wp-block-heading\">Nettleserinnstillinger<\/h2>\n\n\n\n<p>Du kan gj\u00f8re innstillinger for informasjonskapsler i de fleste nettlesere. Nedenfor finner du lenker til innstillingene i noen vanlige nettlesere. Du finner mer informasjon om informasjonskapsler p\u00e5 nettstedet til den relevante myndigheten. I Norge er dette Nasjonal kommunikasjonsmyndighet <a href=\"http:\/\/www.nkom.no\" target=\"_blank\" rel=\"noopener\">www.nkom.no<\/a>.<\/p>\n\n\n\n<p><a href=\"https:\/\/support.google.com\/accounts\/answer\/61416?co=GENIE.Platform%3DDesktop&amp;hl=en\" target=\"_blank\" rel=\"noreferrer noopener nofollow\">Google Chrome<\/a><\/p>\n\n\n\n<p><a href=\"https:\/\/support.microsoft.com\/en-gb\/microsoft-edge\/microsoft-edge-browsing-data-and-privacy-bb8174ba-9d73-dcf2-9b4a-c582b4e640dd\" target=\"_blank\" rel=\"noreferrer noopener nofollow\">Microsoft Edge<\/a><\/p>\n\n\n\n<p><a href=\"https:\/\/support.mozilla.org\/en-US\/kb\/enhanced-tracking-protection-firefox-desktop?redirectslug=enable-and-disable-cookies-website-preferences&amp;redirectlocale=en-US\" target=\"_blank\" rel=\"noreferrer noopener nofollow\">Mozilla Firefox<\/a><\/p>\n\n\n\n<p><a href=\"https:\/\/support.microsoft.com\/en-gb\/help\/17442\/windows-internet-explorer-delete-manage-cookies\" target=\"_blank\" rel=\"noreferrer noopener nofollow\">Microsoft Internet Explorer<\/a><\/p>\n\n\n\n<p><a href=\"https:\/\/help.opera.com\/en\/latest\/web-preferences\/\" target=\"_blank\" rel=\"noreferrer noopener nofollow\">Opera<\/a><\/p>\n\n\n\n<p><a href=\"https:\/\/support.apple.com\/en-gb\/safari\" target=\"_blank\" rel=\"noreferrer noopener nofollow\">Apple Safari<\/a><\/p>\n\n\n\n<p>Du finner tilsvarende informasjon for andre nettlesere p\u00e5 utviklerens nettsted. Du kan sl\u00e5 av sporing med Google Analytics for alle nettsteder p\u00e5 <a href=\"http:\/\/tools.google.com\/dlpage\/gaoptout\" target=\"_blank\" rel=\"noreferrer noopener nofollow\">http:\/\/tools.google.com\/dlpage\/gaoptout<\/a>.<\/p>\n\n\n\n<h2 class=\"wp-block-heading\">Oppdatering av retningslinjene for informasjonskapsler<\/h2>\n\n\n\n<p>Vi oppdaterer retningslinjene for informasjonskapsler fra tid til annen. Du vil alltid finne den nyeste versjonen p\u00e5 nettstedet. Sjekk dem derfor jevnlig for \u00e5 holde deg oppdatert.<\/p>\n\n\n\n<h2 class=\"wp-block-heading\">Kontaktopplysninger<\/h2>\n\n\n\n<p>Hvis du har sp\u00f8rsm\u00e5l om v\u00e5r bruk av informasjonskapsler, kan du kontakte oss p\u00e5: <\/p>\n\n\n\n<p><strong>gdpr(at)careium.com<\/strong><\/p>\n\n\n\n<p>Du finner mer informasjon om hvordan vi behandler personopplysninger, og hvordan du kan ut\u00f8ve dine rettigheter som registrert, i v\u00e5r <a href=\"https:\/\/www.careium.com\/no\/personvernerklaering\/\" data-type=\"page\" data-id=\"2027\">Personvernerklaering<\/a>.<\/p>\n\n\n\n<p><br>Sist oppdatert: 23. mars 2026.<\/p>\n","protected":false},"excerpt":{"rendered":"<p>Retningslinjer for informasjonskapsler Careium Sweden AB bruker informasjonskapsler p\u00e5 nettstedet www.careium.com (&laquo;nettstedet&raquo;). Careium Sweden AB er behandlingsansvarlig for behandlingen av personopplysninger. Careium er opptatt av \u00e5 ivareta personvernet ditt. I disse retningslinjene for informasjonskapsler (&laquo;retningslinjer for informasjonskapsler&raquo;) forklarer vi hvordan vi bruker informasjonskapsler og andre lignende teknologier til \u00e5 gjenkjenne deg n\u00e5r du bes\u00f8ker nettstedene&#8230;<\/p>\n","protected":false},"author":4,"featured_media":0,"parent":0,"menu_order":0,"comment_status":"closed","ping_status":"closed","template":"template-text-page.blade.php","meta":{"_acf_changed":false,"footnotes":""},"class_list":["post-2066","page","type-page","status-publish","hentry"],"acf":[],"_links":{"self":[{"href":"https:\/\/www.careium.com\/no\/wp-json\/wp\/v2\/pages\/2066","targetHints":{"allow":["GET"]}}],"collection":[{"href":"https:\/\/www.careium.com\/no\/wp-json\/wp\/v2\/pages"}],"about":[{"href":"https:\/\/www.careium.com\/no\/wp-json\/wp\/v2\/types\/page"}],"author":[{"embeddable":true,"href":"https:\/\/www.careium.com\/no\/wp-json\/wp\/v2\/users\/4"}],"replies":[{"embeddable":true,"href":"https:\/\/www.careium.com\/no\/wp-json\/wp\/v2\/comments?post=2066"}],"version-history":[{"count":5,"href":"https:\/\/www.careium.com\/no\/wp-json\/wp\/v2\/pages\/2066\/revisions"}],"predecessor-version":[{"id":4789,"href":"https:\/\/www.careium.com\/no\/wp-json\/wp\/v2\/pages\/2066\/revisions\/4789"}],"wp:attachment":[{"href":"https:\/\/www.careium.com\/no\/wp-json\/wp\/v2\/media?parent=2066"}],"curies":[{"name":"wp","href":"https:\/\/api.w.org\/{rel}","templated":true}]}}