{"id":211,"date":"2025-05-16T11:10:00","date_gmt":"2025-05-16T11:10:00","guid":{"rendered":"https:\/\/www.careium.com\/no\/?page_id=211"},"modified":"2026-03-27T16:51:15","modified_gmt":"2026-03-27T15:51:15","slug":"visjon","status":"publish","type":"page","link":"https:\/\/www.careium.com\/no\/om-oss\/visjon\/","title":{"rendered":"Visjon"},"content":{"rendered":"\n<h1 class=\"wp-block-heading\">Visjon<\/h1>\n\n\n\n<div style=\"height:20px\" aria-hidden=\"true\" class=\"wp-block-spacer is-style-medium\"><\/div>\n\n\n\n<h2 class=\"wp-block-heading has-text-align-left\">For et rikere og tryggere liv<\/h2>\n\n\n\n<div style=\"height:16px\" aria-hidden=\"true\" class=\"wp-block-spacer is-style-small\"><\/div>\n\n\n\n<div class=\"wp-block-cover is-light is-style-rounded\" style=\"min-height:50px;aspect-ratio:unset;\"><span aria-hidden=\"true\" class=\"wp-block-cover__background has-neutral-pure-background-color has-background-dim-100 has-background-dim\"><\/span><div class=\"wp-block-cover__inner-container is-layout-constrained wp-block-cover-is-layout-constrained\">\n<div style=\"height:16px\" aria-hidden=\"true\" class=\"wp-block-spacer is-style-small\"><\/div>\n\n\n<div class=\"wp-block-quote\" style=\"\">\n        <blockquote class=\"wp-block-quote__text no-image\">\n        <p class=\"wp-block-quote__quote\">Millioner er i stand til \u00e5 leve rike, trygge og aktive liv, st\u00f8ttet av innovasjon og menneskelig kontakt.<\/p>\n                    <\/blockquote>\n<\/div>\n\n\n\n<div style=\"height:5px\" aria-hidden=\"true\" class=\"wp-block-spacer is-style-half-on-mobile\"><\/div>\n<\/div><\/div>\n\n\n\n<div style=\"height:16px\" aria-hidden=\"true\" class=\"wp-block-spacer is-style-small\"><\/div>\n\n\n\n<p>Dette er v\u00e5r visjon og selve grunnlaget for Careiums eksistens. Det som driver oss, er at vi virkelig bryr oss om brukerne v\u00e5re \u2013 behovene deres st\u00e5r alltid i sentrum for det vi gj\u00f8r. Med dette som utgangspunkt, er vi alltid p\u00e5 leting etter bedre m\u00e5ter vi kan hjelpe p\u00e5.<\/p>\n\n\n\n<div style=\"height:20px\" aria-hidden=\"true\" class=\"wp-block-spacer is-style-small\"><\/div>\n\n\n<div class=\"wp-block-embed\" style=\"\">\n            <div class=\"wp-block-embed__cover\">\n            <picture>\n                                    <source media=\"(min-width: 10px)\" srcset=\"https:\/\/www.careium.com\/app\/uploads\/sites\/6\/2025\/06\/Blog-featured-images-4-780x408.png.webp\" type=\"image\/webp\"\n                    width=\"780\" height=\"408\">\n                            <source media=\"(min-width: 10px)\" srcset=\"https:\/\/www.careium.com\/app\/uploads\/sites\/6\/2025\/06\/Blog-featured-images-4-780x408.png\" type=\"image\/png\"\n                    width=\"780\" height=\"408\">\n                    \n\n        <img decoding=\"async\"  src=\"https:\/\/www.careium.com\/app\/uploads\/sites\/6\/2025\/06\/Blog-featured-images-4-780x408.png\" alt=\"\" loading=\"lazy\"\n            width=\"780\" height=\"408\">\n    <\/picture>\n        <\/div>\n    \n    <iframe title=\"This is Careium\" width=\"640\" height=\"360\" data-src=\"https:\/\/www.youtube.com\/embed\/reQikbbnvbg?feature=oembed\" frameborder=\"0\" allow=\"accelerometer; autoplay; clipboard-write; encrypted-media; gyroscope; picture-in-picture; web-share\" referrerpolicy=\"strict-origin-when-cross-origin\" allowfullscreen><\/iframe>\n\n    <div class=\"wp-block-embed__blocker hidden\">\n      <p><strong>Denne videoen er ikke tilgjengelig. <\/strong>Du m\u00e5 godta informasjonskapsler for markedsf\u00f8ring for \u00e5 kunne se dette innholdet. \u00c5pne innstillingene for informasjonskapsler og godta markedsf\u00f8ringskategorien, og oppdater siden.<\/p>\n      <a href=\"#\" onClick=\"UC_UI.showSecondLayer();\">Innstillinger for informasjonskapsler<\/a>\n    <\/div>\n\n    <button class=\"wp-block-embed__player\" title=\"Spill av video\">\n        <i class=\"fa-regular fa-circle-play\"><\/i>\n    <\/button>\n<\/div>\n\n\n\n<div style=\"height:20px\" aria-hidden=\"true\" class=\"wp-block-spacer is-style-medium\"><\/div>\n\n\n\n<h2 class=\"wp-block-heading has-primary-color has-text-color has-link-color wp-elements-2b850e392d4459fbc19f0d47602ae9ad\">Dette gj\u00f8r vi&nbsp;<\/h2>\n\n\n\n<p>Teknologi og digitalisering er kraftfulle verkt\u00f8y. Vi slutter aldri \u00e5 lete etter nye, banebrytende l\u00f8sninger som kan gi b\u00e5de kundene og brukerne v\u00e5re et enklere liv. Til syvende og sist er det dette vi gj\u00f8r. Vi bruker all v\u00e5r erfaring, kunnskap og kreative nyskapning for \u00e5 muliggj\u00f8re et selvstendig liv med omsorg. V\u00e6r smart, vis omsorg og v\u00e6r en helt \u2013 det er filosofien v\u00e5r.<\/p>\n\n\n\n<h2 class=\"wp-block-heading has-primary-color has-text-color has-link-color wp-elements-6052a37f97251daf180666ead50d0255\">Slik gj\u00f8r vi det&nbsp;<\/h2>\n\n\n\n<p>Hvordan kan vi gj\u00f8re visjonen v\u00e5r til virkelighet? Ved \u00e5 v\u00e6re hverdagshelter, bruke smart teknologi for \u00e5 tilby omsorg, og hjelpe enkeltmennesker p\u00e5 deres egne vilk\u00e5r. Det er v\u00e5r misjon.<\/p>\n\n\n\n<p><\/p>\n\n\n\n<p><strong>Vi lover omsorgsfulle hjerter og smarte l\u00f8sninger som hjelper brukerne v\u00e5re i dagliglivet. I Careium holder vi det vi lover. <\/strong><\/p>\n","protected":false},"excerpt":{"rendered":"<p>Visjon For et rikere og tryggere liv Dette er v\u00e5r visjon og selve grunnlaget for Careiums eksistens. Det som driver oss, er at vi virkelig bryr oss om brukerne v\u00e5re \u2013 behovene deres st\u00e5r alltid i sentrum for det vi gj\u00f8r. Med dette som utgangspunkt, er vi alltid p\u00e5 leting etter bedre m\u00e5ter vi kan&#8230;<\/p>\n","protected":false},"author":5,"featured_media":0,"parent":206,"menu_order":0,"comment_status":"closed","ping_status":"closed","template":"template-text-page.blade.php","meta":{"_acf_changed":false,"footnotes":""},"class_list":["post-211","page","type-page","status-publish","hentry"],"acf":[],"_links":{"self":[{"href":"https:\/\/www.careium.com\/no\/wp-json\/wp\/v2\/pages\/211","targetHints":{"allow":["GET"]}}],"collection":[{"href":"https:\/\/www.careium.com\/no\/wp-json\/wp\/v2\/pages"}],"about":[{"href":"https:\/\/www.careium.com\/no\/wp-json\/wp\/v2\/types\/page"}],"author":[{"embeddable":true,"href":"https:\/\/www.careium.com\/no\/wp-json\/wp\/v2\/users\/5"}],"replies":[{"embeddable":true,"href":"https:\/\/www.careium.com\/no\/wp-json\/wp\/v2\/comments?post=211"}],"version-history":[{"count":5,"href":"https:\/\/www.careium.com\/no\/wp-json\/wp\/v2\/pages\/211\/revisions"}],"predecessor-version":[{"id":4806,"href":"https:\/\/www.careium.com\/no\/wp-json\/wp\/v2\/pages\/211\/revisions\/4806"}],"up":[{"embeddable":true,"href":"https:\/\/www.careium.com\/no\/wp-json\/wp\/v2\/pages\/206"}],"wp:attachment":[{"href":"https:\/\/www.careium.com\/no\/wp-json\/wp\/v2\/media?parent=211"}],"curies":[{"name":"wp","href":"https:\/\/api.w.org\/{rel}","templated":true}]}}