{"id":220,"date":"2025-05-16T11:07:40","date_gmt":"2025-05-16T11:07:40","guid":{"rendered":"https:\/\/www.careium.com\/no\/?page_id=220"},"modified":"2026-04-15T10:34:52","modified_gmt":"2026-04-15T08:34:52","slug":"standarder-og-retningslinjer","status":"publish","type":"page","link":"https:\/\/www.careium.com\/no\/om-oss\/standarder-og-retningslinjer\/","title":{"rendered":"Standarder og retningslinjer"},"content":{"rendered":"\n<h1 class=\"wp-block-heading has-text-align-left has-text-align-center\">Standarder og retningslinjer<\/h1>\n\n\n\n<div style=\"height:20px\" aria-hidden=\"true\" class=\"wp-block-spacer\"><\/div>\n\n\n\n<p class=\"has-text-align-left\"><strong>Careium streber etter \u00e5 v\u00e6re et b\u00e6rekraftig selskap med god forretningsetikk. Vi \u00f8nsker \u00e5 v\u00e6re en attraktiv arbeidsgiver ved \u00e5 skape et arbeidsmilj\u00f8 basert p\u00e5 samarbeid, ansvar og \u00e5penhet. V\u00e5re konsernomfattende retningslinjer utfyller v\u00e5re verdier.<\/strong><\/p>\n\n\n\n<p><a href=\"https:\/\/www.careium.com\/app\/uploads\/sites\/6\/2025\/10\/forretningsetiske-retningslinjer-careium-no.pdf\" target=\"_blank\" data-type=\"attachment\" data-id=\"4034\" rel=\"noreferrer noopener\">Careium forretningsetiske retningslinjer<\/a> (inkludert retningslinjer for kvalitet, milj\u00f8, informasjonssikkerhet og arbeidsmilj\u00f8)<\/p>\n\n\n\n<p><a href=\"https:\/\/www.careium.com\/app\/uploads\/sites\/6\/2026\/01\/sertifikat-kvalitet-iso-9001-2015-careium-no.pdf\" target=\"_blank\" rel=\"noreferrer noopener\">ISO 9001 (kvalitet) sertifikat<\/a><\/p>\n\n\n\n<p><a href=\"https:\/\/www.careium.com\/app\/uploads\/sites\/6\/2026\/01\/sertifikat-miljo-iso-14001-2015-careium-no.pdf\" target=\"_blank\" rel=\"noreferrer noopener\">ISO 14001 (milj\u00f8) sertifikat<\/a><\/p>\n\n\n\n<p><a href=\"https:\/\/www.careium.com\/app\/uploads\/sites\/8\/2026\/04\/Careium-group-ISO-27001-certificate-2026-2029.pdf\" target=\"_blank\" rel=\"noreferrer noopener\">ISO 27001 (informasjonssikkerhet) sertifikat<\/a><\/p>\n\n\n\n<p><a href=\"https:\/\/www.careium.com\/app\/uploads\/sites\/8\/2025\/04\/esg-policy-suppliers-211008-careium-en.pdf\" target=\"_blank\" rel=\"noreferrer noopener\">ESG policy for suppliers<\/a><\/p>\n\n\n\n<p><a href=\"https:\/\/www.careium.com\/app\/uploads\/sites\/8\/2026\/04\/Corporate-Sustainability-Due-Diligence-Careium-group-2026.pdf\" target=\"_blank\" rel=\"noreferrer noopener\">Corporate Sustainability Due Diligence Statement<\/a><\/p>\n\n\n\n<p><a href=\"https:\/\/www.careium.com\/app\/uploads\/sites\/8\/2025\/04\/cybersecurity-through-the-lifecycle-of-connected-devices-240322-careium-en.pdf\" target=\"_blank\" rel=\"noreferrer noopener\">Cybersecurity through the lifecycle of connected devices<\/a><\/p>\n\n\n\n<p><a href=\"https:\/\/www.careium.com\/app\/uploads\/sites\/8\/2025\/04\/it-assurance-statement-dora-250102-careium-en.pdf\" target=\"_blank\" rel=\"noreferrer noopener\">IT Assurance Statement according to DORA<\/a><\/p>\n\n\n\n<p><\/p>\n","protected":false},"excerpt":{"rendered":"<p>Standarder og retningslinjer Careium streber etter \u00e5 v\u00e6re et b\u00e6rekraftig selskap med god forretningsetikk. Vi \u00f8nsker \u00e5 v\u00e6re en attraktiv arbeidsgiver ved \u00e5 skape et arbeidsmilj\u00f8 basert p\u00e5 samarbeid, ansvar og \u00e5penhet. V\u00e5re konsernomfattende retningslinjer utfyller v\u00e5re verdier. Careium forretningsetiske retningslinjer (inkludert retningslinjer for kvalitet, milj\u00f8, informasjonssikkerhet og arbeidsmilj\u00f8) ISO 9001 (kvalitet) sertifikat ISO 14001&#8230;<\/p>\n","protected":false},"author":5,"featured_media":0,"parent":206,"menu_order":0,"comment_status":"closed","ping_status":"closed","template":"template-text-page.blade.php","meta":{"_acf_changed":false,"footnotes":""},"class_list":["post-220","page","type-page","status-publish","hentry"],"acf":[],"_links":{"self":[{"href":"https:\/\/www.careium.com\/no\/wp-json\/wp\/v2\/pages\/220","targetHints":{"allow":["GET"]}}],"collection":[{"href":"https:\/\/www.careium.com\/no\/wp-json\/wp\/v2\/pages"}],"about":[{"href":"https:\/\/www.careium.com\/no\/wp-json\/wp\/v2\/types\/page"}],"author":[{"embeddable":true,"href":"https:\/\/www.careium.com\/no\/wp-json\/wp\/v2\/users\/5"}],"replies":[{"embeddable":true,"href":"https:\/\/www.careium.com\/no\/wp-json\/wp\/v2\/comments?post=220"}],"version-history":[{"count":5,"href":"https:\/\/www.careium.com\/no\/wp-json\/wp\/v2\/pages\/220\/revisions"}],"predecessor-version":[{"id":4883,"href":"https:\/\/www.careium.com\/no\/wp-json\/wp\/v2\/pages\/220\/revisions\/4883"}],"up":[{"embeddable":true,"href":"https:\/\/www.careium.com\/no\/wp-json\/wp\/v2\/pages\/206"}],"wp:attachment":[{"href":"https:\/\/www.careium.com\/no\/wp-json\/wp\/v2\/media?parent=220"}],"curies":[{"name":"wp","href":"https:\/\/api.w.org\/{rel}","templated":true}]}}