{"id":224,"date":"2025-05-16T11:05:54","date_gmt":"2025-05-16T11:05:54","guid":{"rendered":"https:\/\/www.careium.com\/no\/?page_id=224"},"modified":"2026-03-11T09:30:44","modified_gmt":"2026-03-11T08:30:44","slug":"varslingsrutine","status":"publish","type":"page","link":"https:\/\/www.careium.com\/no\/om-oss\/varslingsrutine\/","title":{"rendered":"Varslingsrutine"},"content":{"rendered":"\n<h1 class=\"wp-block-heading has-text-align-left has-text-align-center\">Varslingsrutine<\/h1>\n\n\n\n<div style=\"height:20px\" aria-hidden=\"true\" class=\"wp-block-spacer\"><\/div>\n\n\n\n<p>Det er sv\u00e6rt viktig at vi utf\u00f8rer det daglige arbeidet v\u00e5rt med \u00e6rlighet, stor personlig integritet og respekt for andre. <a href=\"https:\/\/www.careium.com\/no\/om-oss\/standarder-og-retningslinjer\/\" data-type=\"attachment\" data-id=\"630\">Careiums Forretningsetiske Retningslinjer<\/a> gir klare retningslinjer for ansatte og leverand\u00f8rer.&nbsp;<\/p>\n\n\n\n<p><\/p>\n\n\n\n<p>Varslingsfunksjonen er hovedsakelig ment \u00e5 h\u00e5ndtere mistanke om alvorlig uakseptabel atferd knyttet til for eksempel:\u00a0<\/p>\n\n\n\n<ul class=\"wp-block-list\">\n<li>Ulovlige aktiviteter<\/li>\n\n\n\n<li>\u00d8konomisk kriminalitet eller korrupsjon<\/li>\n\n\n\n<li>Menneskerettigheter<\/li>\n\n\n\n<li>Alvorlig innvirkning p\u00e5 enkeltpersoners liv og helse<\/li>\n\n\n\n<li>Beskyttelse av personvern og personopplysninger<\/li>\n\n\n\n<li>Milj\u00f8vern<\/li>\n<\/ul>\n\n\n\n<p>Under varslingsprosessen vil du v\u00e6re helt anonym, med mindre du frivillig oppgir personopplysninger.<\/p>\n\n\n\n<p>Innsendte rapporter h\u00e5ndteres av lederne for HR, Finance og Sustainability. Dersom rapporten omfatter en av disse rollene\/ personene eller avdelingene, vil personen\/ rollen bli ekskludert.<\/p>\n\n\n\n<div class=\"wp-block-buttons is-layout-flex wp-block-buttons-is-layout-flex\">\n<div class=\"wp-block-button\"><a class=\"wp-block-button__link wp-element-button\" href=\"https:\/\/careium.whistlelink.com\/\" target=\"_blank\" rel=\"noreferrer noopener\"><strong>Varslingskanalen finner du her<\/strong><\/a><\/div>\n<\/div>\n\n\n\n<p><strong>Merk: <\/strong><\/p>\n\n\n\n<ul class=\"wp-block-list\">\n<li>Kunder som \u00f8nsker \u00e5 fremsette krav eller klage p\u00e5 produkter eller tjenester skal prim\u00e6rt bruke reklamasjons-\/ klagekanalene for hvert land.<\/li>\n\n\n\n<li>Ansatte: Kommentarer og bemerkninger om v\u00e5r virksomhet, som ikke er en grov forseelse, b\u00f8r rapporteres til n\u00e6rmeste leder eller HR. Imidlertid kan alle som ikke er komfortabel med \u00e5 rapportere til noen av disse bruke varslerrutinen.<\/li>\n<\/ul>\n","protected":false},"excerpt":{"rendered":"<p>Varslingsrutine Det er sv\u00e6rt viktig at vi utf\u00f8rer det daglige arbeidet v\u00e5rt med \u00e6rlighet, stor personlig integritet og respekt for andre. Careiums Forretningsetiske Retningslinjer gir klare retningslinjer for ansatte og leverand\u00f8rer.&nbsp; Varslingsfunksjonen er hovedsakelig ment \u00e5 h\u00e5ndtere mistanke om alvorlig uakseptabel atferd knyttet til for eksempel:\u00a0 Under varslingsprosessen vil du v\u00e6re helt anonym, med mindre&#8230;<\/p>\n","protected":false},"author":5,"featured_media":0,"parent":206,"menu_order":0,"comment_status":"closed","ping_status":"closed","template":"template-text-page.blade.php","meta":{"_acf_changed":false,"footnotes":""},"class_list":["post-224","page","type-page","status-publish","hentry"],"acf":[],"_links":{"self":[{"href":"https:\/\/www.careium.com\/no\/wp-json\/wp\/v2\/pages\/224","targetHints":{"allow":["GET"]}}],"collection":[{"href":"https:\/\/www.careium.com\/no\/wp-json\/wp\/v2\/pages"}],"about":[{"href":"https:\/\/www.careium.com\/no\/wp-json\/wp\/v2\/types\/page"}],"author":[{"embeddable":true,"href":"https:\/\/www.careium.com\/no\/wp-json\/wp\/v2\/users\/5"}],"replies":[{"embeddable":true,"href":"https:\/\/www.careium.com\/no\/wp-json\/wp\/v2\/comments?post=224"}],"version-history":[{"count":4,"href":"https:\/\/www.careium.com\/no\/wp-json\/wp\/v2\/pages\/224\/revisions"}],"predecessor-version":[{"id":4490,"href":"https:\/\/www.careium.com\/no\/wp-json\/wp\/v2\/pages\/224\/revisions\/4490"}],"up":[{"embeddable":true,"href":"https:\/\/www.careium.com\/no\/wp-json\/wp\/v2\/pages\/206"}],"wp:attachment":[{"href":"https:\/\/www.careium.com\/no\/wp-json\/wp\/v2\/media?parent=224"}],"curies":[{"name":"wp","href":"https:\/\/api.w.org\/{rel}","templated":true}]}}