{"id":376,"date":"2025-05-13T17:41:17","date_gmt":"2025-05-13T17:41:17","guid":{"rendered":"https:\/\/www.careium.com\/no\/?page_id=376"},"modified":"2026-03-12T15:18:36","modified_gmt":"2026-03-12T14:18:36","slug":"produkter-a-stole-pa","status":"publish","type":"page","link":"https:\/\/www.careium.com\/no\/om-oss\/baerekraft\/produkter-a-stole-pa\/","title":{"rendered":"Produkter \u00e5 stole p\u00e5"},"content":{"rendered":"\n<h1 class=\"wp-block-heading has-text-align-left has-text-align-center\">Produkter \u00e5 stole p\u00e5<\/h1>\n\n\n\n<h2 class=\"wp-block-heading\">Brukerverdi<\/h2>\n\n\n\n<p>Brukeranalyser og felttester utf\u00f8res sammen med brukerne ved utvikling av nye produkter. Careiums produktutvikling er kvalitetssertifisert i henhold til ISO 9001 og har klare prosesser for at produkter og tjenester skal oppfylle kundenes krav og v\u00e6re i samsvar med gjeldende lovverk.<\/p>\n\n\n\n<p>Vi har fokus p\u00e5 hvilke materialer som brukes, at kravene til avfallsh\u00e5ndtering og resirkulering oppfylles, og hvordan produktene kan v\u00e6re trygge og brukervennlige.<\/p>\n\n\n\n<p><\/p>\n\n\n\n<h2 class=\"wp-block-heading\">Gjenbruk<\/h2>\n\n\n\n<p>Careiums produkter er utviklet for \u00e5 v\u00e6re enkle \u00e5 desinfisere, reparere, oppdatere og gjenbruke. V\u00e5re trygghetsalarmer har blant annet utskiftbare armb\u00e5nd. Produktene er av h\u00f8y kvalitet og er laget for \u00e5 t\u00e5le langvarig bruk og slitasje.&nbsp;<\/p>\n","protected":false},"excerpt":{"rendered":"<p>Produkter \u00e5 stole p\u00e5 Brukerverdi Brukeranalyser og felttester utf\u00f8res sammen med brukerne ved utvikling av nye produkter. Careiums produktutvikling er kvalitetssertifisert i henhold til ISO 9001 og har klare prosesser for at produkter og tjenester skal oppfylle kundenes krav og v\u00e6re i samsvar med gjeldende lovverk. Vi har fokus p\u00e5 hvilke materialer som brukes, at&#8230;<\/p>\n","protected":false},"author":5,"featured_media":0,"parent":400,"menu_order":0,"comment_status":"closed","ping_status":"closed","template":"template-text-page.blade.php","meta":{"_acf_changed":false,"footnotes":""},"class_list":["post-376","page","type-page","status-publish","hentry"],"acf":[],"_links":{"self":[{"href":"https:\/\/www.careium.com\/no\/wp-json\/wp\/v2\/pages\/376","targetHints":{"allow":["GET"]}}],"collection":[{"href":"https:\/\/www.careium.com\/no\/wp-json\/wp\/v2\/pages"}],"about":[{"href":"https:\/\/www.careium.com\/no\/wp-json\/wp\/v2\/types\/page"}],"author":[{"embeddable":true,"href":"https:\/\/www.careium.com\/no\/wp-json\/wp\/v2\/users\/5"}],"replies":[{"embeddable":true,"href":"https:\/\/www.careium.com\/no\/wp-json\/wp\/v2\/comments?post=376"}],"version-history":[{"count":5,"href":"https:\/\/www.careium.com\/no\/wp-json\/wp\/v2\/pages\/376\/revisions"}],"predecessor-version":[{"id":4463,"href":"https:\/\/www.careium.com\/no\/wp-json\/wp\/v2\/pages\/376\/revisions\/4463"}],"up":[{"embeddable":true,"href":"https:\/\/www.careium.com\/no\/wp-json\/wp\/v2\/pages\/400"}],"wp:attachment":[{"href":"https:\/\/www.careium.com\/no\/wp-json\/wp\/v2\/media?parent=376"}],"curies":[{"name":"wp","href":"https:\/\/api.w.org\/{rel}","templated":true}]}}