{"id":378,"date":"2025-05-13T17:25:38","date_gmt":"2025-05-13T17:25:38","guid":{"rendered":"https:\/\/www.careium.com\/no\/?page_id=378"},"modified":"2026-03-12T15:14:27","modified_gmt":"2026-03-12T14:14:27","slug":"tjenester-a-stole-pa","status":"publish","type":"page","link":"https:\/\/www.careium.com\/no\/om-oss\/baerekraft\/tjenester-a-stole-pa\/","title":{"rendered":"Trygge og sikre tjenester"},"content":{"rendered":"\n<h1 class=\"wp-block-heading has-text-align-left has-text-align-center\">Trygge og sikre tjenester<\/h1>\n\n\n\n<p class=\"has-text-align-left\"><strong>Responssenteret v\u00e5rt h\u00e5ndterer store mengder varsler fra brukere d\u00f8gnet rundt. V\u00e5rt responssenter er ISO 27001-sertifisert for \u00e5 sikre at dataen holdes sikker og konfidensiell.<\/strong><\/p>\n\n\n\n<h2 class=\"wp-block-heading\">Informasjonssikkerhet og tjenester<\/h2>\n\n\n\n<p>V\u00e5rt system for informasjonssikkerhet utgj\u00f8r rammeverket som sikrer riktig administrasjon, overv\u00e5kning og rutiner.<\/p>\n\n\n\n<p><\/p>\n\n\n\n<p>ISO 27001 stiller h\u00f8ye krav til v\u00e5r systematiske h\u00e5ndtering av informasjonssikkerhet, for \u00e5 sikre:<\/p>\n\n\n\n<p><\/p>\n\n\n\n<ul class=\"wp-block-list\">\n<li><strong>Konfidensialitet<\/strong> (beskyttelse mot uautorisert tilgang)<\/li>\n\n\n\n<li><strong>N\u00f8yaktighet<\/strong> (beskyttelse mot u\u00f8nsket endring)<\/li>\n\n\n\n<li><strong>Tilgjengelighet<\/strong> (tilgang for autorisert person til rett tid)<\/li>\n\n\n\n<li><strong>Sporbarhet<\/strong> (mulighet til \u00e5 spore endringer)<\/li>\n<\/ul>\n\n\n\n<p>For \u00e5 minimere risiko for sikkerhetstrusler, er alle ansatte p\u00e5lagt \u00e5 f\u00f8lge v\u00e5re retningslinjer og policyer for informasjonssikkerhet, samt delta i oppl\u00e6ring i informasjonssikkerhet. Oppl\u00e6ringen gir medarbeiderne en bedre forst\u00e5else av risikoer knyttet til informasjonssikkerhet og \u00f8kt bevissthet om hvordan hver enkelt medarbeider kan bidra til en sikker virksomhet.<\/p>\n\n\n\n<p><\/p>\n\n\n\n<p>Proaktive systemtester utf\u00f8res for \u00e5 identifisere trusler, svakheter og risikoer. Avvik, risikoer, m\u00e5linger osv. h\u00e5ndteres i henhold til interne rutiner og f\u00f8lges opp kvartalsvis av v\u00e5rt team for informasjonssikkerhet. Vi har stort fokus p\u00e5 risiko, og det arbeides kontinuerlig med \u00e5 redusere risikoen.<\/p>\n\n\n\n<h2 class=\"wp-block-heading\">Sikker og enkel bruk<\/h2>\n\n\n\n<p>ISO 9001- og ISO 27001-sertifiseringene viser at vi har sikre og trygge prosesser, og at vi jobber p\u00e5 en m\u00e5te som sikrer det p\u00e5krevde serviceniv\u00e5et.<\/p>\n\n\n\n<p><\/p>\n\n\n\n<p>N\u00e5r vi samarbeider med andre leverand\u00f8rer som en del av v\u00e5r tjenestekjede, er dette samarbeidet bygget p\u00e5 avtaler om serviceniv\u00e5, slik at dette opprettholdes fra ende til ende. Beredskapsprosesser og -tester er viktige for \u00e5 sikre at tjenestene opprettholdes p\u00e5 tross av avbrudd. Responssenteret \u00f8ver og g\u00e5r igjennom beredskapsrutiner jevnlig for \u00e5 sikre trygg drift selv ved uforutsette hendelser. Internt IT-personell er i beredskap d\u00f8gnet rundt for \u00e5 sikre driften av responssenteret og h\u00e5ndtere eventuelle driftsforstyrrelser.<\/p>\n","protected":false},"excerpt":{"rendered":"<p>Trygge og sikre tjenester Responssenteret v\u00e5rt h\u00e5ndterer store mengder varsler fra brukere d\u00f8gnet rundt. V\u00e5rt responssenter er ISO 27001-sertifisert for \u00e5 sikre at dataen holdes sikker og konfidensiell. Informasjonssikkerhet og tjenester V\u00e5rt system for informasjonssikkerhet utgj\u00f8r rammeverket som sikrer riktig administrasjon, overv\u00e5kning og rutiner. ISO 27001 stiller h\u00f8ye krav til v\u00e5r systematiske h\u00e5ndtering av informasjonssikkerhet,&#8230;<\/p>\n","protected":false},"author":5,"featured_media":0,"parent":400,"menu_order":0,"comment_status":"closed","ping_status":"closed","template":"template-text-page.blade.php","meta":{"_acf_changed":false,"footnotes":""},"class_list":["post-378","page","type-page","status-publish","hentry"],"acf":[],"_links":{"self":[{"href":"https:\/\/www.careium.com\/no\/wp-json\/wp\/v2\/pages\/378","targetHints":{"allow":["GET"]}}],"collection":[{"href":"https:\/\/www.careium.com\/no\/wp-json\/wp\/v2\/pages"}],"about":[{"href":"https:\/\/www.careium.com\/no\/wp-json\/wp\/v2\/types\/page"}],"author":[{"embeddable":true,"href":"https:\/\/www.careium.com\/no\/wp-json\/wp\/v2\/users\/5"}],"replies":[{"embeddable":true,"href":"https:\/\/www.careium.com\/no\/wp-json\/wp\/v2\/comments?post=378"}],"version-history":[{"count":5,"href":"https:\/\/www.careium.com\/no\/wp-json\/wp\/v2\/pages\/378\/revisions"}],"predecessor-version":[{"id":4501,"href":"https:\/\/www.careium.com\/no\/wp-json\/wp\/v2\/pages\/378\/revisions\/4501"}],"up":[{"embeddable":true,"href":"https:\/\/www.careium.com\/no\/wp-json\/wp\/v2\/pages\/400"}],"wp:attachment":[{"href":"https:\/\/www.careium.com\/no\/wp-json\/wp\/v2\/media?parent=378"}],"curies":[{"name":"wp","href":"https:\/\/api.w.org\/{rel}","templated":true}]}}