{"id":381,"date":"2025-05-13T17:35:27","date_gmt":"2025-05-13T17:35:27","guid":{"rendered":"https:\/\/www.careium.com\/no\/?page_id=381"},"modified":"2026-02-04T13:28:19","modified_gmt":"2026-02-04T12:28:19","slug":"ansvarlig-forretningsgrunnlag","status":"publish","type":"page","link":"https:\/\/www.careium.com\/no\/om-oss\/baerekraft\/ansvarlig-forretningsgrunnlag\/","title":{"rendered":"Et ansvarlig forretningsgrunnlag"},"content":{"rendered":"\n<h1 class=\"wp-block-heading has-text-align-left has-text-align-center\">Et ansvarlig forretningsgrunnlag<\/h1>\n\n\n\n<h2 class=\"wp-block-heading\">Ansatte<\/h2>\n\n\n\n<p>Alle v\u00e5re ansatte bidrar med viktig kunnskap og erfaring i m\u00f8te med brukerne v\u00e5re, enten det er p\u00e5 kundeservice, som tekniker eller alarmoperat\u00f8r p\u00e5 responssenteret.<\/p>\n\n\n\n<p>Vi skal v\u00e6re en attraktiv arbeidsplass med gode utviklingsmuligheter for alle yrkesgruppene som er representert i selskapet. Les mer under <a href=\"https:\/\/career.careium.com\/\" target=\"_blank\" rel=\"noreferrer noopener nofollow\">Karriere<\/a>.<\/p>\n\n\n\n<h2 class=\"wp-block-heading\">Leverand\u00f8rkjeden<\/h2>\n\n\n\n<p>Vi har langsiktige partnerskap med v\u00e5re leverand\u00f8rer. Leverand\u00f8rene blir jevnlig revidert for \u00e5 sikre at de etterlever kravene v\u00e5re. Det forventes at leverand\u00f8rene signerer og overholder v\u00e5re ESG-retningslinjer for leverand\u00f8rer, som er basert p\u00e5 v\u00e5r forretningsetikk og FNs Global Compacts ti prinsipper om menneskerettigheter, arbeidsrett, milj\u00f8 og antikorrupsjon.<\/p>\n\n\n\n<p><\/p>\n\n\n\n<p>Vi krever at leverand\u00f8ren f\u00f8lger de retningslinjer, handlingsplaner og krav som er satt for \u00e5 ha et samarbeid. Hvis leverand\u00f8ren ikke oppfyller disse kravene, har vi rett til \u00e5 avbryte samarbeidet.<\/p>\n\n\n\n<h2 class=\"wp-block-heading\">Styring<\/h2>\n\n\n\n<p>Vi f\u00f8lger ulike retningslinjer for \u00e5 sikre god og etisk styring av selskapet. Se <a href=\"https:\/\/www.careium.com\/no\/om-oss\/standarder-og-retningslinjer\/\">standarder og retningslinjer<\/a> og <a href=\"https:\/\/www.careium.com\/no\/om-oss\/varslingsrutine\/\">Varslerrutine<\/a>.<\/p>\n\n\n\n<p><\/p>\n","protected":false},"excerpt":{"rendered":"<p>Et ansvarlig forretningsgrunnlag Ansatte Alle v\u00e5re ansatte bidrar med viktig kunnskap og erfaring i m\u00f8te med brukerne v\u00e5re, enten det er p\u00e5 kundeservice, som tekniker eller alarmoperat\u00f8r p\u00e5 responssenteret. Vi skal v\u00e6re en attraktiv arbeidsplass med gode utviklingsmuligheter for alle yrkesgruppene som er representert i selskapet. Les mer under Karriere. Leverand\u00f8rkjeden Vi har langsiktige partnerskap&#8230;<\/p>\n","protected":false},"author":5,"featured_media":0,"parent":400,"menu_order":0,"comment_status":"closed","ping_status":"closed","template":"template-text-page.blade.php","meta":{"_acf_changed":false,"footnotes":""},"class_list":["post-381","page","type-page","status-publish","hentry"],"acf":[],"_links":{"self":[{"href":"https:\/\/www.careium.com\/no\/wp-json\/wp\/v2\/pages\/381","targetHints":{"allow":["GET"]}}],"collection":[{"href":"https:\/\/www.careium.com\/no\/wp-json\/wp\/v2\/pages"}],"about":[{"href":"https:\/\/www.careium.com\/no\/wp-json\/wp\/v2\/types\/page"}],"author":[{"embeddable":true,"href":"https:\/\/www.careium.com\/no\/wp-json\/wp\/v2\/users\/5"}],"replies":[{"embeddable":true,"href":"https:\/\/www.careium.com\/no\/wp-json\/wp\/v2\/comments?post=381"}],"version-history":[{"count":4,"href":"https:\/\/www.careium.com\/no\/wp-json\/wp\/v2\/pages\/381\/revisions"}],"predecessor-version":[{"id":4230,"href":"https:\/\/www.careium.com\/no\/wp-json\/wp\/v2\/pages\/381\/revisions\/4230"}],"up":[{"embeddable":true,"href":"https:\/\/www.careium.com\/no\/wp-json\/wp\/v2\/pages\/400"}],"wp:attachment":[{"href":"https:\/\/www.careium.com\/no\/wp-json\/wp\/v2\/media?parent=381"}],"curies":[{"name":"wp","href":"https:\/\/api.w.org\/{rel}","templated":true}]}}