{"id":387,"date":"2025-05-13T16:53:10","date_gmt":"2025-05-13T16:53:10","guid":{"rendered":"https:\/\/www.careium.com\/no\/?page_id=387"},"modified":"2026-03-12T15:12:03","modified_gmt":"2026-03-12T14:12:03","slug":"ressurseffektivitet","status":"publish","type":"page","link":"https:\/\/www.careium.com\/no\/om-oss\/baerekraft\/ressurseffektivitet\/","title":{"rendered":"Ressurseffektivitet"},"content":{"rendered":"\n<h1 class=\"wp-block-heading has-text-align-left has-text-align-center\">Ressurseffektivitet<\/h1>\n\n\n\n<div style=\"height:20px\" aria-hidden=\"true\" class=\"wp-block-spacer\"><\/div>\n\n\n\n<h2 class=\"wp-block-heading\">Samfunnets kostnader<\/h2>\n\n\n\n<p>Velferdsteknologi handler ikke om \u00e5 erstatte menneskelige velferdsressurser med teknologi og automatisering. Det handler f\u00f8rst og fremst om \u00e5 skape <strong>trygghet, frihet og uavhengighet<\/strong> for mennesker med fysiske og kognitive begrensninger.<\/p>\n\n\n\n<p><\/p>\n\n\n\n<p>Velferdsteknologi bidrar ogs\u00e5 til en <strong>mer effektiv og ressurseffektiv behandling<\/strong>. Ved bruk av velferdsteknologiske l\u00f8sninger, kan helsepersonell prioritere ressursbruk der brukernes behovet er st\u00f8rst.<\/p>\n\n\n\n<p>V\u00e5re verdier bygger p\u00e5 troen p\u00e5 et <strong>bedre liv for eldre<\/strong> og et <strong>mer b\u00e6rekraftig velferdssystem<\/strong>.<\/p>\n\n\n\n<h2 class=\"wp-block-heading\">Omsorg for mennesker og planeten<\/h2>\n\n\n\n<p><\/p>\n\n\n\n<p>V\u00e5re produkter og tjenester kan ha en positiv innvirkning p\u00e5 milj\u00f8 og mennesker, <a href=\"https:\/\/www.careium.com\/app\/uploads\/sites\/8\/2025\/04\/competitive-lifecycle-analysis-v1-careium.pdf\" target=\"_blank\" rel=\"noreferrer noopener\">Dokument for livssyklusanalyse<\/a>. Vi er milj\u00f8sertifiserte og v\u00e5rt responssenter er ISO 14001- sertifisert.<\/p>\n\n\n\n<p><\/p>\n\n\n\n<p>Vi arbeider p\u00e5 ulike m\u00e5ter for \u00e5 redusere klimap\u00e5virkningen, blant annet gjennom bruk av el-biler i tjenesten v\u00e5r. Energiforbruket i lokalene m\u00e5les \u00e5rlig, og vi arbeider for \u00e5 redusere milj\u00f8belastningen gjennom optimal arealutnyttelse og bruk av fossilfri energi.<\/p>\n\n\n\n<p>Vi jobber kontinuerlig for \u00e5 holde milj\u00f8p\u00e5virkningen fra transport av produkter p\u00e5 et lavt niv\u00e5.<\/p>\n\n\n\n<p><\/p>\n","protected":false},"excerpt":{"rendered":"<p>Ressurseffektivitet Samfunnets kostnader Velferdsteknologi handler ikke om \u00e5 erstatte menneskelige velferdsressurser med teknologi og automatisering. Det handler f\u00f8rst og fremst om \u00e5 skape trygghet, frihet og uavhengighet for mennesker med fysiske og kognitive begrensninger. Velferdsteknologi bidrar ogs\u00e5 til en mer effektiv og ressurseffektiv behandling. Ved bruk av velferdsteknologiske l\u00f8sninger, kan helsepersonell prioritere ressursbruk der brukernes&#8230;<\/p>\n","protected":false},"author":5,"featured_media":0,"parent":400,"menu_order":0,"comment_status":"closed","ping_status":"closed","template":"template-text-page.blade.php","meta":{"_acf_changed":false,"footnotes":""},"class_list":["post-387","page","type-page","status-publish","hentry"],"acf":[],"_links":{"self":[{"href":"https:\/\/www.careium.com\/no\/wp-json\/wp\/v2\/pages\/387","targetHints":{"allow":["GET"]}}],"collection":[{"href":"https:\/\/www.careium.com\/no\/wp-json\/wp\/v2\/pages"}],"about":[{"href":"https:\/\/www.careium.com\/no\/wp-json\/wp\/v2\/types\/page"}],"author":[{"embeddable":true,"href":"https:\/\/www.careium.com\/no\/wp-json\/wp\/v2\/users\/5"}],"replies":[{"embeddable":true,"href":"https:\/\/www.careium.com\/no\/wp-json\/wp\/v2\/comments?post=387"}],"version-history":[{"count":5,"href":"https:\/\/www.careium.com\/no\/wp-json\/wp\/v2\/pages\/387\/revisions"}],"predecessor-version":[{"id":4499,"href":"https:\/\/www.careium.com\/no\/wp-json\/wp\/v2\/pages\/387\/revisions\/4499"}],"up":[{"embeddable":true,"href":"https:\/\/www.careium.com\/no\/wp-json\/wp\/v2\/pages\/400"}],"wp:attachment":[{"href":"https:\/\/www.careium.com\/no\/wp-json\/wp\/v2\/media?parent=387"}],"curies":[{"name":"wp","href":"https:\/\/api.w.org\/{rel}","templated":true}]}}