{"id":397,"date":"2025-05-13T17:05:56","date_gmt":"2025-05-13T17:05:56","guid":{"rendered":"https:\/\/www.careium.com\/no\/?page_id=397"},"modified":"2026-03-27T17:00:43","modified_gmt":"2026-03-27T16:00:43","slug":"fns-baerekraftsmal","status":"publish","type":"page","link":"https:\/\/www.careium.com\/no\/om-oss\/baerekraft\/fns-baerekraftsmal\/","title":{"rendered":"FNs b\u00e6rekraftsm\u00e5l"},"content":{"rendered":"\n<h1 class=\"wp-block-heading has-text-align-left has-text-align-center is-style-wide\">V\u00e5rt bidrag til FNs b\u00e6rekraftsm\u00e5l&nbsp;<\/h1>\n\n\n\n<p class=\"has-text-align-left\"><strong>Vi fokuserer p\u00e5 godt samarbeid og innovasjon for \u00e5 kunne n\u00e5 FNs b\u00e6rekraftsm\u00e5l. Vi jobber sammen for \u00e5 n\u00e5 hvert enkelt m\u00e5l. Ved \u00e5 samarbeide tett med v\u00e5re kunder og samarbeidspartnere, oppmuntrer vi til et felles ansvar.<\/strong><\/p>\n\n\n\n<p>Vi evaluerer kontinuerlig b\u00e6rekraftsarbeidet v\u00e5rt, og tilpasser teknologien v\u00e5r til nye behov og forventinger i samfunnet. Gjennom denne dynamiske tiln\u00e6rmingen \u00f8nsker vi \u00e5 bidra til en mer b\u00e6rekraftig fremtid \u2013 for enkeltpersoner, lokalsamfunn og planeten v\u00e5r.<\/p>\n\n\n\n<div style=\"height:20px\" aria-hidden=\"true\" class=\"wp-block-spacer\"><\/div>\n\n\n\n<div style=\"height:20 piksler\" aria-hidden=\"true\" class=\"wp-block-spacer\"><\/div>\n\n\n\n<div class=\"wp-block-group\"><div class=\"wp-block-group__inner-container is-layout-constrained wp-block-group-is-layout-constrained\">\n<h2 class=\"wp-block-heading has-text-align-left\">M\u00e5l 8: Anstendige arbeidsforhold og \u00f8konomisk vekst&nbsp;<\/h2>\n\n\n<div class=\"wp-block-image size-large is-style-default\">\n<figure class=\"alignleft size-stor is-resized\"><img loading=\"lazy\" decoding=\"async\" width=\"1500\" height=\"1500\" src=\"https:\/\/www.careium.com\/app\/uploads\/sites\/6\/2025\/05\/un-sustainability-development-goals-8-1.png\" alt=\"UN sustainability goals 8\" class=\"wp-image-393\" style=\"width:80px\" srcset=\"https:\/\/www.careium.com\/app\/uploads\/sites\/6\/2025\/05\/un-sustainability-development-goals-8-1.png 1500w, https:\/\/www.careium.com\/app\/uploads\/sites\/6\/2025\/05\/un-sustainability-development-goals-8-1-300x300.png 300w, https:\/\/www.careium.com\/app\/uploads\/sites\/6\/2025\/05\/un-sustainability-development-goals-8-1-1024x1024.png 1024w, https:\/\/www.careium.com\/app\/uploads\/sites\/6\/2025\/05\/un-sustainability-development-goals-8-1-150x150.png 150w, https:\/\/www.careium.com\/app\/uploads\/sites\/6\/2025\/05\/un-sustainability-development-goals-8-1-768x768.png 768w, https:\/\/www.careium.com\/app\/uploads\/sites\/6\/2025\/05\/un-sustainability-development-goals-8-1-700x700.png 700w, https:\/\/www.careium.com\/app\/uploads\/sites\/6\/2025\/05\/un-sustainability-development-goals-8-1-250x250.png 250w, https:\/\/www.careium.com\/app\/uploads\/sites\/6\/2025\/05\/un-sustainability-development-goals-8-1-120x120.png 120w, https:\/\/www.careium.com\/app\/uploads\/sites\/6\/2025\/05\/un-sustainability-development-goals-8-1-520x520.png 520w, https:\/\/www.careium.com\/app\/uploads\/sites\/6\/2025\/05\/un-sustainability-development-goals-8-1-1036x1036.png 1036w, https:\/\/www.careium.com\/app\/uploads\/sites\/6\/2025\/05\/un-sustainability-development-goals-8-1-1280x1280.png 1280w, https:\/\/www.careium.com\/app\/uploads\/sites\/6\/2025\/05\/un-sustainability-development-goals-8-1-780x780.png 780w, https:\/\/www.careium.com\/app\/uploads\/sites\/6\/2025\/05\/un-sustainability-development-goals-8-1-360x360.png 360w, https:\/\/www.careium.com\/app\/uploads\/sites\/6\/2025\/05\/un-sustainability-development-goals-8-1-600x600.png 600w, https:\/\/www.careium.com\/app\/uploads\/sites\/6\/2025\/05\/un-sustainability-development-goals-8-1-100x100.png 100w\" sizes=\"auto, (max-width: 1500px) 100vw, 1500px\" \/><\/figure>\n<\/div>\n\n\n<p>Vi \u00f8nsker \u00e5 v\u00e6re en ansvarlig og stabil arbeidsgiver som tilbyr trygge arbeidsforhold, rettferdige vilk\u00e5r og utviklingsmuligheter. Dette gjelder b\u00e5de internt i organisasjonen v\u00e5r, og gjennom produktene og tjenestene vi leverer til kundene v\u00e5re.<\/p>\n<\/div><\/div>\n\n\n\n<p>Teknisk innovasjon og grundig oppl\u00e6ring \u00f8ker sikkerheten og trivselen blant b\u00e5de ansatte og brukere. Slik er de i stand til \u00e5 h\u00e5ndtere krevende situasjoner p\u00e5 en trygg m\u00e5te. Vi tar avstand fra alle former for barne- eller tvangsarbeid, og vi er opptatt av \u00e5 skape inkluderende arbeidsplasser med fokus p\u00e5 respekt.<\/p>\n\n\n\n<div style=\"height:20px\" aria-hidden=\"true\" class=\"wp-block-spacer\"><\/div>\n\n\n\n<div class=\"wp-block-group\"><div class=\"wp-block-group__inner-container is-layout-constrained wp-block-group-is-layout-constrained\">\n<h2 class=\"wp-block-heading has-text-align-left\">M\u00e5l 9: Industri, innovasjon og infrastruktur<\/h2>\n\n\n<div class=\"wp-block-image size-large is-style-default\">\n<figure class=\"alignleft size-thumbnail is-resized\"><img loading=\"lazy\" decoding=\"async\" width=\"150\" height=\"150\" src=\"https:\/\/www.careium.com\/app\/uploads\/sites\/6\/2025\/05\/Goal-9-150x150.png\" alt=\"UN sustainability goal 9\" class=\"wp-image-394\" style=\"width:80px\" srcset=\"https:\/\/www.careium.com\/app\/uploads\/sites\/6\/2025\/05\/Goal-9-150x150.png 150w, https:\/\/www.careium.com\/app\/uploads\/sites\/6\/2025\/05\/Goal-9-120x120.png 120w, https:\/\/www.careium.com\/app\/uploads\/sites\/6\/2025\/05\/Goal-9-100x100.png 100w, https:\/\/www.careium.com\/app\/uploads\/sites\/6\/2025\/05\/Goal-9.png 225w\" sizes=\"auto, (max-width: 150px) 100vw, 150px\" \/><\/figure>\n<\/div>\n\n\n<p>Vi brenner for \u00e5 utvikle velferdsteknologi som forbedrer livskvaliteten til eldre og personer med ulike typer funksjonsnedsettelser. V\u00e5r innovative teknologi bidrar til at brukerne kan leve selvstendige liv. Produktene og l\u00f8sningene v\u00e5re utvikles i tett dialog med brukerne for \u00e5 sikre at behovene dekkes p\u00e5 en brukervennlig m\u00e5te.<\/p>\n\n\n\n<div style=\"height:20px\" aria-hidden=\"true\" class=\"wp-block-spacer\"><\/div>\n\n\n\n<h2 class=\"wp-block-heading has-text-align-left\">M\u00e5l 10: Mindre ulikhet<\/h2>\n\n\n<div class=\"wp-block-image size-large is-style-default\">\n<figure class=\"alignleft size-thumbnail is-resized\"><img loading=\"lazy\" decoding=\"async\" width=\"150\" height=\"150\" src=\"https:\/\/www.careium.com\/app\/uploads\/sites\/6\/2025\/05\/un-sustainability-development-goals-10-1-150x150.png\" alt=\"UN sustainability goal 10\" class=\"wp-image-395\" style=\"width:80px\" srcset=\"https:\/\/www.careium.com\/app\/uploads\/sites\/6\/2025\/05\/un-sustainability-development-goals-10-1-150x150.png 150w, https:\/\/www.careium.com\/app\/uploads\/sites\/6\/2025\/05\/un-sustainability-development-goals-10-1-300x300.png 300w, https:\/\/www.careium.com\/app\/uploads\/sites\/6\/2025\/05\/un-sustainability-development-goals-10-1-1024x1024.png 1024w, https:\/\/www.careium.com\/app\/uploads\/sites\/6\/2025\/05\/un-sustainability-development-goals-10-1-768x768.png 768w, https:\/\/www.careium.com\/app\/uploads\/sites\/6\/2025\/05\/un-sustainability-development-goals-10-1-700x700.png 700w, https:\/\/www.careium.com\/app\/uploads\/sites\/6\/2025\/05\/un-sustainability-development-goals-10-1-250x250.png 250w, https:\/\/www.careium.com\/app\/uploads\/sites\/6\/2025\/05\/un-sustainability-development-goals-10-1-120x120.png 120w, https:\/\/www.careium.com\/app\/uploads\/sites\/6\/2025\/05\/un-sustainability-development-goals-10-1-520x520.png 520w, https:\/\/www.careium.com\/app\/uploads\/sites\/6\/2025\/05\/un-sustainability-development-goals-10-1-1036x1036.png 1036w, https:\/\/www.careium.com\/app\/uploads\/sites\/6\/2025\/05\/un-sustainability-development-goals-10-1-1280x1280.png 1280w, https:\/\/www.careium.com\/app\/uploads\/sites\/6\/2025\/05\/un-sustainability-development-goals-10-1-780x780.png 780w, https:\/\/www.careium.com\/app\/uploads\/sites\/6\/2025\/05\/un-sustainability-development-goals-10-1-360x360.png 360w, https:\/\/www.careium.com\/app\/uploads\/sites\/6\/2025\/05\/un-sustainability-development-goals-10-1-600x600.png 600w, https:\/\/www.careium.com\/app\/uploads\/sites\/6\/2025\/05\/un-sustainability-development-goals-10-1-100x100.png 100w, https:\/\/www.careium.com\/app\/uploads\/sites\/6\/2025\/05\/un-sustainability-development-goals-10-1.png 1500w\" sizes=\"auto, (max-width: 150px) 100vw, 150px\" \/><\/figure>\n<\/div>\n\n\n<p>Vi fremmer inkludering og likeverd \u2013 s\u00e6rlig for eldre og personer med behov for ekstra st\u00f8tte eller ulike typer funksjonsnedsettelser. Tjenestene v\u00e5re gj\u00f8r det mulig \u00e5 leve et tryggere og mer selvstendig liv. I tillegg bidrar v\u00e5rt arbeid til \u00e5 p\u00e5virke politikk og samfunnsinitiativer ved at vi synliggj\u00f8r behovene til en viktig brukergruppe. Gjennom arbeid med lokale organisasjoner bidrar vi til \u00e5 \u00f8ke bevisstheten om og st\u00f8tte rettighetene til disse gruppene.<\/p>\n\n\n\n<div style=\"height:20px\" aria-hidden=\"true\" class=\"wp-block-spacer\"><\/div>\n<\/div><\/div>\n\n\n\n<div class=\"wp-block-group\"><div class=\"wp-block-group__inner-container is-layout-constrained wp-block-group-is-layout-constrained\">\n<h2 class=\"wp-block-heading has-text-align-left\">M\u00e5l 12: Ansvarlig forbruk og produksjon<\/h2>\n\n\n<div class=\"wp-block-image size-large is-style-default\">\n<figure class=\"alignleft size-stor is-resized\"><img loading=\"lazy\" decoding=\"async\" width=\"1500\" height=\"1500\" src=\"https:\/\/www.careium.com\/app\/uploads\/sites\/6\/2025\/05\/un-sustainability-development-goals-12-1.png\" alt=\"UN sustainability goal 12\" class=\"wp-image-396\" style=\"width:80px\" srcset=\"https:\/\/www.careium.com\/app\/uploads\/sites\/6\/2025\/05\/un-sustainability-development-goals-12-1.png 1500w, https:\/\/www.careium.com\/app\/uploads\/sites\/6\/2025\/05\/un-sustainability-development-goals-12-1-300x300.png 300w, https:\/\/www.careium.com\/app\/uploads\/sites\/6\/2025\/05\/un-sustainability-development-goals-12-1-1024x1024.png 1024w, https:\/\/www.careium.com\/app\/uploads\/sites\/6\/2025\/05\/un-sustainability-development-goals-12-1-150x150.png 150w, https:\/\/www.careium.com\/app\/uploads\/sites\/6\/2025\/05\/un-sustainability-development-goals-12-1-768x768.png 768w, https:\/\/www.careium.com\/app\/uploads\/sites\/6\/2025\/05\/un-sustainability-development-goals-12-1-700x700.png 700w, https:\/\/www.careium.com\/app\/uploads\/sites\/6\/2025\/05\/un-sustainability-development-goals-12-1-250x250.png 250w, https:\/\/www.careium.com\/app\/uploads\/sites\/6\/2025\/05\/un-sustainability-development-goals-12-1-120x120.png 120w, https:\/\/www.careium.com\/app\/uploads\/sites\/6\/2025\/05\/un-sustainability-development-goals-12-1-520x520.png 520w, https:\/\/www.careium.com\/app\/uploads\/sites\/6\/2025\/05\/un-sustainability-development-goals-12-1-1036x1036.png 1036w, https:\/\/www.careium.com\/app\/uploads\/sites\/6\/2025\/05\/un-sustainability-development-goals-12-1-1280x1280.png 1280w, https:\/\/www.careium.com\/app\/uploads\/sites\/6\/2025\/05\/un-sustainability-development-goals-12-1-780x780.png 780w, https:\/\/www.careium.com\/app\/uploads\/sites\/6\/2025\/05\/un-sustainability-development-goals-12-1-360x360.png 360w, https:\/\/www.careium.com\/app\/uploads\/sites\/6\/2025\/05\/un-sustainability-development-goals-12-1-600x600.png 600w, https:\/\/www.careium.com\/app\/uploads\/sites\/6\/2025\/05\/un-sustainability-development-goals-12-1-100x100.png 100w\" sizes=\"auto, (max-width: 1500px) 100vw, 1500px\" \/><\/figure>\n<\/div>\n\n\n<p>Vi har som m\u00e5l \u00e5 redusere milj\u00f8p\u00e5virkningen gjennom hele produktets livssyklus &#8211; fra materialvalg til gjenbruk og resirkulering. Selv om milj\u00f8prestasjoner er en viktig faktor, tar vi ogs\u00e5 hensyn til andre viktige faktorer som sikkerhet, funksjonalitet og brukernytte. Vi forbedrer logistikksystemene v\u00e5re, investerer i gr\u00f8nnere transport og gjennomf\u00f8rer resirkulering for \u00e5 sikre ansvarlig avhending av produkter og gjenbruk der det er mulig.<\/p>\n\n\n\n<div style=\"height:20px\" aria-hidden=\"true\" class=\"wp-block-spacer\"><\/div>\n<\/div><\/div>\n\n\n\n<h2 class=\"wp-block-heading is-style-wide\">Hva er FNs b\u00e6rekraftsm\u00e5l &#8211; og hvordan kan vi bidra?<\/h2>\n\n\n\n<p class=\"is-style-wide\">Vi blir ofte spurt om <strong>&laquo;Hva er FNs b\u00e6rekraftsm\u00e5l?&raquo;<\/strong> &#8211; og hvordan disse globale m\u00e5lene er knyttet til det vi gj\u00f8r. FNs b\u00e6rekraftsm\u00e5l st\u00e5r for <a href=\"https:\/\/sdgs.un.org\/goals\" target=\"_blank\" rel=\"noreferrer noopener nofollow\"><strong>FNs m\u00e5l for b\u00e6rekraftig utvikling<\/strong>.<\/a> Disse 17 globale m\u00e5lene ble lansert i 2015 som en del av en global plan for \u00e5 skape en bedre og mer b\u00e6rekraftig fremtid innen 2030. De tar for seg verdens mest presserende utfordringer, blant annet helse og velferd, likestilling, klimatiltak og ansvarlig innovasjon.<\/p>\n\n\n\n<h2 class=\"wp-block-heading is-style-wide\">V\u00e5r forpliktelse til en b\u00e6rekraftig fremtid<\/h2>\n\n\n\n<p class=\"is-style-wide\">\u00c5 forst\u00e5 FNs b\u00e6rekraftsm\u00e5l er avgj\u00f8rende for virksomheter som v\u00e5r. Ved \u00e5 integrere dem i virksomheten og strategiene v\u00e5re styrker vi ikke bare samfunnsansvaret v\u00e5rt, men \u00e5pner ogs\u00e5 opp for nye muligheter for fremgang og innovasjon.<\/p>\n\n\n\n<p><\/p>\n\n\n\n<p class=\"is-style-wide\">For oss er b\u00e6rekraftsm\u00e5lene mer enn globale m\u00e5l &#8211; de er veiledende prinsipper som ligger til grunn for v\u00e5r produktutvikling, forretningsbeslutninger og partnerskap. Enten det er gjennom \u00e5 tilby trygg velferdsteknologi eller utforske ny teknologi som kunstig intelligens, er vi opptatt av \u00e5 skape positive, varige endringer.<\/p>\n\n\n\n<p><\/p>\n\n\n\n<p class=\"is-style-wide\">Vi engasjerer ogs\u00e5 v\u00e5re ansatte, kunder og samarbeidspartnere i denne reisen. Gjennom regelmessig oppl\u00e6ring og workshops fremmer vi bevissthet og gir folk mulighet til \u00e5 bidra. N\u00e5r vi ser fremover, tror vi at teknologien vil fortsette \u00e5 spille en avgj\u00f8rende rolle. Med verkt\u00f8y som prediktiv analyse kan vi tilby mer proaktiv og effektiv omsorg, samtidig som vi reduserer milj\u00f8avtrykket v\u00e5rt.<\/p>\n\n\n\n<p><\/p>\n\n\n\n<p class=\"is-style-wide\">Sammen beveger vi oss mot en mer b\u00e6rekraftig fremtid &#8211; i dag og for kommende generasjoner.<\/p>\n\n\n\n<p><\/p>\n","protected":false},"excerpt":{"rendered":"<p>V\u00e5rt bidrag til FNs b\u00e6rekraftsm\u00e5l&nbsp; Vi fokuserer p\u00e5 godt samarbeid og innovasjon for \u00e5 kunne n\u00e5 FNs b\u00e6rekraftsm\u00e5l. Vi jobber sammen for \u00e5 n\u00e5 hvert enkelt m\u00e5l. Ved \u00e5 samarbeide tett med v\u00e5re kunder og samarbeidspartnere, oppmuntrer vi til et felles ansvar. Vi evaluerer kontinuerlig b\u00e6rekraftsarbeidet v\u00e5rt, og tilpasser teknologien v\u00e5r til nye behov og&#8230;<\/p>\n","protected":false},"author":5,"featured_media":0,"parent":400,"menu_order":0,"comment_status":"closed","ping_status":"closed","template":"template-text-page.blade.php","meta":{"_acf_changed":false,"footnotes":""},"class_list":["post-397","page","type-page","status-publish","hentry"],"acf":[],"_links":{"self":[{"href":"https:\/\/www.careium.com\/no\/wp-json\/wp\/v2\/pages\/397","targetHints":{"allow":["GET"]}}],"collection":[{"href":"https:\/\/www.careium.com\/no\/wp-json\/wp\/v2\/pages"}],"about":[{"href":"https:\/\/www.careium.com\/no\/wp-json\/wp\/v2\/types\/page"}],"author":[{"embeddable":true,"href":"https:\/\/www.careium.com\/no\/wp-json\/wp\/v2\/users\/5"}],"replies":[{"embeddable":true,"href":"https:\/\/www.careium.com\/no\/wp-json\/wp\/v2\/comments?post=397"}],"version-history":[{"count":5,"href":"https:\/\/www.careium.com\/no\/wp-json\/wp\/v2\/pages\/397\/revisions"}],"predecessor-version":[{"id":4807,"href":"https:\/\/www.careium.com\/no\/wp-json\/wp\/v2\/pages\/397\/revisions\/4807"}],"up":[{"embeddable":true,"href":"https:\/\/www.careium.com\/no\/wp-json\/wp\/v2\/pages\/400"}],"wp:attachment":[{"href":"https:\/\/www.careium.com\/no\/wp-json\/wp\/v2\/media?parent=397"}],"curies":[{"name":"wp","href":"https:\/\/api.w.org\/{rel}","templated":true}]}}