{"id":400,"date":"2025-05-06T14:12:30","date_gmt":"2025-05-06T14:12:30","guid":{"rendered":"https:\/\/www.careium.com\/no\/?page_id=400"},"modified":"2026-03-12T15:03:09","modified_gmt":"2026-03-12T14:03:09","slug":"baerekraft","status":"publish","type":"page","link":"https:\/\/www.careium.com\/no\/om-oss\/baerekraft\/","title":{"rendered":"B\u00e6rekraft"},"content":{"rendered":"<div class=\"wp-block-breadcrumbs\" style=\"\">\n    <div class=\"breadcrumbs  max-xl:lg:mt-4\">\n    <nav aria-label=\"breadcrumbs\">\n        <ul class=\"!ml-0 mb-4 mt-2 flex items-center gap-1 pl-0\">\n                            <li class=\"text-primary-100 my-0 flex list-none items-center pl-0 text-xs md:text-sm\">\n                    <a class=\"link link--breadcrumb\" href=\"https:\/\/www.careium.com\/no\/\">Hjem<\/a>\n                                    <\/li>\n                    <\/ul>\n    <\/nav>\n<\/div>\n<\/div>\n\n\n\n<div style=\"height:50px\" aria-hidden=\"true\" class=\"wp-block-spacer\"><\/div>\n\n\n<div class=\"wp-block-hero alignfull   \"\n    style=\"\">\n    <div class=\"wp-block-hero__container container\">\n                    <div class=\"wp-block-hero__text\">\n                <h1 class=\"wp-block-hero__heading\">V\u00e5rt arbeid med b\u00e6rekraft<\/h1>\n                                    <p class=\"wp-block-hero__preamble\">V\u00e5rt fokus p\u00e5 h\u00f8y kvalitet og b\u00e6rekraft kommer samfunnet til gode, b\u00e5de lokalt og globalt.<br \/>\r\n<br \/>\r\nVi har sertifiseringer i henhold til internasjonale standarder for kvalitet ISO 9001, milj\u00f8 ISO 14001 og informasjonssikkerhet ISO 27001. Vi st\u00f8tter ogs\u00e5 FNs globale m\u00e5l for b\u00e6rekraftig utvikling, og vi tar hensyn til utvalgte m\u00e5l i v\u00e5r strategi og daglige drift.<\/p>\n                \n                                            <\/div>\n                            <picture>\n                                    <source media=\"(min-width: 600px and max-width: 1023px)\" srcset=\"https:\/\/www.careium.com\/app\/uploads\/sites\/6\/2026\/03\/Squares-pics-1.png.webp\" type=\"image\/webp\"\n                    width=\"1080\" height=\"1080\">\n                            <source media=\"(min-width: 600px and max-width: 1023px)\" srcset=\"https:\/\/www.careium.com\/app\/uploads\/sites\/6\/2026\/03\/Squares-pics-1.png\" type=\"image\/png\"\n                    width=\"1080\" height=\"1080\">\n                                                <source media=\"((min-width: 1px and max-width: 599px) or (min-width: 1024px))\" srcset=\"https:\/\/www.careium.com\/app\/uploads\/sites\/6\/2026\/03\/Squares-pics-1-610x610.png.webp\" type=\"image\/webp\"\n                    width=\"610\" height=\"610\">\n                            <source media=\"((min-width: 1px and max-width: 599px) or (min-width: 1024px))\" srcset=\"https:\/\/www.careium.com\/app\/uploads\/sites\/6\/2026\/03\/Squares-pics-1-610x610.png\" type=\"image\/png\"\n                    width=\"610\" height=\"610\">\n                    \n\n        <img fetchpriority=\"high\" decoding=\"async\"  src=\"https:\/\/www.careium.com\/app\/uploads\/sites\/6\/2026\/03\/Squares-pics-1.png\" alt=\"man-wearing-mobile-social-alarm-tending-to-plants-scaled\" loading=\"eager\"\n            width=\"1080\" height=\"1080\">\n    <\/picture>\n            <\/div>\n<\/div>\n\n\n\n<div style=\"height:50px\" aria-hidden=\"true\" class=\"wp-block-spacer is-style-medium\"><\/div>\n\n\n<div class=\"wp-block-list-image wp-block-list-image--image-right not-prose\" style=\"\">\n            <div class=\"wp-block-list-image__image\">\n            <picture>\n                                    <source media=\"(min-width: 700px)\" srcset=\"https:\/\/www.careium.com\/app\/uploads\/sites\/6\/2025\/05\/un-sustainable-development-goals-780x462.png\" type=\"image\/png\"\n                    width=\"780\" height=\"462\">\n                                                <source media=\"(max-width: 699px)\" srcset=\"https:\/\/www.careium.com\/app\/uploads\/sites\/6\/2025\/05\/un-sustainable-development-goals-700x414.png\" type=\"image\/png\"\n                    width=\"700\" height=\"414\">\n                                                <source media=\"(max-width: 500px)\" srcset=\"https:\/\/www.careium.com\/app\/uploads\/sites\/6\/2025\/05\/un-sustainable-development-goals-520x308.png\" type=\"image\/png\"\n                    width=\"520\" height=\"308\">\n                    \n\n        <img decoding=\"async\" class=\"image-fit\" src=\"https:\/\/www.careium.com\/app\/uploads\/sites\/6\/2025\/05\/un-sustainable-development-goals-780x462.png\" alt=\"\" loading=\"lazy\"\n            width=\"780\" height=\"462\">\n    <\/picture>\n        <\/div>\n        <div class=\"wp-block-list-image__text\">\n                        <h2\n            class=\"wp-block-list-image__heading wp-block-list-image__heading--sm\">\n            V\u00e5rt bidrag til FNs m\u00e5l for b\u00e6rekraftig utvikling            <\/h2>\n                        <div\n            class=\"wp-block-list-image__preamble wp-block-list-image__preamble--sm\">\n            <p>Vi tar hensyn til utvalgte m\u00e5l i v\u00e5r strategi og daglige drift.<\/p>\n\n        <\/div>\n                                                    <a class=\"wp-block-list-image__link link--arrow link link--arrow\" href=\"https:\/\/www.careium.com\/no\/om-oss\/baerekraft\/fns-baerekraftsmal\/\"\n                    target=\"_self\">L\u00e6r mer om v\u00e5re m\u00e5l<\/a>\n                        <\/div>\n<\/div>\n\n\n\n<div style=\"height:50 piksler\" aria-hidden=\"true\" class=\"wp-block-spacer\"><\/div>\n\n\n\n<div style=\"height:50px\" aria-hidden=\"true\" class=\"wp-block-spacer is-style-small\"><\/div>\n\n\n<div class=\"wp-block-list-image wp-block-list-image--image-left not-prose\" style=\"\">\n            <div class=\"wp-block-list-image__image\">\n            <picture>\n                                    <source media=\"(min-width: 700px)\" srcset=\"https:\/\/www.careium.com\/app\/uploads\/sites\/6\/2025\/05\/man-on-bench-outdoors5.jpg\" type=\"image\/jpeg\"\n                    width=\"600\" height=\"380\">\n                                                <source media=\"(max-width: 699px)\" srcset=\"https:\/\/www.careium.com\/app\/uploads\/sites\/6\/2025\/05\/man-on-bench-outdoors5.jpg\" type=\"image\/jpeg\"\n                    width=\"600\" height=\"380\">\n                                                <source media=\"(max-width: 500px)\" srcset=\"https:\/\/www.careium.com\/app\/uploads\/sites\/6\/2025\/05\/man-on-bench-outdoors5-520x329.jpg\" type=\"image\/jpeg\"\n                    width=\"520\" height=\"329\">\n                    \n\n        <img decoding=\"async\" class=\"\" src=\"https:\/\/www.careium.com\/app\/uploads\/sites\/6\/2025\/05\/man-on-bench-outdoors5.jpg\" alt=\"Eldre mann som sitter p\u00e5 en benk og kikker ut over en innsj\u00f8.\" loading=\"lazy\"\n            width=\"600\" height=\"380\">\n    <\/picture>\n        <\/div>\n        <div class=\"wp-block-list-image__text\">\n                        <h2\n            class=\"wp-block-list-image__heading wp-block-list-image__heading--sm\">\n            Ressurseffektivitet            <\/h2>\n                        <div\n            class=\"wp-block-list-image__preamble wp-block-list-image__preamble--sm\">\n            <p>Samfunnskostnader, omsorg for mennesker og planeten.<\/p>\n\n        <\/div>\n                                                    <a class=\"wp-block-list-image__link link--arrow link link--arrow\" href=\"https:\/\/www.careium.com\/no\/om-oss\/baerekraft\/ressurseffektivitet\/\"\n                    target=\"_self\">L\u00e6r mer om ressurseffektivitet<\/a>\n                        <\/div>\n<\/div>\n\n\n\n<div style=\"height:50 piksler\" aria-hidden=\"true\" class=\"wp-block-spacer\"><\/div>\n\n\n\n<div style=\"height:50px\" aria-hidden=\"true\" class=\"wp-block-spacer is-style-medium\"><\/div>\n\n\n<div class=\"wp-block-text-cards \"\n    style=\"\" data-columns=\"\">\n    \n<div class=\"wp-block-text-card\" style=\"\">\n    <h3>Tjenester du kan stole p\u00e5<\/h3>\n<p>Informasjonssikkerhet, trygg og enkel bruk<\/p>\n\n            <a class=\"wp-block-text-card__link link link--arrow \"\n            href=\"https:\/\/www.careium.com\/no\/om-oss\/baerekraft\/tjenester-a-stole-pa\/\" target=\"_self\">Se legitimasjon<\/a>\n    <\/div>\n\n\n<div class=\"wp-block-text-card\" style=\"\">\n    <h3>Produkter du kan stole p\u00e5 &#8211; sertifiserte produkter<\/h3>\n<p>Brukerverdi og reparerbarhet<\/p>\n\n            <a class=\"wp-block-text-card__link link link--arrow \"\n            href=\"https:\/\/www.careium.com\/no\/om-oss\/baerekraft\/produkter-a-stole-pa\/\" target=\"_self\">L\u00e6r mer om v\u00e5re sertifiserte produkter<\/a>\n    <\/div>\n\n\n<div class=\"wp-block-text-card is-style-pink\" style=\"\">\n    <h3>Et ansvarlig forretningsgrunnlag<\/h3>\n<p>Medarbeidere, leverand\u00f8rkjede og styring<\/p>\n\n            <a class=\"wp-block-text-card__link link link--arrow \"\n            href=\"https:\/\/www.careium.com\/no\/om-oss\/baerekraft\/ansvarlig-forretningsgrunnlag\/\" target=\"_self\">L\u00e6r mer om v\u00e5re forpliktelser<\/a>\n    <\/div>\n\n\n<div class=\"wp-block-text-card is-style-pink\" style=\"\">\n    <h3>Gjenvinning og milj\u00f8egenskaper<\/h3>\n<p>Trenger du hjelp med resirkulering?<\/p>\n\n            <a class=\"wp-block-text-card__link link link--arrow \"\n            href=\"https:\/\/www.careium.com\/no\/om-oss\/baerekraft\/eco-information\/\" target=\"_self\">L\u00e6r mer om resirkulering og milj\u00f8p\u00e5virkning<\/a>\n    <\/div>\n\n\n<\/div>\n\n\n\n<div style=\"height:70px\" aria-hidden=\"true\" class=\"wp-block-spacer is-style-large\"><\/div>\n\n\n\n<p><\/p>\n","protected":false},"excerpt":{"rendered":"","protected":false},"author":5,"featured_media":0,"parent":206,"menu_order":0,"comment_status":"closed","ping_status":"closed","template":"","meta":{"_acf_changed":false,"footnotes":""},"class_list":["post-400","page","type-page","status-publish","hentry"],"acf":[],"_links":{"self":[{"href":"https:\/\/www.careium.com\/no\/wp-json\/wp\/v2\/pages\/400","targetHints":{"allow":["GET"]}}],"collection":[{"href":"https:\/\/www.careium.com\/no\/wp-json\/wp\/v2\/pages"}],"about":[{"href":"https:\/\/www.careium.com\/no\/wp-json\/wp\/v2\/types\/page"}],"author":[{"embeddable":true,"href":"https:\/\/www.careium.com\/no\/wp-json\/wp\/v2\/users\/5"}],"replies":[{"embeddable":true,"href":"https:\/\/www.careium.com\/no\/wp-json\/wp\/v2\/comments?post=400"}],"version-history":[{"count":4,"href":"https:\/\/www.careium.com\/no\/wp-json\/wp\/v2\/pages\/400\/revisions"}],"predecessor-version":[{"id":4497,"href":"https:\/\/www.careium.com\/no\/wp-json\/wp\/v2\/pages\/400\/revisions\/4497"}],"up":[{"embeddable":true,"href":"https:\/\/www.careium.com\/no\/wp-json\/wp\/v2\/pages\/206"}],"wp:attachment":[{"href":"https:\/\/www.careium.com\/no\/wp-json\/wp\/v2\/media?parent=400"}],"curies":[{"name":"wp","href":"https:\/\/api.w.org\/{rel}","templated":true}]}}