{"id":128,"date":"2025-05-06T18:37:36","date_gmt":"2025-05-06T18:37:36","guid":{"rendered":"https:\/\/www.careium.com\/no\/?post_type=product&#038;p=128"},"modified":"2026-03-04T11:08:19","modified_gmt":"2026-03-04T10:08:19","slug":"eliza-s-enkel-og-palitelig","status":"publish","type":"product","link":"https:\/\/www.careium.com\/no\/velferdsteknologi\/personlige-alarmer\/eliza-s-enkel-og-palitelig\/","title":{"rendered":"Eliza S &#8211; enkel og trygg"},"content":{"rendered":"<h3><strong>Rask hjelp n\u00e5r du trenger den<\/strong><\/h3>\n<p>Hvis en bruker faller, f\u00f8ler seg d\u00e5rlig eller trenger hjelp i en n\u00f8dsituasjon, kobler Eliza S dem \u00f8yeblikkelig til hjelp med bare et <strong>trykk p\u00e5 trygghetsalarmen<\/strong>. Perfekt for eldre og personer med ulike typer funksjonsnedsettelser som trenger \u00e5 kunne p\u00e5kalle hjelp ved eventuelle ulykker eller helseutfordringer.<\/p>\n<p>Den inkluderer en alarmknapp, som <a href=\"https:\/\/www.careium.com\/no\/velferdsteknologi\/personlige-alarmer\/enzo-trygghetsalarm\/\">Enzo<\/a> eller <a href=\"https:\/\/www.careium.com\/no\/velferdsteknologi\/personlige-alarmer\/ellis-personlig-alarmanheng\/\">Ellis<\/a>, som kan b\u00e6res p\u00e5 h\u00e5ndleddet eller rundt halsen \u2013 selv i dusjen eller badekaret \u2013 slik at hjelp alltid er innen rekkevidde. Anhengssmykkene v\u00e5re er kompakte, komfortable og vanntette (IP67).<\/p>\n<p>Hvis en bruker trenger hjelp, kan de trykke p\u00e5 alarmknappen Enzo og Eliza S vil koble dem direkte til et d\u00f8gn\u00e5pent, helsefaglig bemannet responssenter.<\/p>\n","protected":false},"excerpt":{"rendered":"<p>Eliza S er en elegant og slank versjon av Eliza som kan veggmonteres. Den er designet for \u00e5 passe inn i hjemmet ditt og er like enkel \u00e5 sette opp som den er \u00e5 bruke. Plasser den der det passer best for deg, enten p\u00e5 et bord eller monter den opp p\u00e5 veggen.<\/p>\n","protected":false},"author":4,"featured_media":127,"template":"","meta":{"_acf_changed":false},"product_brand":[],"product_cat":[16],"product_tag":[],"class_list":{"0":"post-128","1":"product","2":"type-product","3":"status-publish","4":"has-post-thumbnail","6":"product_cat-social-alarms","8":"first","9":"instock","10":"shipping-taxable","11":"purchasable","12":"product-type-simple"},"acf":[],"_links":{"self":[{"href":"https:\/\/www.careium.com\/no\/wp-json\/wp\/v2\/product\/128","targetHints":{"allow":["GET"]}}],"collection":[{"href":"https:\/\/www.careium.com\/no\/wp-json\/wp\/v2\/product"}],"about":[{"href":"https:\/\/www.careium.com\/no\/wp-json\/wp\/v2\/types\/product"}],"author":[{"embeddable":true,"href":"https:\/\/www.careium.com\/no\/wp-json\/wp\/v2\/users\/4"}],"wp:featuredmedia":[{"embeddable":true,"href":"https:\/\/www.careium.com\/no\/wp-json\/wp\/v2\/media\/127"}],"wp:attachment":[{"href":"https:\/\/www.careium.com\/no\/wp-json\/wp\/v2\/media?parent=128"}],"wp:term":[{"taxonomy":"product_brand","embeddable":true,"href":"https:\/\/www.careium.com\/no\/wp-json\/wp\/v2\/product_brand?post=128"},{"taxonomy":"product_cat","embeddable":true,"href":"https:\/\/www.careium.com\/no\/wp-json\/wp\/v2\/product_cat?post=128"},{"taxonomy":"product_tag","embeddable":true,"href":"https:\/\/www.careium.com\/no\/wp-json\/wp\/v2\/product_tag?post=128"}],"curies":[{"name":"wp","href":"https:\/\/api.w.org\/{rel}","templated":true}]}}