{"id":131,"date":"2025-05-05T14:55:28","date_gmt":"2025-05-05T14:55:28","guid":{"rendered":"https:\/\/www.careium.com\/no\/?post_type=product&#038;p=131"},"modified":"2026-03-05T16:55:41","modified_gmt":"2026-03-05T15:55:41","slug":"temperaturalarm","status":"publish","type":"product","link":"https:\/\/www.careium.com\/no\/velferdsteknologi\/personlige-alarmer\/temperaturalarm\/","title":{"rendered":"Temperaturalarm"},"content":{"rendered":"<p>Batteriet varer i opptil 5 \u00e5r, og et varsel om lavt batteri vil bli sendt til alarmsentralen hvis batteriet er lavt. Batteriene er enkle \u00e5 bytte ut. Ekstremtemperatursensoren opererer p\u00e5 den europeiske sosialalarmfrekvensen 869 MHz og er testet og overholder alle relevante standarder, inkludert CE og EN 50134.<\/p>\n","protected":false},"excerpt":{"rendered":"<p>Sensoren for ekstremtemperaturer er en unik l\u00f8sning for fjernoverv\u00e5king av usunne temperaturer i omgivelsene. Den er designet for \u00e5 registrere tre temperatursituasjoner: h\u00f8y, lav og rask temperatur\u00f8kning, og registrerer om innetemperaturen er for h\u00f8y (35 \u00b0C) eller for lav (12 \u00b0C), f.eks. p\u00e5 grunn av at varmen ikke fungerer, ekstremv\u00e6r eller at en d\u00f8r st\u00e5r \u00e5pen. Sensoren gir avanserte varsler om ekstreme innetemperaturer som kan f\u00f8re til usunne boforhold, og sender automatisk en alarm til alarmsentralen via trygghetsalarmen.<\/p>\n","protected":false},"author":1,"featured_media":1307,"template":"","meta":{"_acf_changed":false},"product_brand":[],"product_cat":[17],"product_tag":[],"class_list":{"0":"post-131","1":"product","2":"type-product","3":"status-publish","4":"has-post-thumbnail","6":"product_cat-accessories","8":"first","9":"instock","10":"shipping-taxable","11":"purchasable","12":"product-type-simple"},"acf":[],"_links":{"self":[{"href":"https:\/\/www.careium.com\/no\/wp-json\/wp\/v2\/product\/131","targetHints":{"allow":["GET"]}}],"collection":[{"href":"https:\/\/www.careium.com\/no\/wp-json\/wp\/v2\/product"}],"about":[{"href":"https:\/\/www.careium.com\/no\/wp-json\/wp\/v2\/types\/product"}],"author":[{"embeddable":true,"href":"https:\/\/www.careium.com\/no\/wp-json\/wp\/v2\/users\/1"}],"wp:featuredmedia":[{"embeddable":true,"href":"https:\/\/www.careium.com\/no\/wp-json\/wp\/v2\/media\/1307"}],"wp:attachment":[{"href":"https:\/\/www.careium.com\/no\/wp-json\/wp\/v2\/media?parent=131"}],"wp:term":[{"taxonomy":"product_brand","embeddable":true,"href":"https:\/\/www.careium.com\/no\/wp-json\/wp\/v2\/product_brand?post=131"},{"taxonomy":"product_cat","embeddable":true,"href":"https:\/\/www.careium.com\/no\/wp-json\/wp\/v2\/product_cat?post=131"},{"taxonomy":"product_tag","embeddable":true,"href":"https:\/\/www.careium.com\/no\/wp-json\/wp\/v2\/product_tag?post=131"}],"curies":[{"name":"wp","href":"https:\/\/api.w.org\/{rel}","templated":true}]}}