{"id":160,"date":"2025-04-29T13:06:15","date_gmt":"2025-04-29T13:06:15","guid":{"rendered":"https:\/\/www.careium.com\/no\/?post_type=product&#038;p=160"},"modified":"2025-05-22T08:11:07","modified_gmt":"2025-05-22T08:11:07","slug":"vibby-oak-fallalarm","status":"publish","type":"product","link":"https:\/\/www.careium.com\/no\/velferdsteknologi\/personlige-alarmer\/vibby-oak-fallalarm\/","title":{"rendered":"Vibby OAK &#8211; fallalarm"},"content":{"rendered":"<p>Enheten oppdager automatisk harde fall. Hvis det skjer et fall, vibrerer den og blinker i 20 sekunder. P\u00e5 den m\u00e5ten har du tid til \u00e5 avbryte varselet ved falsk alarm. Du kan enkelt avbryte ved \u00e5 dekke til sensoren med h\u00e5nden i to sekunder eller reise deg opp innen seks sekunder. Hvis du ikke reagerer, varsler fallalarmen et helsefaglig bemannet responssenter som kan sende hjelp. I tillegg har Vibby OAK en manuell alarmknapp du kan trykke p\u00e5 hvis du trenger hjelp.<\/p>\n<h3><strong>N\u00f8kkelfunksjonene til Vibby OAK fallalarm<\/strong><\/h3>\n<ul>\n<li style=\"list-style-type: none;\">\n<ul>\n<li><strong>B\u00e6rekomfort<br \/>\n<\/strong> Kan b\u00e6res som armb\u00e5nd eller anheng, noe som sikrer komfort dag og natt.<\/li>\n<li><strong>Reduserer antall falske alarmer<br \/>\n<\/strong>Avansert teknologi varsler ved harde fall.<\/li>\n<li><strong>Lang batterilevetid<br \/>\n<\/strong>Drift i opptil 2 \u00e5r med enkelt batteribytte.<\/li>\n<li><strong>Vanntett design <\/strong><br \/>\nIdeell til bruk i dusjen, hvor mange faller.<\/li>\n<\/ul>\n<\/li>\n<\/ul>\n<p>N\u00e5r du faller, er det viktig med rask hjelp. Med <strong>Vibby OAK<\/strong> kan brukeren leve selvstendig og samtidig oppleve trygghet ved hjelp av fallalarm med direkte varsling til responssenter.<\/p>\n<p><strong>Viktig merknad<\/strong>: <em>Fungerer best ved plutselige, tunge fall (oppdager ikke alltid langsomme fall eller fall fra stol\/ seng). Bruk den alltid, spesielt i dusjen og om natten, n\u00e5r fall ofte skjer.\u00a0<\/em><\/p>\n","protected":false},"excerpt":{"rendered":"<p>Vibby OAK fallalarm varsler automatisk hvis brukeren faller. Den er spesielt egnet for eldre og personer med \u00f8kt falltendens for \u00e5 tilby ekstra sikkerhet.<\/p>\n","protected":false},"author":5,"featured_media":159,"template":"","meta":{"_acf_changed":false},"product_brand":[],"product_cat":[17],"product_tag":[],"class_list":{"0":"post-160","1":"product","2":"type-product","3":"status-publish","4":"has-post-thumbnail","6":"product_cat-accessories","8":"first","9":"instock","10":"shipping-taxable","11":"purchasable","12":"product-type-simple"},"acf":[],"_links":{"self":[{"href":"https:\/\/www.careium.com\/no\/wp-json\/wp\/v2\/product\/160","targetHints":{"allow":["GET"]}}],"collection":[{"href":"https:\/\/www.careium.com\/no\/wp-json\/wp\/v2\/product"}],"about":[{"href":"https:\/\/www.careium.com\/no\/wp-json\/wp\/v2\/types\/product"}],"author":[{"embeddable":true,"href":"https:\/\/www.careium.com\/no\/wp-json\/wp\/v2\/users\/5"}],"wp:featuredmedia":[{"embeddable":true,"href":"https:\/\/www.careium.com\/no\/wp-json\/wp\/v2\/media\/159"}],"wp:attachment":[{"href":"https:\/\/www.careium.com\/no\/wp-json\/wp\/v2\/media?parent=160"}],"wp:term":[{"taxonomy":"product_brand","embeddable":true,"href":"https:\/\/www.careium.com\/no\/wp-json\/wp\/v2\/product_brand?post=160"},{"taxonomy":"product_cat","embeddable":true,"href":"https:\/\/www.careium.com\/no\/wp-json\/wp\/v2\/product_cat?post=160"},{"taxonomy":"product_tag","embeddable":true,"href":"https:\/\/www.careium.com\/no\/wp-json\/wp\/v2\/product_tag?post=160"}],"curies":[{"name":"wp","href":"https:\/\/api.w.org\/{rel}","templated":true}]}}