{"id":1635,"date":"2025-05-20T15:00:54","date_gmt":"2025-05-20T15:00:54","guid":{"rendered":"https:\/\/www.careium.com\/no\/?post_type=product&#038;p=1635"},"modified":"2025-09-24T13:27:44","modified_gmt":"2025-09-24T11:27:44","slug":"epilepsisensor","status":"publish","type":"product","link":"https:\/\/www.careium.com\/no\/velferdsteknologi\/personlige-alarmer\/epilepsisensor\/","title":{"rendered":"Epilepsisensor"},"content":{"rendered":"<h2>Hvordan virker det?<\/h2>\n<p>Companion mini-epilepsisensoren kan registrere tonisk-kloniske anfall s\u00e5 snart de inntreffer, slik at pleiepersonale eller omsorgspersoner kan respondere raskt ved behov og ellers unng\u00e5 \u00e5 forstyrre brukerens s\u00f8vn. Den er egnet for de fleste typer senger, inkludert profilsenger og madrasser med luftgjennomstr\u00f8mning. Epilepsisensoren kan brukes av b\u00e5de barn og voksne.<\/p>\n<p>Companion mini er enkel \u00e5 installere ved hjelp av tr\u00e5dl\u00f8s teknologi, og er sertifisert som medisinsk utstyr i klasse 1. Enheten fungerer p\u00e5 den europeiske frekvensen for trygghetsalarmer, 869 MHz, og er testet og oppfyller alle relevante EU-standarder, inkludert CE.<\/p>\n<h2>Hvilket problem l\u00f8ser den?<\/h2>\n<p>Mer enn 45 000 personer i Norge har epilepsi. Personer med epilepsi blir ofte kontrollert av en pleier eller omsorgsperson flere ganger i l\u00f8pet av natten, noe som er arbeidskrevende for pleiepersonale og inneb\u00e6rer at p\u00e5r\u00f8rende f\u00e5r s\u00f8vnen avbrutt. Den p\u00e5virkede personen kan ogs\u00e5 oppfatte kontrollene som invaderende og uverdige.<\/p>\n<p>Companion mini er utviklet for \u00e5 v\u00e6re lett \u00e5 bruke, og er lett \u00e5 installere og justere etter individuelle behov. Enheten er egnet for b\u00e5de hjemmebruk og institusjoner.<\/p>\n","protected":false},"excerpt":{"rendered":"<p>Companion mini er en liten, smart og sensitiv enhet som kan skille mellom anfallsinduserte bevegelser og normal s\u00f8vnaktivitet hos en person, og som kan bidra til at man f\u00f8ler seg tryggere. Egnet for hjemmebruk og for b\u00e5de voksne og barn. Companion mini plasseres under madrassen, og n\u00e5r et anfall blir registrert, aktiveres et anrop til overv\u00e5kingssenteret via Careium-trygghetsalarmen.<\/p>\n","protected":false},"author":5,"featured_media":1634,"template":"","meta":{"_acf_changed":false},"product_brand":[],"product_cat":[17],"product_tag":[],"class_list":{"0":"post-1635","1":"product","2":"type-product","3":"status-publish","4":"has-post-thumbnail","6":"product_cat-accessories","8":"first","9":"instock","10":"shipping-taxable","11":"purchasable","12":"product-type-simple"},"acf":[],"_links":{"self":[{"href":"https:\/\/www.careium.com\/no\/wp-json\/wp\/v2\/product\/1635","targetHints":{"allow":["GET"]}}],"collection":[{"href":"https:\/\/www.careium.com\/no\/wp-json\/wp\/v2\/product"}],"about":[{"href":"https:\/\/www.careium.com\/no\/wp-json\/wp\/v2\/types\/product"}],"author":[{"embeddable":true,"href":"https:\/\/www.careium.com\/no\/wp-json\/wp\/v2\/users\/5"}],"wp:featuredmedia":[{"embeddable":true,"href":"https:\/\/www.careium.com\/no\/wp-json\/wp\/v2\/media\/1634"}],"wp:attachment":[{"href":"https:\/\/www.careium.com\/no\/wp-json\/wp\/v2\/media?parent=1635"}],"wp:term":[{"taxonomy":"product_brand","embeddable":true,"href":"https:\/\/www.careium.com\/no\/wp-json\/wp\/v2\/product_brand?post=1635"},{"taxonomy":"product_cat","embeddable":true,"href":"https:\/\/www.careium.com\/no\/wp-json\/wp\/v2\/product_cat?post=1635"},{"taxonomy":"product_tag","embeddable":true,"href":"https:\/\/www.careium.com\/no\/wp-json\/wp\/v2\/product_tag?post=1635"}],"curies":[{"name":"wp","href":"https:\/\/api.w.org\/{rel}","templated":true}]}}