{"id":164,"date":"2025-04-29T13:32:04","date_gmt":"2025-04-29T13:32:04","guid":{"rendered":"https:\/\/www.careium.com\/no\/?post_type=product&#038;p=164"},"modified":"2026-02-10T08:33:40","modified_gmt":"2026-02-10T07:33:40","slug":"enzo-trygghetsalarm","status":"publish","type":"product","link":"https:\/\/www.careium.com\/no\/velferdsteknologi\/personlige-alarmer\/enzo-trygghetsalarm\/","title":{"rendered":"Enzo trygghetsalarm &#8211; v\u00e6r trygg og selvstendig"},"content":{"rendered":"<p>N\u00e5r brukeren trykker p\u00e5 knappen, sender Enzo et varsel til et responssenter med helsepersonell. LED- lyset skifter farge slik at brukeren kan se at alarmen er utl\u00f8st.<\/p>\n<p>Trygghetsalarmen er b\u00e5de vanntett og slitesterk, slik at du trygt kan bruke den i dusjen eller badekaret. Batteriet har lang levetid, det er automatisk batterioverv\u00e5kning og batteriet er enkelt \u00e5 bytte ut ved behov.<\/p>\n<p>Enzo er enkel \u00e5 bruke og taktile kanter gj\u00f8r det lettere for synshemmede \u00e5 finne knappen raskt. Easy Press-adapteren (ekstrautstyr) reduserer kraften som trengs for \u00e5 utl\u00f8se en alarm, noe som er ideelt for brukere med nedsatt kraft eller svak gripestyrke.<\/p>\n<p><strong>Sikkerheten din er bare et knappetrykk unna.\u00a0<\/strong><\/p>\n","protected":false},"excerpt":{"rendered":"<p>Enzo trygghetsalarm gir brukeren ekstra trygghet i hjemmet som er lett tilgjengelig. Enzo kan enten b\u00e6res rundt h\u00e5ndleddet eller rundt halsen. Med ett enkelt trykk kan du tilkalle hjelp n\u00e5r du trenger det.<\/p>\n<p>Den kan kobles direkte til alle v\u00e5re systemer, inkludert Eliza, Eliza S og Eliza S+.<\/p>\n","protected":false},"author":5,"featured_media":163,"template":"","meta":{"_acf_changed":false},"product_brand":[],"product_cat":[17],"product_tag":[],"class_list":{"0":"post-164","1":"product","2":"type-product","3":"status-publish","4":"has-post-thumbnail","6":"product_cat-accessories","8":"first","9":"instock","10":"shipping-taxable","11":"purchasable","12":"product-type-simple"},"acf":[],"_links":{"self":[{"href":"https:\/\/www.careium.com\/no\/wp-json\/wp\/v2\/product\/164","targetHints":{"allow":["GET"]}}],"collection":[{"href":"https:\/\/www.careium.com\/no\/wp-json\/wp\/v2\/product"}],"about":[{"href":"https:\/\/www.careium.com\/no\/wp-json\/wp\/v2\/types\/product"}],"author":[{"embeddable":true,"href":"https:\/\/www.careium.com\/no\/wp-json\/wp\/v2\/users\/5"}],"wp:featuredmedia":[{"embeddable":true,"href":"https:\/\/www.careium.com\/no\/wp-json\/wp\/v2\/media\/163"}],"wp:attachment":[{"href":"https:\/\/www.careium.com\/no\/wp-json\/wp\/v2\/media?parent=164"}],"wp:term":[{"taxonomy":"product_brand","embeddable":true,"href":"https:\/\/www.careium.com\/no\/wp-json\/wp\/v2\/product_brand?post=164"},{"taxonomy":"product_cat","embeddable":true,"href":"https:\/\/www.careium.com\/no\/wp-json\/wp\/v2\/product_cat?post=164"},{"taxonomy":"product_tag","embeddable":true,"href":"https:\/\/www.careium.com\/no\/wp-json\/wp\/v2\/product_tag?post=164"}],"curies":[{"name":"wp","href":"https:\/\/api.w.org\/{rel}","templated":true}]}}