{"id":166,"date":"2025-05-02T12:08:43","date_gmt":"2025-05-02T12:08:43","guid":{"rendered":"https:\/\/www.careium.com\/no\/?post_type=product&#038;p=166"},"modified":"2026-03-05T13:23:14","modified_gmt":"2026-03-05T12:23:14","slug":"overvaket-roykvarsleralarm","status":"publish","type":"product","link":"https:\/\/www.careium.com\/no\/velferdsteknologi\/personlige-alarmer\/overvaket-roykvarsleralarm\/","title":{"rendered":"i10 R\u00f8ykvarsler \u2013 profesjonell overv\u00e5kning d\u00f8gnet rundt"},"content":{"rendered":"<h3><strong>R\u00f8ykvarsler med mulighet for seriekobling og automatisk varsling til d\u00f8gnbemannet responssentertjeneste<\/strong><\/h3>\n<p>De fleste brannrelaterte d\u00f8dsfall skjer i hjem uten fungerende <strong>r\u00f8ykvarslere.<\/strong> Selv n\u00e5r standardalarmer er installert, er de ofte avhengige av at noen er i stand til \u00e5 h\u00f8re varselet, reagere raskt og kontakte n\u00f8detatene. Men hva skjer hvis brukeren sover, har nedsatt h\u00f8rsel eller ikke er i stand til \u00e5 tilkalle hjelp?<\/p>\n<p>&nbsp;<\/p>\n<p>Sikkerheten b\u00f8r ikke v\u00e6re avhengig<strong> av om noen h\u00f8rer en alarm eller er i stand til \u00e5 reagere raskt<\/strong>. V\u00e5re smarte <strong>r\u00f8ykvarslere<\/strong> og <strong>karbonmonoksidvarslere<\/strong> er koblet direkte til et d\u00f8gnbemannet helsefaglig responssenter &#8211; noe som sikrer at hjelpen er p\u00e5 vei, selv om ingen i hjemmet kan ringe.<\/p>\n<hr \/>\n<h3><strong>Slik fungerer v\u00e5r r\u00f8ykvarsler med direktekobling til responssenteret<\/strong><\/h3>\n<p><strong>i10 r\u00f8ykvarsler<\/strong> er en optisk r\u00f8ykvarsler med mulighet for seriekobling og innebygd litiumbatteri med 10 \u00e5rs levetid. R\u00f8ykvarsleren sender automatisk <strong>\u00f8yeblikkelig varsel<\/strong> ved brann eller r\u00f8yk til v\u00e5r <strong>responssentertjeneste<\/strong>. Hvis en brann oppst\u00e5r mens personen sover eller ikke er i stand til \u00e5 reagere, vil responssenteret varsle n\u00f8detatene &#8211; noe som sikrer rask respons n\u00e5r hvert sekund teller.<\/p>\n<hr \/>\n<h3><strong>Komplett sikkerhet med r\u00f8yk-, varme- og karbonmonoksidalarmer<\/strong><\/h3>\n<p>For ekstra trygghet kan du seriekoble <strong>i10-r\u00f8ykvarsleren<\/strong> med:<\/p>\n<ul>\n<li style=\"list-style-type: none;\">\n<ul>\n<li><a href=\"https:\/\/www.careium.com\/no\/velferdsteknologi\/personlige-alarmer\/i10-varmedetektor\/\">i10 varmedetektorer<\/a> &#8211; ideell for kj\u00f8kken, garasje og vaskerom der h\u00f8y varme, og ikke r\u00f8yk, signaliserer fare.<\/li>\n<li><a href=\"https:\/\/www.careium.com\/no\/velferdsteknologi\/personlige-alarmer\/i10-karbonmonoksiddetektor\/\">i10 Karbonmonoksidvarsler<\/a> &#8211; kan brukes i n\u00e6rheten av gassapparater, peiser og kjeler for \u00e5 oppdage d\u00f8delig karbonmonoksidgass.<\/li>\n<li><strong>Ekstra r\u00f8ykvarslere<\/strong> &#8211; utvider dekningen til alle viktige omr\u00e5der, inkludert soverom, gang, stue og kjeller.<\/li>\n<\/ul>\n<\/li>\n<\/ul>\n<p>Dette integrerte systemet skaper et <strong>trygt hjemmemilj\u00f8<\/strong>, noe som reduserer risikoen for uoppdagede branner, r\u00f8yk eller eksponering for karbonmonoksid.<\/p>\n<hr \/>\n<h3><strong>Hvorfor velge v\u00e5r r\u00f8ykvarsler med direkterespons?<\/strong><\/h3>\n<p><strong>24\/7-overv\u00e5kning for \u00f8yeblikkelig n\u00f8drespons<\/strong><\/p>\n<p>F\u00e5 umiddelbar varsling og kontakt med n\u00f8detatene, selv om bruker ikke er i stand til \u00e5 reagere.<\/p>\n<p><strong>Automatisk n\u00f8dhjelp<\/strong><\/p>\n<p>Du trenger ikke \u00e5 v\u00e6re avhengig av at noen h\u00f8rer alarmen eller tilkaller hjelp selv \u2013 helsepersonell p\u00e5 responssenteret h\u00e5ndterer varsler d\u00f8gnet rundt og iverksetter n\u00f8dvendige tiltak.<\/p>\n<p><strong>Mulighet for seriekobling i alle rom <\/strong><br \/>\nKoble til r\u00f8ykvarslere, varmedetektorer og karbonmonoksidalarmer i hele hjemmet for maksimal beskyttelse.<\/p>\n<p><strong>Ideell for eldre og s\u00e5rbare brukergrupper<\/strong><br \/>\nPerfekt for eldre, personer som bor alene eller andre med ulike typer funksjonsnedsettelser som kanskje ikke reagerer like raskt i en n\u00f8dsituasjon.<\/p>\n<p><strong>Enkel integrering med trygghetsalarm<\/strong><\/p>\n<p>R\u00f8ykvarsler kan kobles direkte til trygghetsalarmen og sende varsel direkte til v\u00e5rt responssenter.<\/p>\n<hr \/>\n<h3><strong>Ekstra brannbeskyttelse i hjemmet<\/strong><\/h3>\n<p>Rask respons ved brann redder liv. <strong>i10 overv\u00e5ket r\u00f8ykvarsler<\/strong>\u00a0og\u00a0<strong>i10 karbonmonoksidalarm<\/strong>\u00a0s\u00f8rger for at hjelpen alltid er p\u00e5 vei \u2013 selv om man ikke kan tilkalle den selv. Ikke overlat sikkerheten til tilfeldighetene. Med et d\u00f8gnkontinuerlig varslingssystem, kan du alltid f\u00f8le deg trygg i eget hjem.<\/p>\n<hr \/>\n","protected":false},"excerpt":{"rendered":"<p>V\u00e5r smarte i10-r\u00f8ykvarsler utl\u00f8ser en alarm og varsler i tillegg automatisk til et d\u00f8gn\u00e5pent responssenter som kan tilkalle n\u00f8detater ved behov.<\/p>\n","protected":false},"author":4,"featured_media":165,"template":"","meta":{"_acf_changed":false},"product_brand":[],"product_cat":[17],"product_tag":[],"class_list":{"0":"post-166","1":"product","2":"type-product","3":"status-publish","4":"has-post-thumbnail","6":"product_cat-accessories","8":"first","9":"instock","10":"shipping-taxable","11":"purchasable","12":"product-type-simple"},"acf":[],"_links":{"self":[{"href":"https:\/\/www.careium.com\/no\/wp-json\/wp\/v2\/product\/166","targetHints":{"allow":["GET"]}}],"collection":[{"href":"https:\/\/www.careium.com\/no\/wp-json\/wp\/v2\/product"}],"about":[{"href":"https:\/\/www.careium.com\/no\/wp-json\/wp\/v2\/types\/product"}],"author":[{"embeddable":true,"href":"https:\/\/www.careium.com\/no\/wp-json\/wp\/v2\/users\/4"}],"wp:featuredmedia":[{"embeddable":true,"href":"https:\/\/www.careium.com\/no\/wp-json\/wp\/v2\/media\/165"}],"wp:attachment":[{"href":"https:\/\/www.careium.com\/no\/wp-json\/wp\/v2\/media?parent=166"}],"wp:term":[{"taxonomy":"product_brand","embeddable":true,"href":"https:\/\/www.careium.com\/no\/wp-json\/wp\/v2\/product_brand?post=166"},{"taxonomy":"product_cat","embeddable":true,"href":"https:\/\/www.careium.com\/no\/wp-json\/wp\/v2\/product_cat?post=166"},{"taxonomy":"product_tag","embeddable":true,"href":"https:\/\/www.careium.com\/no\/wp-json\/wp\/v2\/product_tag?post=166"}],"curies":[{"name":"wp","href":"https:\/\/api.w.org\/{rel}","templated":true}]}}