{"id":170,"date":"2025-04-29T13:52:20","date_gmt":"2025-04-29T13:52:20","guid":{"rendered":"https:\/\/www.careium.com\/no\/?post_type=product&#038;p=170"},"modified":"2025-05-28T15:47:42","modified_gmt":"2025-05-28T15:47:42","slug":"nattugla-smart-falldeteksjon","status":"publish","type":"product","link":"https:\/\/www.careium.com\/no\/velferdsteknologi\/personlige-alarmer\/nattugla-smart-falldeteksjon\/","title":{"rendered":"Nattugla &#8211; visuelt digitalt tilsyn"},"content":{"rendered":"<p>Nattugla er et smart, KI-drevet overv\u00e5kningssystem som er utviklet for \u00e5 holde folk trygge d\u00f8gnet rundt. Nattuglas infrar\u00f8de kamera med h\u00f8y oppl\u00f8sning fungerer ogs\u00e5 i m\u00f8rket og kan fange opp hvis en bruker faller, vandrer eller trenger hjelp. Nattugla gjenkjenner unormalt aktive situasjoner og varsler umiddelbart, slik at omsorgsnettverket kan hjelpe brukeren.<\/p>\n<p>Med intelligent overv\u00e5king d\u00f8gnet rundt og avansert falldeteksjon bidrar Nattugla til \u00e5 forhindre ulykker f\u00f8r de skjer, noe som gj\u00f8r den til en ideell l\u00f8sning for sykehjem, ulike institusjoner og hos hjemmeboende.<\/p>\n<hr \/>\n<h3><strong>Slik fungerer den<\/strong><\/h3>\n<p>Nattugla bruker banebrytende <strong>KI-atferdsgjenkjenning<\/strong> kombinert med h\u00f8yoppl\u00f8selig infrar\u00f8d video for \u00e5 varsle om potensielt farlige situasjoner i sanntid. I motsetning til tradisjonelle systemer som baserer seg p\u00e5 b\u00e6rbare enheter, matter eller sengesensorer, tilbyr Nattugla <strong>ikke-p\u00e5trengende overv\u00e5kning<\/strong> som fungerer automatisk &#8211; uten at brukeren trenger \u00e5 ha p\u00e5 seg eller aktivere noe som helst.<\/p>\n<p>Systemet oppdager viktige risikosituasjoner, blant annet<\/p>\n<ul>\n<li>Fall og nesten- fall<\/li>\n<li>H\u00f8ye rop om hjelp eller n\u00f8dlyder<\/li>\n<li>\u00c5 st\u00e5 opp om natten (reduserer risikoen for \u00e5 g\u00e5 rundt)<\/li>\n<li>Lange toalettbes\u00f8k (et tegn p\u00e5 mulig besvimelse eller fall)<\/li>\n<li>Varsler om \u00e5 g\u00e5 ut av rommet<\/li>\n<\/ul>\n<p>Ved \u00e5 identifisere disse situasjonene tidlig bidrar Nattugla til \u00e5 forebygge ulykker, ressursoptimalisering i tjenestene og generell \u00f8kt sikkerhet for brukeren.<\/p>\n<hr \/>\n<h3><strong>Hvorfor velge Nattugla?<\/strong><\/h3>\n<p><strong>Bevist \u00e5 forebygge over 50 % av alle fall<\/strong><\/p>\n<p>I en stor feltstudie med <strong>16 000 alarmer p\u00e5 12 sykehjem<\/strong> viste Nattugla\u00a0en betydelig reduksjon i antall fallulykker. Det smarte alarmsystemet oppdager tidlige faresignaler og gj\u00f8r det mulig for helsepersonell \u00e5 gripe inn f\u00f8r ulykken inntreffer.<\/p>\n<p><strong>Reduserer stress og sykefrav\u00e6r hos helsepersonell<\/strong><\/p>\n<p>Nattugla bidrar til \u00e5 redusere antall fysiske tilsyn, noe som bidrar til \u00e5 optimalisere ressursbruken til helsepersonell. Med f\u00e6rre nattlige forstyrrelser og mer effektive rutiner, reduseres stressniv\u00e5et og sykefrav\u00e6ret blant helsepersonell betraktelig.<\/p>\n<p><strong>Sikkerhetsoverv\u00e5king d\u00f8gnet rundt med smarte alarmer<\/strong><\/p>\n<p>De KI-drevne varslene gjenkjenner farlige situasjoner n\u00e5r som helst p\u00e5 d\u00f8gnet, noe som gir sikkerhet d\u00f8gnet rundt uten konstant tilsyn.<\/p>\n<p><strong>Toveis talekommunikasjon<\/strong><\/p>\n<p>Snakk direkte gjennom Nattugla-systemet. Helsepersonell kan sjekke inn, berolige eller veilede personen i rommet umiddelbart gjennom innebygd toveis lyd.<\/p>\n<p><strong>Fremtidsrettet, sikker teknologi<\/strong><\/p>\n<p>Produktene er utviklet for langvarig bruk med <strong>ende-til-ende-kryptering<\/strong> og st\u00f8tter <strong>4G-, Wi-Fi- og Power over Ethernet (PoE)<\/strong>-tilkobling. Livstids programvareoppdateringer s\u00f8rger for at systemet forblir sikkert, oppdatert og p\u00e5litelig i takt med den teknologiske utviklingen.<\/p>\n<hr \/>\n<h3><strong>Smartere pleie, bedre sikkerhet og trygghet<\/strong><\/h3>\n<p>Nattugla er mer enn bare et overv\u00e5kningssystem, det er en smartere m\u00e5te \u00e5 beskytte s\u00e5rbare personer og st\u00f8tte omsorgspersoner p\u00e5.<\/p>\n<p>Ved \u00e5 kombinere intelligent falldeteksjon med diskr\u00e9 overv\u00e5kning og umiddelbare varsler bidrar det til \u00e5 skape tryggere bomilj\u00f8er &#8211; uten behov for invasivt utstyr.<\/p>\n<p>Uansett om det er p\u00e5 sykehjem, i omsorgsboliger eller i private hjem, reduserer produktene risikoen for ulykker og gir brukere og omsorgsnettverk ekstra trygghet.<\/p>\n<p><strong>Velg Nattugla for proaktiv fallforebygging, smartere sikkerhet og ekte trygghet &#8211; dag og natt.<\/strong><\/p>\n<hr \/>\n","protected":false},"excerpt":{"rendered":"<p>Via et visuelt digitalt tilsyn s\u00f8rger Nattugla for at brukeren kan ha en god natts s\u00f8vn uten \u00e5 bli vekket av et fysisk tilsyn. Det avanserte systemet hjelper helsepersonell i kommunene med overv\u00e5kning p\u00e5 en sikker og effektiv m\u00e5te. <strong>Nattugla er perfekt \u00e5 bruke i ulike typer institusjoner eller hjemme i brukerens bolig. <\/strong><\/p>\n","protected":false},"author":5,"featured_media":1979,"template":"","meta":{"_acf_changed":false},"product_brand":[],"product_cat":[17],"product_tag":[],"class_list":{"0":"post-170","1":"product","2":"type-product","3":"status-publish","4":"has-post-thumbnail","6":"product_cat-accessories","8":"first","9":"instock","10":"shipping-taxable","11":"purchasable","12":"product-type-simple"},"acf":[],"_links":{"self":[{"href":"https:\/\/www.careium.com\/no\/wp-json\/wp\/v2\/product\/170","targetHints":{"allow":["GET"]}}],"collection":[{"href":"https:\/\/www.careium.com\/no\/wp-json\/wp\/v2\/product"}],"about":[{"href":"https:\/\/www.careium.com\/no\/wp-json\/wp\/v2\/types\/product"}],"author":[{"embeddable":true,"href":"https:\/\/www.careium.com\/no\/wp-json\/wp\/v2\/users\/5"}],"wp:featuredmedia":[{"embeddable":true,"href":"https:\/\/www.careium.com\/no\/wp-json\/wp\/v2\/media\/1979"}],"wp:attachment":[{"href":"https:\/\/www.careium.com\/no\/wp-json\/wp\/v2\/media?parent=170"}],"wp:term":[{"taxonomy":"product_brand","embeddable":true,"href":"https:\/\/www.careium.com\/no\/wp-json\/wp\/v2\/product_brand?post=170"},{"taxonomy":"product_cat","embeddable":true,"href":"https:\/\/www.careium.com\/no\/wp-json\/wp\/v2\/product_cat?post=170"},{"taxonomy":"product_tag","embeddable":true,"href":"https:\/\/www.careium.com\/no\/wp-json\/wp\/v2\/product_tag?post=170"}],"curies":[{"name":"wp","href":"https:\/\/api.w.org\/{rel}","templated":true}]}}