{"id":177,"date":"2025-04-29T14:19:19","date_gmt":"2025-04-29T14:19:19","guid":{"rendered":"https:\/\/www.careium.com\/no\/?post_type=product&#038;p=177"},"modified":"2026-02-06T08:13:37","modified_gmt":"2026-02-06T07:13:37","slug":"i10-varmedetektor","status":"publish","type":"product","link":"https:\/\/www.careium.com\/no\/velferdsteknologi\/personlige-alarmer\/i10-varmedetektor\/","title":{"rendered":"i10 varmedetektor &#8211; varsling med direkte respons"},"content":{"rendered":"<p><strong>i10 varmedetektor<\/strong> sikrer rask varsling med direktekobling til et <strong>d\u00f8gnbemannet responssenter<\/strong> med helsepersonell. i10 varmedetektor har mulighet for seriekobling og kan kobles til <strong>trygghetsalarm<\/strong>, r\u00f8ykvarslere og ytterligere varmedetektorer for maksimal sikkerhet.<\/p>\n<p>Alarmen utl\u00f8ses n\u00e5r varmedetektoren p\u00e5viser h\u00f8y varme og det sendes i tillegg et automatisk varsel til et responssenter. Helsefaglig personell vurderer situasjonen raskt og kobler p\u00e5 n\u00f8detater ved behov. I en n\u00f8dssituasjon teller hvert sekund og i10 varmedetektor sikrer et trygt hjemmemilj\u00f8. Denne smarte l\u00f8sningen er spesielt godt egnet til <strong>eldre og personer med funksjonsnedsettelser<\/strong> som ikke er i stand til \u00e5 varsle n\u00f8detater selv.<\/p>\n<hr \/>\n<h3><strong>Slik fungerer varmedetektoren<\/strong><\/h3>\n<p>i10 varmedetektor er spesielt utviklet for \u00e5 identifisere farlige temperatur\u00f8kninger og aktiveres vanligvis ved 57\u00b0C eller h\u00f8yere. Den er ideell \u00e5 bruke i omr\u00e5der hvor r\u00f8ykvarslere kan for\u00e5rsake falske alarmer, for eksempel:<\/p>\n<ul>\n<li style=\"list-style-type: none;\">\n<ul>\n<li><strong>Kj\u00f8kken<\/strong> (damp eller matos i forbindelse med matlaging)<\/li>\n<li><strong>Garasjer<\/strong> (avgasser eller st\u00f8v fra kj\u00f8ret\u00f8y)<\/li>\n<li><strong>Vaskerom<\/strong><\/li>\n<li><strong>Fyrrom<\/strong><\/li>\n<\/ul>\n<\/li>\n<\/ul>\n<p><strong>Varmedetektorer<\/strong> gir ekstra beskyttelse der <strong>r\u00f8ykvarslere<\/strong> alene kanskje ikke er nok.<\/p>\n<hr \/>\n<h3><strong>Et trygt hjemmemilj\u00f8<\/strong><\/h3>\n<p>For best mulig beskyttelse mot brann og karbonmonoksid, kombiner i10 med v\u00e5re:<\/p>\n<ul>\n<li style=\"list-style-type: none;\">\n<ul>\n<li><a href=\"https:\/\/www.careium.com\/no\/velferdsteknologi\/personlige-alarmer\/overvaket-roykvarsleralarm\/\"><strong>i10 r\u00f8ykvarslere<\/strong><\/a> &#8211; ideell for soverom, gang og oppholdsrom.<\/li>\n<li><a href=\"https:\/\/www.careium.com\/no\/velferdsteknologi\/personlige-alarmer\/i10-karbonmonoksiddetektor\/\"><strong>i10 karbonmonoksid (CO)-detektorer<\/strong><\/a> &#8211; anbefales i n\u00e6rheten av kjeler, peiser eller gassapparater.<\/li>\n<\/ul>\n<\/li>\n<\/ul>\n<p>Ved \u00e5 bruke riktig type detektor p\u00e5 riktig sted skaper du et <strong>trygt hjemmemilj\u00f8<\/strong>, noe som reduserer risikoen for skader.<\/p>\n<hr \/>\n<h3><strong>Viktig sikkerhetsinformasjon<\/strong><\/h3>\n<p>Varmedetektorer er spesielt utviklet for milj\u00f8 med h\u00f8ye temperaturer og aktiveres bare n\u00e5r temperaturen overstiger 57 \u00b0C eller h\u00f8yere. I soverom og omr\u00e5der der folk sover, b\u00f8r du alltid bruke <strong>r\u00f8ykvarslere<\/strong> for tidlig varsling av brann.<\/p>\n<p>Anbefalt plassering for varmedetektor er p\u00e5 <strong>kj\u00f8kkenet, i garasjen eller p\u00e5 vaskerommet. <\/strong><\/p>\n<hr \/>\n<h3><strong>Fordeler med \u00e5 velge i10 varmedetektor<\/strong><\/h3>\n<ul>\n<li style=\"list-style-type: none;\">\n<ul>\n<li><strong>Varsel til et d\u00f8gnbemannet responssenter<\/strong> \u2013 automatisk varsling sikrer rask respons fra helsefaglig bemannet responssenter.<\/li>\n<li><strong>Smart integrering med trygghetsalarm<\/strong> &#8211; serietilkobling med annen teknologi, som trygghetsalarm, flere varmedetektorer eller r\u00f8ykvarsler.<\/li>\n<li><strong>Ideell for h\u00f8yrisikoomr\u00e5der<\/strong> &#8211; ideell \u00e5 bruke i omr\u00e5der hvor r\u00f8ykvarslere kan for\u00e5rsake falske alarmer som p\u00e5 kj\u00f8kken og i garasje.<\/li>\n<li><strong>Rask respons n\u00e5r hvert sekund teller<\/strong> \u2013 automatisk varsling til helsepersonell p\u00e5 responssenter.<\/li>\n<li><strong>En komplett l\u00f8sning for et trygt hjemmemilj\u00f8<\/strong> \u2013 kan seriekobles med r\u00f8ykvarslere og karbonmonoksidvarslere for ekstra trygghet.<\/li>\n<\/ul>\n<\/li>\n<\/ul>\n<hr \/>\n<h3><strong>Beskytt hjemmet ditt med smart varmedeteksjon<\/strong><\/h3>\n<p>Velg <strong>i10 varmedetektor<\/strong> for smart og p\u00e5litelig brannbeskyttelse i hjemmet ditt. I kombinasjon med r\u00f8yk- og CO-detektorer med direkte varsling til v\u00e5rt responssenter kan du f\u00f8le deg ekstra trygg.<\/p>\n<hr \/>\n<p>&nbsp;<\/p>\n","protected":false},"excerpt":{"rendered":"<p>i10 varmedetektor varsler ved temperatur over 57\u00b0C. Den er godt egnet i rom med mye damp, avgasser eller st\u00f8v. Perfekt for \u00e5 unng\u00e5 falske brannalarmer.<\/p>\n","protected":false},"author":5,"featured_media":176,"template":"","meta":{"_acf_changed":false},"product_brand":[],"product_cat":[17],"product_tag":[],"class_list":{"0":"post-177","1":"product","2":"type-product","3":"status-publish","4":"has-post-thumbnail","6":"product_cat-accessories","8":"first","9":"instock","10":"shipping-taxable","11":"purchasable","12":"product-type-simple"},"acf":[],"_links":{"self":[{"href":"https:\/\/www.careium.com\/no\/wp-json\/wp\/v2\/product\/177","targetHints":{"allow":["GET"]}}],"collection":[{"href":"https:\/\/www.careium.com\/no\/wp-json\/wp\/v2\/product"}],"about":[{"href":"https:\/\/www.careium.com\/no\/wp-json\/wp\/v2\/types\/product"}],"author":[{"embeddable":true,"href":"https:\/\/www.careium.com\/no\/wp-json\/wp\/v2\/users\/5"}],"wp:featuredmedia":[{"embeddable":true,"href":"https:\/\/www.careium.com\/no\/wp-json\/wp\/v2\/media\/176"}],"wp:attachment":[{"href":"https:\/\/www.careium.com\/no\/wp-json\/wp\/v2\/media?parent=177"}],"wp:term":[{"taxonomy":"product_brand","embeddable":true,"href":"https:\/\/www.careium.com\/no\/wp-json\/wp\/v2\/product_brand?post=177"},{"taxonomy":"product_cat","embeddable":true,"href":"https:\/\/www.careium.com\/no\/wp-json\/wp\/v2\/product_cat?post=177"},{"taxonomy":"product_tag","embeddable":true,"href":"https:\/\/www.careium.com\/no\/wp-json\/wp\/v2\/product_tag?post=177"}],"curies":[{"name":"wp","href":"https:\/\/api.w.org\/{rel}","templated":true}]}}