{"id":180,"date":"2025-04-29T14:32:06","date_gmt":"2025-04-29T14:32:06","guid":{"rendered":"https:\/\/www.careium.com\/no\/?post_type=product&#038;p=180"},"modified":"2025-05-27T12:38:40","modified_gmt":"2025-05-27T12:38:40","slug":"smart-medisindispenser","status":"publish","type":"product","link":"https:\/\/www.careium.com\/no\/velferdsteknologi\/personlige-alarmer\/smart-medisindispenser\/","title":{"rendered":"Elektronisk medisindispenser"},"content":{"rendered":"<h3><strong>Elektronisk medisindispenser &#8211; tryggere medikamenth\u00e5ndtering med p\u00e5minnelser og varsler<\/strong><\/h3>\n<p>Legemiddelh\u00e5ndtering kan v\u00e6re utfordrende, spesielt hvis man tar flere ulike typer medikamenter til ulike tider av d\u00f8gnet. Det er sv\u00e6rt viktig at riktig dose tas til riktig tid. Hvis man glemmer \u00e5 ta medisinen eller det tas feil dose, kan dette medf\u00f8re alvorlig helserisiko, som igjen kan f\u00f8re til forverring av helsetilstand og potensielle sykehusinnleggelser. En elektronisk medisindispenser kan <strong>redusere risikoen for feilmedisinering og gi ekstra trygghet til b\u00e5de brukere og helsepersonell.<\/strong><\/p>\n<p>Den elektroniske medisindispenseren er utviklet for \u00e5 gj\u00f8re medikamenth\u00e5ndteringen enkel, trygg og stressfri. Dispenseren er enkel \u00e5 fylle med tabletter og har tydelige rom for hver dose. Med den brukervennlige LCD-skjermen kan du enkelt stille inn n\u00f8yaktig tidspunkt for n\u00e5r hver enkelt dose skal tas. Dispenseren har plass til opptil 28 doser, noe som gj\u00f8r den egnet for b\u00e5de daglig og ukentlig medisinering.<\/p>\n<p>N\u00e5r det er tid for \u00e5 ta medisinen, varsler <strong>medisindispenseren brukeren med en h\u00f8y alarm og et blinkende lys<\/strong>. Det tydelige varselet gj\u00f8r det enkelt \u00e5 huske medisinen og reduserer risikoen for glemte doser. Dispenseren er spesielt egnet for brukere med redusert hukommelse, kognitiv svikt og demensdiagnose. Medisinene er kun tilgjengelige p\u00e5 det avtalte tidspunktet, noe som ogs\u00e5 bidrar til \u00e5 forhindre dobbeltdosering eller forvirring om hvorvidt medisinen er tatt eller ikke.<\/p>\n<p>For ekstra sikkerhet kan medisindispenseren kobles til trygghetsalarmen. Hvis en dose ikke blir tatt, sender medisindispenseren et automatisk varsel til et d\u00f8gnbemannet responssenter. Dette sikrer at hjelp er raskt tilgjengelig hvis noe g\u00e5r galt, noe som gir b\u00e5de brukeren og deres n\u00e6rmeste ekstra trygghet.<\/p>\n<p>&nbsp;<\/p>\n<p>Den automatiske medisindispenseren er b\u00e6rbar og batteridrevet, noe som gir mulighet for fleksibel plassering i hjemmet. Den har i tillegg et l\u00e5sbart lokk for \u00e5 holde medisinen trygg. Medisindispenseren sikrer trygg medikamenth\u00e5ndtering samtidig som den bidrar til egenmestring og selvstendighet hos brukeren. Den er ideell for eldre som bor alene eller helsepersonell som \u00f8nsker et hjelpemiddel for medisinering.<\/p>\n<p>Velg en smartere og tryggere metode for medikamenth\u00e5ndtering med elektronisk medisindispenser.<\/p>\n","protected":false},"excerpt":{"rendered":"<p>V\u00e5r elektroniske medisindispenser sikrer riktig medikamenth\u00e5ndtering og s\u00f8rger for at rett dose gis til rett tid. Dispenseren er perfekt for eldre og brukere med nedsatt hukommelse og sikrer trygg administrasjon av legemidler.<\/p>\n","protected":false},"author":5,"featured_media":103,"template":"","meta":{"_acf_changed":false},"product_brand":[],"product_cat":[17],"product_tag":[],"class_list":{"0":"post-180","1":"product","2":"type-product","3":"status-publish","4":"has-post-thumbnail","6":"product_cat-accessories","8":"first","9":"instock","10":"shipping-taxable","11":"purchasable","12":"product-type-simple"},"acf":[],"_links":{"self":[{"href":"https:\/\/www.careium.com\/no\/wp-json\/wp\/v2\/product\/180","targetHints":{"allow":["GET"]}}],"collection":[{"href":"https:\/\/www.careium.com\/no\/wp-json\/wp\/v2\/product"}],"about":[{"href":"https:\/\/www.careium.com\/no\/wp-json\/wp\/v2\/types\/product"}],"author":[{"embeddable":true,"href":"https:\/\/www.careium.com\/no\/wp-json\/wp\/v2\/users\/5"}],"wp:featuredmedia":[{"embeddable":true,"href":"https:\/\/www.careium.com\/no\/wp-json\/wp\/v2\/media\/103"}],"wp:attachment":[{"href":"https:\/\/www.careium.com\/no\/wp-json\/wp\/v2\/media?parent=180"}],"wp:term":[{"taxonomy":"product_brand","embeddable":true,"href":"https:\/\/www.careium.com\/no\/wp-json\/wp\/v2\/product_brand?post=180"},{"taxonomy":"product_cat","embeddable":true,"href":"https:\/\/www.careium.com\/no\/wp-json\/wp\/v2\/product_cat?post=180"},{"taxonomy":"product_tag","embeddable":true,"href":"https:\/\/www.careium.com\/no\/wp-json\/wp\/v2\/product_tag?post=180"}],"curies":[{"name":"wp","href":"https:\/\/api.w.org\/{rel}","templated":true}]}}