{"id":272,"date":"2025-05-02T11:28:28","date_gmt":"2025-05-02T11:28:28","guid":{"rendered":"https:\/\/www.careium.com\/no\/?post_type=product&#038;p=272"},"modified":"2025-09-24T13:30:37","modified_gmt":"2025-09-24T11:30:37","slug":"talealarm","status":"publish","type":"product","link":"https:\/\/www.careium.com\/no\/velferdsteknologi\/personlige-alarmer\/talealarm\/","title":{"rendered":"Talealarm"},"content":{"rendered":"","protected":false},"excerpt":{"rendered":"<p>Talealarmen er en sensor som reagerer p\u00e5 ufrivillige lyder, f.eks. under et epileptisk anfall, eller bevisste lyder, f.eks. et rop om hjelp. Sensoren plasseres n\u00e6r brukeren, og f\u00f8lsomheten justeres slik at bare lyd fra brukeren utl\u00f8ser alarmen. En separat mikrofon kan kobles til for \u00e5 skjerme bort st\u00f8y fra milj\u00f8et (st\u00f8ykansellering) for \u00e5 oppn\u00e5 enda h\u00f8yere f\u00f8lsomhet. Alarmene sendes tr\u00e5dl\u00f8st til en Careium trygghetsalarm og videresendes til alarmsentralen.<\/p>\n","protected":false},"author":1,"featured_media":1416,"template":"","meta":{"_acf_changed":false},"product_brand":[],"product_cat":[17],"product_tag":[],"class_list":{"0":"post-272","1":"product","2":"type-product","3":"status-publish","4":"has-post-thumbnail","6":"product_cat-accessories","8":"first","9":"instock","10":"shipping-taxable","11":"purchasable","12":"product-type-simple"},"acf":[],"_links":{"self":[{"href":"https:\/\/www.careium.com\/no\/wp-json\/wp\/v2\/product\/272","targetHints":{"allow":["GET"]}}],"collection":[{"href":"https:\/\/www.careium.com\/no\/wp-json\/wp\/v2\/product"}],"about":[{"href":"https:\/\/www.careium.com\/no\/wp-json\/wp\/v2\/types\/product"}],"author":[{"embeddable":true,"href":"https:\/\/www.careium.com\/no\/wp-json\/wp\/v2\/users\/1"}],"wp:featuredmedia":[{"embeddable":true,"href":"https:\/\/www.careium.com\/no\/wp-json\/wp\/v2\/media\/1416"}],"wp:attachment":[{"href":"https:\/\/www.careium.com\/no\/wp-json\/wp\/v2\/media?parent=272"}],"wp:term":[{"taxonomy":"product_brand","embeddable":true,"href":"https:\/\/www.careium.com\/no\/wp-json\/wp\/v2\/product_brand?post=272"},{"taxonomy":"product_cat","embeddable":true,"href":"https:\/\/www.careium.com\/no\/wp-json\/wp\/v2\/product_cat?post=272"},{"taxonomy":"product_tag","embeddable":true,"href":"https:\/\/www.careium.com\/no\/wp-json\/wp\/v2\/product_tag?post=272"}],"curies":[{"name":"wp","href":"https:\/\/api.w.org\/{rel}","templated":true}]}}