{"id":285,"date":"2025-05-02T12:14:15","date_gmt":"2025-05-02T12:14:15","guid":{"rendered":"https:\/\/www.careium.com\/no\/?post_type=product&#038;p=285"},"modified":"2026-01-27T15:33:07","modified_gmt":"2026-01-27T14:33:07","slug":"mbox-9200","status":"publish","type":"product","link":"https:\/\/www.careium.com\/no\/velferdsteknologi\/personlige-alarmer\/mbox-9200\/","title":{"rendered":"mBox 9200"},"content":{"rendered":"<h2>Hvordan virker det?<\/h2>\n<p>mBox 9200 d\u00f8ralarm er sv\u00e6rt lett \u00e5 installere, og er helt tr\u00e5dl\u00f8s. En liten magnet festes p\u00e5 d\u00f8ren, og senderen festes i d\u00f8rkarmen. D\u00f8ralarmen varsler alarmsentralen hvis en person forlater eiendommen. En utkoblingsfunksjon gj\u00f8r at bes\u00f8kende kan komme og g\u00e5 uten \u00e5 aktivere alarmen, og den har ogs\u00e5 en p\u00e5\/av-bryter. Den fungerer ogs\u00e5 som radiomottaker og -sender i ett. En mBox signalforsterker kan brukes mellom Careium trygghetsalarm og en tr\u00e5dl\u00f8s Telecare-sensor for \u00e5 utvide sensorens rekkevidde.<\/p>\n<h2>Hvilket problem l\u00f8ser det?<\/h2>\n<p>mBox 9200 d\u00f8ralarm har mange fordeler, hovedsakelig ved at personer med demens kan bo trygt og selvstendig i samfunnet. Den bidrar til at n\u00f8dvendige tiltak kan iverksettes s\u00e5 snart som mulig for \u00e5 sikre at brukeren f\u00f8res tilbake til et trygt milj\u00f8, og kan ogs\u00e5 bidra til \u00e5 redusere den f\u00f8lelsesmessige og fysiske belastningen for personer som kanskje ikke finner veien hjem uten hjelp.<\/p>\n","protected":false},"excerpt":{"rendered":"<p>mBox 9200 kan brukes som sengekontrollenhet, radiosender, signalforsterker og d\u00f8ralarm. N\u00e5r den utl\u00f8ses, sendes en alarm til alarmsentralen via trygghetsalarmen. Enkel funksjonalitet for oppsett av ulike forsinkelsestider f\u00f8r en alarm sendes. Tidsparametrene kan ogs\u00e5 programmeres p\u00e5 trygghetsalarmen, slik at enheten bare fungerer p\u00e5 bestemte tidspunkter.<\/p>\n","protected":false},"author":1,"featured_media":1349,"template":"","meta":{"_acf_changed":false},"product_brand":[],"product_cat":[17],"product_tag":[],"class_list":{"0":"post-285","1":"product","2":"type-product","3":"status-publish","4":"has-post-thumbnail","6":"product_cat-accessories","8":"first","9":"instock","10":"shipping-taxable","11":"product-type-simple"},"acf":[],"_links":{"self":[{"href":"https:\/\/www.careium.com\/no\/wp-json\/wp\/v2\/product\/285","targetHints":{"allow":["GET"]}}],"collection":[{"href":"https:\/\/www.careium.com\/no\/wp-json\/wp\/v2\/product"}],"about":[{"href":"https:\/\/www.careium.com\/no\/wp-json\/wp\/v2\/types\/product"}],"author":[{"embeddable":true,"href":"https:\/\/www.careium.com\/no\/wp-json\/wp\/v2\/users\/1"}],"wp:featuredmedia":[{"embeddable":true,"href":"https:\/\/www.careium.com\/no\/wp-json\/wp\/v2\/media\/1349"}],"wp:attachment":[{"href":"https:\/\/www.careium.com\/no\/wp-json\/wp\/v2\/media?parent=285"}],"wp:term":[{"taxonomy":"product_brand","embeddable":true,"href":"https:\/\/www.careium.com\/no\/wp-json\/wp\/v2\/product_brand?post=285"},{"taxonomy":"product_cat","embeddable":true,"href":"https:\/\/www.careium.com\/no\/wp-json\/wp\/v2\/product_cat?post=285"},{"taxonomy":"product_tag","embeddable":true,"href":"https:\/\/www.careium.com\/no\/wp-json\/wp\/v2\/product_tag?post=285"}],"curies":[{"name":"wp","href":"https:\/\/api.w.org\/{rel}","templated":true}]}}