{"id":327,"date":"2025-05-04T10:25:27","date_gmt":"2025-05-04T10:25:27","guid":{"rendered":"https:\/\/www.careium.com\/no\/?post_type=product&#038;p=327"},"modified":"2026-03-05T16:03:33","modified_gmt":"2026-03-05T15:03:33","slug":"motion-9200","status":"publish","type":"product","link":"https:\/\/www.careium.com\/no\/velferdsteknologi\/personlige-alarmer\/motion-9200\/","title":{"rendered":"Motion 9200"},"content":{"rendered":"<p>Bevegelsessensoren er en tr\u00e5dl\u00f8s bevegelsessensor som kan brukes i ulike situasjoner der det kan v\u00e6re behov for bevegelsesoverv\u00e5king. For eksempel kan bevegelsessensoren brukes som:<\/p>\n<ul>\n<li>En sengemonitor, plassert p\u00e5 gulvet ved sengekanten.<\/li>\n<li>Bevegelsesmonitor, for \u00e5 sende informasjon n\u00e5r en person har v\u00e6rt aktiv, for eksempel ikke v\u00e6rt p\u00e5 kj\u00f8kkenet p\u00e5 24 timer.<\/li>\n<\/ul>\n<p>Enheten opererer p\u00e5 den europeiske sosialalarmfrekvensen 869 MHz og er testet og overholder alle relevante standarder, inkludert CE.<\/p>\n","protected":false},"excerpt":{"rendered":"<p>Motion er en batteridrevet bevegelsessensor med brukervennlig utforming, som enkelt kan installeres der det er behov for den. Den innebygde passive infrar\u00f8de sensoren kan brukes til \u00e5 registrere b\u00e5de aktivitet og inaktivitet. En intern klokke gj\u00f8r det mulig \u00e5 styre sensoren, for eksempel slik at en alarm sendes hvis det ikke registreres noen bevegelse i l\u00f8pet av et visst antall timer. Sensoren kan ogs\u00e5 stilles inn slik at den bare er aktivert om natten. Den kan legges p\u00e5 gulvet som sengemonitor. Den utfellbare st\u00f8ttebraketten kan installeres i ulike posisjoner, og gir mulighet for montering p\u00e5 b\u00e5de gulv og vegg.<\/p>\n","protected":false},"author":1,"featured_media":1359,"template":"","meta":{"_acf_changed":false},"product_brand":[],"product_cat":[17],"product_tag":[],"class_list":{"0":"post-327","1":"product","2":"type-product","3":"status-publish","4":"has-post-thumbnail","6":"product_cat-accessories","8":"first","9":"instock","10":"shipping-taxable","11":"purchasable","12":"product-type-simple"},"acf":[],"_links":{"self":[{"href":"https:\/\/www.careium.com\/no\/wp-json\/wp\/v2\/product\/327","targetHints":{"allow":["GET"]}}],"collection":[{"href":"https:\/\/www.careium.com\/no\/wp-json\/wp\/v2\/product"}],"about":[{"href":"https:\/\/www.careium.com\/no\/wp-json\/wp\/v2\/types\/product"}],"author":[{"embeddable":true,"href":"https:\/\/www.careium.com\/no\/wp-json\/wp\/v2\/users\/1"}],"wp:featuredmedia":[{"embeddable":true,"href":"https:\/\/www.careium.com\/no\/wp-json\/wp\/v2\/media\/1359"}],"wp:attachment":[{"href":"https:\/\/www.careium.com\/no\/wp-json\/wp\/v2\/media?parent=327"}],"wp:term":[{"taxonomy":"product_brand","embeddable":true,"href":"https:\/\/www.careium.com\/no\/wp-json\/wp\/v2\/product_brand?post=327"},{"taxonomy":"product_cat","embeddable":true,"href":"https:\/\/www.careium.com\/no\/wp-json\/wp\/v2\/product_cat?post=327"},{"taxonomy":"product_tag","embeddable":true,"href":"https:\/\/www.careium.com\/no\/wp-json\/wp\/v2\/product_tag?post=327"}],"curies":[{"name":"wp","href":"https:\/\/api.w.org\/{rel}","templated":true}]}}