{"id":338,"date":"2025-05-04T12:09:09","date_gmt":"2025-05-04T12:09:09","guid":{"rendered":"https:\/\/www.careium.com\/no\/?post_type=product&#038;p=338"},"modified":"2025-09-24T13:27:56","modified_gmt":"2025-09-24T11:27:56","slug":"ping-pong-switch","status":"publish","type":"product","link":"https:\/\/www.careium.com\/no\/velferdsteknologi\/personlige-alarmer\/ping-pong-switch\/","title":{"rendered":"Ping-Pong bryter"},"content":{"rendered":"","protected":false},"excerpt":{"rendered":"<p>Ping-Pong-bryteren plasseres n\u00e6r brukeren slik at brukeren enkelt kan aktivere en alarm ved \u00e5 ber\u00f8re den, f.eks. med hodet eller med en annen kroppsdel. Alarmene sendes tr\u00e5dl\u00f8st til en Careium trygghetsalarm og videresendes til alarmsentralen.<\/p>\n","protected":false},"author":1,"featured_media":1377,"template":"","meta":{"_acf_changed":false},"product_brand":[],"product_cat":[17],"product_tag":[],"class_list":{"0":"post-338","1":"product","2":"type-product","3":"status-publish","4":"has-post-thumbnail","6":"product_cat-accessories","8":"first","9":"instock","10":"shipping-taxable","11":"purchasable","12":"product-type-simple"},"acf":[],"_links":{"self":[{"href":"https:\/\/www.careium.com\/no\/wp-json\/wp\/v2\/product\/338","targetHints":{"allow":["GET"]}}],"collection":[{"href":"https:\/\/www.careium.com\/no\/wp-json\/wp\/v2\/product"}],"about":[{"href":"https:\/\/www.careium.com\/no\/wp-json\/wp\/v2\/types\/product"}],"author":[{"embeddable":true,"href":"https:\/\/www.careium.com\/no\/wp-json\/wp\/v2\/users\/1"}],"wp:featuredmedia":[{"embeddable":true,"href":"https:\/\/www.careium.com\/no\/wp-json\/wp\/v2\/media\/1377"}],"wp:attachment":[{"href":"https:\/\/www.careium.com\/no\/wp-json\/wp\/v2\/media?parent=338"}],"wp:term":[{"taxonomy":"product_brand","embeddable":true,"href":"https:\/\/www.careium.com\/no\/wp-json\/wp\/v2\/product_brand?post=338"},{"taxonomy":"product_cat","embeddable":true,"href":"https:\/\/www.careium.com\/no\/wp-json\/wp\/v2\/product_cat?post=338"},{"taxonomy":"product_tag","embeddable":true,"href":"https:\/\/www.careium.com\/no\/wp-json\/wp\/v2\/product_tag?post=338"}],"curies":[{"name":"wp","href":"https:\/\/api.w.org\/{rel}","templated":true}]}}