{"id":341,"date":"2025-05-04T13:05:32","date_gmt":"2025-05-04T13:05:32","guid":{"rendered":"https:\/\/www.careium.com\/no\/?post_type=product&#038;p=341"},"modified":"2026-03-05T16:45:01","modified_gmt":"2026-03-05T15:45:01","slug":"trekksnor","status":"publish","type":"product","link":"https:\/\/www.careium.com\/no\/velferdsteknologi\/personlige-alarmer\/trekksnor\/","title":{"rendered":"Trekksnor"},"content":{"rendered":"<p>Sterk, dobbeltklebende tape for enkel installasjon. Enheten er testet og overholder alle relevante standarder, inkludert CE.<\/p>\n","protected":false},"excerpt":{"rendered":"<p>Den takmonterte trekksnoren er en fast og praktisk m\u00e5te \u00e5 tilkalle hjelp p\u00e5 hvis en n\u00f8dssituasjon oppst\u00e5r. Den kan plasseres strategisk p\u00e5 ulike steder i boligen, for eksempel p\u00e5 badet eller ved sengen. Alarmene sendes tr\u00e5dl\u00f8st til en Careium trygghetsalarm og videresendes til alarmsentralen.<\/p>\n","protected":false},"author":1,"featured_media":1381,"template":"","meta":{"_acf_changed":false},"product_brand":[],"product_cat":[17],"product_tag":[],"class_list":{"0":"post-341","1":"product","2":"type-product","3":"status-publish","4":"has-post-thumbnail","6":"product_cat-accessories","8":"first","9":"instock","10":"shipping-taxable","11":"purchasable","12":"product-type-simple"},"acf":[],"_links":{"self":[{"href":"https:\/\/www.careium.com\/no\/wp-json\/wp\/v2\/product\/341","targetHints":{"allow":["GET"]}}],"collection":[{"href":"https:\/\/www.careium.com\/no\/wp-json\/wp\/v2\/product"}],"about":[{"href":"https:\/\/www.careium.com\/no\/wp-json\/wp\/v2\/types\/product"}],"author":[{"embeddable":true,"href":"https:\/\/www.careium.com\/no\/wp-json\/wp\/v2\/users\/1"}],"wp:featuredmedia":[{"embeddable":true,"href":"https:\/\/www.careium.com\/no\/wp-json\/wp\/v2\/media\/1381"}],"wp:attachment":[{"href":"https:\/\/www.careium.com\/no\/wp-json\/wp\/v2\/media?parent=341"}],"wp:term":[{"taxonomy":"product_brand","embeddable":true,"href":"https:\/\/www.careium.com\/no\/wp-json\/wp\/v2\/product_brand?post=341"},{"taxonomy":"product_cat","embeddable":true,"href":"https:\/\/www.careium.com\/no\/wp-json\/wp\/v2\/product_cat?post=341"},{"taxonomy":"product_tag","embeddable":true,"href":"https:\/\/www.careium.com\/no\/wp-json\/wp\/v2\/product_tag?post=341"}],"curies":[{"name":"wp","href":"https:\/\/api.w.org\/{rel}","templated":true}]}}