{"id":344,"date":"2025-05-04T13:10:36","date_gmt":"2025-05-04T13:10:36","guid":{"rendered":"https:\/\/www.careium.com\/no\/?post_type=product&#038;p=344"},"modified":"2026-03-05T16:19:34","modified_gmt":"2026-03-05T15:19:34","slug":"pikobutton","status":"publish","type":"product","link":"https:\/\/www.careium.com\/no\/velferdsteknologi\/personlige-alarmer\/pikobutton\/","title":{"rendered":"PikoButton"},"content":{"rendered":"<p>PikoButton er en kontrollbryter for brukere med funksjonsnedsettelser og\/eller spesielle behov. Den er designet for \u00e5 v\u00e6re sv\u00e6rt slitesterk, men likevel enkel \u00e5 bruke. P\u00e5 grunn av Pikobuttons f\u00f8lsomhet er den egnet for \u00e5 styre omgivelseskontrollsystemer, kommunikasjonsenheter, assistentalarmer osv. Aktiveringskraften til knappene er sv\u00e6rt liten, bare 125 gram (middels). Den samme aktiveringskraften kan brukes p\u00e5 kanten av bryteren. PikoButton har en dimensjon p\u00e5 50 mm med bryteren i r\u00f8dt. PikoButton har M4-gjenger for feste til rullestoler eller annen hjelpeteknologi. Enheten er testet og overholder alle relevante standarder, inkludert CE.<\/p>\n","protected":false},"excerpt":{"rendered":"<p>Den eksterne knappen PikoButton er en sv\u00e6rt holdbar kontrollbryter som er lett og behagelig \u00e5 bruke for personer med funksjonsnedsettelser eller spesielle behov. En 9350 radiomodul er n\u00f8dvendig for tr\u00e5dl\u00f8s tilkobling til en Careium trygghetsalarm.<\/p>\n","protected":false},"author":1,"featured_media":1367,"template":"","meta":{"_acf_changed":false},"product_brand":[],"product_cat":[17],"product_tag":[],"class_list":{"0":"post-344","1":"product","2":"type-product","3":"status-publish","4":"has-post-thumbnail","6":"product_cat-accessories","8":"first","9":"instock","10":"shipping-taxable","11":"purchasable","12":"product-type-simple"},"acf":[],"_links":{"self":[{"href":"https:\/\/www.careium.com\/no\/wp-json\/wp\/v2\/product\/344","targetHints":{"allow":["GET"]}}],"collection":[{"href":"https:\/\/www.careium.com\/no\/wp-json\/wp\/v2\/product"}],"about":[{"href":"https:\/\/www.careium.com\/no\/wp-json\/wp\/v2\/types\/product"}],"author":[{"embeddable":true,"href":"https:\/\/www.careium.com\/no\/wp-json\/wp\/v2\/users\/1"}],"wp:featuredmedia":[{"embeddable":true,"href":"https:\/\/www.careium.com\/no\/wp-json\/wp\/v2\/media\/1367"}],"wp:attachment":[{"href":"https:\/\/www.careium.com\/no\/wp-json\/wp\/v2\/media?parent=344"}],"wp:term":[{"taxonomy":"product_brand","embeddable":true,"href":"https:\/\/www.careium.com\/no\/wp-json\/wp\/v2\/product_brand?post=344"},{"taxonomy":"product_cat","embeddable":true,"href":"https:\/\/www.careium.com\/no\/wp-json\/wp\/v2\/product_cat?post=344"},{"taxonomy":"product_tag","embeddable":true,"href":"https:\/\/www.careium.com\/no\/wp-json\/wp\/v2\/product_tag?post=344"}],"curies":[{"name":"wp","href":"https:\/\/api.w.org\/{rel}","templated":true}]}}