{"id":355,"date":"2025-05-05T09:19:55","date_gmt":"2025-05-05T09:19:55","guid":{"rendered":"https:\/\/www.careium.com\/no\/?post_type=product&#038;p=355"},"modified":"2026-02-10T08:23:46","modified_gmt":"2026-02-10T07:23:46","slug":"mat-alarm","status":"publish","type":"product","link":"https:\/\/www.careium.com\/no\/velferdsteknologi\/personlige-alarmer\/mat-alarm\/","title":{"rendered":"Mat-alarm"},"content":{"rendered":"<h2>Hvordan virker det?<\/h2>\n<p>N\u00e5r noen tr\u00e5kker p\u00e5 teppet, aktiveres sensoren og en alarm sendes til alarmsentralen via trygghetsalarmen. Tidsinnstillingene kan programmeres slik at enheten er aktiv bare i bestemte tidsrom, for eksempel mellom 21.00 og 6.00. Minimumsvekten for aktivering er 27 kg.<\/p>\n<h2>Hvilket problem l\u00f8ser det?<\/h2>\n<p>Teppet gir enkel og effektiv overv\u00e5king og varsling hvis en person forlater rommet sitt eller boligen.<\/p>\n","protected":false},"excerpt":{"rendered":"<p>Mat-alarmen ser ut som et vanlig gulvteppe, og gir enkel og effektiv varsling hvis en person forlater rommet sitt eller boligen. Hele settet best\u00e5r av et dekorativt gulvteppe, en mBox 9200 radioenhet og en festeplate. N\u00e5r noen tr\u00e5kker p\u00e5 teppet, aktiveres sensoren og en alarm sendes til alarmsentralen via trygghetsalarmen. Utskiftbare deler kan bestilles separat.<\/p>\n","protected":false},"author":1,"featured_media":1342,"template":"","meta":{"_acf_changed":false},"product_brand":[],"product_cat":[17],"product_tag":[],"class_list":{"0":"post-355","1":"product","2":"type-product","3":"status-publish","4":"has-post-thumbnail","6":"product_cat-accessories","8":"first","9":"instock","10":"shipping-taxable","11":"purchasable","12":"product-type-simple"},"acf":[],"_links":{"self":[{"href":"https:\/\/www.careium.com\/no\/wp-json\/wp\/v2\/product\/355","targetHints":{"allow":["GET"]}}],"collection":[{"href":"https:\/\/www.careium.com\/no\/wp-json\/wp\/v2\/product"}],"about":[{"href":"https:\/\/www.careium.com\/no\/wp-json\/wp\/v2\/types\/product"}],"author":[{"embeddable":true,"href":"https:\/\/www.careium.com\/no\/wp-json\/wp\/v2\/users\/1"}],"wp:featuredmedia":[{"embeddable":true,"href":"https:\/\/www.careium.com\/no\/wp-json\/wp\/v2\/media\/1342"}],"wp:attachment":[{"href":"https:\/\/www.careium.com\/no\/wp-json\/wp\/v2\/media?parent=355"}],"wp:term":[{"taxonomy":"product_brand","embeddable":true,"href":"https:\/\/www.careium.com\/no\/wp-json\/wp\/v2\/product_brand?post=355"},{"taxonomy":"product_cat","embeddable":true,"href":"https:\/\/www.careium.com\/no\/wp-json\/wp\/v2\/product_cat?post=355"},{"taxonomy":"product_tag","embeddable":true,"href":"https:\/\/www.careium.com\/no\/wp-json\/wp\/v2\/product_tag?post=355"}],"curies":[{"name":"wp","href":"https:\/\/api.w.org\/{rel}","templated":true}]}}