{"id":359,"date":"2025-05-05T09:30:26","date_gmt":"2025-05-05T09:30:26","guid":{"rendered":"https:\/\/www.careium.com\/no\/?post_type=product&#038;p=359"},"modified":"2025-11-11T12:19:30","modified_gmt":"2025-11-11T11:19:30","slug":"bed-alarm","status":"publish","type":"product","link":"https:\/\/www.careium.com\/no\/velferdsteknologi\/personlige-alarmer\/bed-alarm\/","title":{"rendered":"Bed-alarm"},"content":{"rendered":"<h2>Hvordan virker det?<\/h2>\n<p>N\u00e6rv\u00e6rssensoren i sengen best\u00e5r av en trykkpute som legges under madrassen. Hvis brukeren forlater sengen og ikke kommer tilbake innen et spesifisert tidsrom, sendes en alarm til alarmsentralen via trygghetsalarmen. Varslinger kan ogs\u00e5 sendes hvis brukeren ikke g\u00e5r til sengs innen et bestemt tidspunkt p\u00e5 kvelden, eller ikke st\u00e5r opp innen et bestemt tidspunkt om morgenen.<\/p>\n<h2>Hvilket problem l\u00f8ser det?<\/h2>\n<p>N\u00e6rv\u00e6rssensoren i sengen er spesifikt utviklet for \u00e5 overv\u00e5ke en persons sikkerhet n\u00e5r som helst om dagen eller natten. Den reduserer risikoen for personen ved \u00e5 utl\u00f8se et varsel slik at kvalifisert personale kan iverksette egnede tiltak. L\u00f8sningen kan skreddersys for tilpasning til den enkeltes daglige aktiviteter.<\/p>\n","protected":false},"excerpt":{"rendered":"<p>Bed-alarmen er en enkel og effektiv m\u00e5te \u00e5 gi tidlig varsel p\u00e5 hvis en person ikke har kommet tilbake til sengen sin som forventet. Hele settet best\u00e5r av en myk, fleksibel n\u00e6rv\u00e6rsensor, et stofftrekk, en mBox 9200 radioenhet og en festeplate. Den vanntette trykksensoren er lett \u00e5 rengj\u00f8re, og brukes p\u00e5 oversiden av madrassen, vanligvis under lakenet. Utskiftbare deler kan bestilles separat.<\/p>\n","protected":false},"author":1,"featured_media":1126,"template":"","meta":{"_acf_changed":false},"product_brand":[],"product_cat":[17],"product_tag":[],"class_list":{"0":"post-359","1":"product","2":"type-product","3":"status-publish","4":"has-post-thumbnail","6":"product_cat-accessories","8":"first","9":"instock","10":"shipping-taxable","11":"purchasable","12":"product-type-simple"},"acf":[],"_links":{"self":[{"href":"https:\/\/www.careium.com\/no\/wp-json\/wp\/v2\/product\/359","targetHints":{"allow":["GET"]}}],"collection":[{"href":"https:\/\/www.careium.com\/no\/wp-json\/wp\/v2\/product"}],"about":[{"href":"https:\/\/www.careium.com\/no\/wp-json\/wp\/v2\/types\/product"}],"author":[{"embeddable":true,"href":"https:\/\/www.careium.com\/no\/wp-json\/wp\/v2\/users\/1"}],"wp:featuredmedia":[{"embeddable":true,"href":"https:\/\/www.careium.com\/no\/wp-json\/wp\/v2\/media\/1126"}],"wp:attachment":[{"href":"https:\/\/www.careium.com\/no\/wp-json\/wp\/v2\/media?parent=359"}],"wp:term":[{"taxonomy":"product_brand","embeddable":true,"href":"https:\/\/www.careium.com\/no\/wp-json\/wp\/v2\/product_brand?post=359"},{"taxonomy":"product_cat","embeddable":true,"href":"https:\/\/www.careium.com\/no\/wp-json\/wp\/v2\/product_cat?post=359"},{"taxonomy":"product_tag","embeddable":true,"href":"https:\/\/www.careium.com\/no\/wp-json\/wp\/v2\/product_tag?post=359"}],"curies":[{"name":"wp","href":"https:\/\/api.w.org\/{rel}","templated":true}]}}