{"id":363,"date":"2025-05-05T12:15:05","date_gmt":"2025-05-05T12:15:05","guid":{"rendered":"https:\/\/www.careium.com\/no\/?post_type=product&#038;p=363"},"modified":"2025-11-11T12:20:01","modified_gmt":"2025-11-11T11:20:01","slug":"enurese-sensor","status":"publish","type":"product","link":"https:\/\/www.careium.com\/no\/velferdsteknologi\/personlige-alarmer\/enurese-sensor\/","title":{"rendered":"Enurese sensor"},"content":{"rendered":"<h2>Hvordan virker det?<\/h2>\n<p>Enurese-sensoren er en fuktf\u00f8lsom pute som plasseres mellom madrassen og lakenet og kobles til en trygghetsalarm via radiomodulen mBox 9200. N\u00e5r det oppdages fukt, vil en alarm sendes til alarmsentralen, til en pleier eller p\u00e5r\u00f8rende slik at tiltak kan iverksettes. Enuresealarmen er gjenbrukbar og fungerer med alle Careium trygghetsalarmer.<\/p>\n<h2>Hvilket problem l\u00f8ser det?<\/h2>\n<p>Inkontinens er mer vanlig blant eldre mennesker, spesielt kvinner. Enurese-sensoren er designet for \u00e5 redusere behovet for p\u00e5trengende kontroller, og fremme verdighet og uavhengighet for alle brukere.<\/p>\n","protected":false},"excerpt":{"rendered":"<p>Enurese-sensoren er designet for \u00e5 oppdage overfl\u00f8dig fuktighet. Den slitesterke sensormatten legges i sengen og kobles til en trygghetsalarm via mBox 9200. N\u00e5r det oppdages fukt eller v\u00e6ske, vil en alarm sendes til overv\u00e5kingssentralen eller til en pleier. Enurese-sensoren er egnet for hjemmebruk og voksne s\u00e5 vel som barn.<\/p>\n","protected":false},"author":1,"featured_media":1289,"template":"","meta":{"_acf_changed":false},"product_brand":[],"product_cat":[17],"product_tag":[],"class_list":{"0":"post-363","1":"product","2":"type-product","3":"status-publish","4":"has-post-thumbnail","6":"product_cat-accessories","8":"first","9":"instock","10":"shipping-taxable","11":"purchasable","12":"product-type-simple"},"acf":[],"_links":{"self":[{"href":"https:\/\/www.careium.com\/no\/wp-json\/wp\/v2\/product\/363","targetHints":{"allow":["GET"]}}],"collection":[{"href":"https:\/\/www.careium.com\/no\/wp-json\/wp\/v2\/product"}],"about":[{"href":"https:\/\/www.careium.com\/no\/wp-json\/wp\/v2\/types\/product"}],"author":[{"embeddable":true,"href":"https:\/\/www.careium.com\/no\/wp-json\/wp\/v2\/users\/1"}],"wp:featuredmedia":[{"embeddable":true,"href":"https:\/\/www.careium.com\/no\/wp-json\/wp\/v2\/media\/1289"}],"wp:attachment":[{"href":"https:\/\/www.careium.com\/no\/wp-json\/wp\/v2\/media?parent=363"}],"wp:term":[{"taxonomy":"product_brand","embeddable":true,"href":"https:\/\/www.careium.com\/no\/wp-json\/wp\/v2\/product_brand?post=363"},{"taxonomy":"product_cat","embeddable":true,"href":"https:\/\/www.careium.com\/no\/wp-json\/wp\/v2\/product_cat?post=363"},{"taxonomy":"product_tag","embeddable":true,"href":"https:\/\/www.careium.com\/no\/wp-json\/wp\/v2\/product_tag?post=363"}],"curies":[{"name":"wp","href":"https:\/\/api.w.org\/{rel}","templated":true}]}}