{"id":75,"date":"2025-04-29T09:11:46","date_gmt":"2025-04-29T09:11:46","guid":{"rendered":"https:\/\/www.careium.com\/no\/?post_type=product&#038;p=75"},"modified":"2025-09-19T10:50:12","modified_gmt":"2025-09-19T08:50:12","slug":"abby-gps-personalarm-for-frihet","status":"publish","type":"product","link":"https:\/\/www.careium.com\/no\/velferdsteknologi\/personlige-alarmer\/abby-gps-personalarm-for-frihet\/","title":{"rendered":"Abby &#8211; mobil trygghetsalarm med GPS"},"content":{"rendered":"<h3><strong>Med Abby mobil trygghetsalarm med GPS er du alltid tilkoblet og trygg, uansett hvor du befinner deg.\u00a0<\/strong><\/h3>\n<p>&nbsp;<\/p>\n<p><strong>Abby<\/strong> mobil trygghetsalarm med GPS er perfekt for brukere b\u00e5de i hjemmet, utend\u00f8rs eller som HMS- alarm p\u00e5 arbeidsplass. Den kombinerer banebrytende sikkerhetsteknologi med diskr\u00e9 og komfortabel bruk. Enheten er IP67- vanntett og t\u00e5ler b\u00e5de regn og sprut, slik at den fungerer n\u00e5r du trenger den som mest. B\u00e6r den som et anheng rundt halsen, fest den i beltet eller ha den i lommen &#8211; Abby passer s\u00f8ml\u00f8st inn i hverdagen og gir deg sikkerhet d\u00f8gnet rundt.<\/p>\n<p>N\u00e5r en alarm utl\u00f8ses, aktiveres toveis talekommunikasjon via den innebygde h\u00f8yttalertelefonen. P\u00e5 den m\u00e5ten kan responssenteret eller omsorgsnettverket <strong>kommunisere direkte med brukeren<\/strong>. Dette gj\u00f8r det mulig \u00e5 vurdere situasjonen p\u00e5 avstand og sette inn eventuelle hjelpetiltak ved behov.<\/p>\n<p>Abby gir omsorgsnettverket til brukeren en unik mulighet til \u00e5 ha oversikt over hvor personen befinner seg, noe som kan gi en ekstra trygghet. Enheten kan individuelt tilpasses ved \u00e5 definere trygge soner og gi \u00f8yeblikkelige <strong>varsler<\/strong> hvis bruker befinner seg utenfor det definerte omr\u00e5det (geofence). Denne l\u00f8sningen kan for eksempel v\u00e6re ideell for brukere med kognitiv svikt.<\/p>\n<p>Abby er kompatibel med v\u00e5r app <strong>i-care\u00ae plus<\/strong> og gir omsorgsnettverket til brukeren muligheten til \u00e5 h\u00e5ndtere alarmanrop, se Abbys plassering p\u00e5 et kart og snakke med brukeren via enhetens h\u00f8yttalertelefon.<\/p>\n","protected":false},"excerpt":{"rendered":"<p>Abby mobil trygghetsalarm med GPS gj\u00f8r at brukeren kan holde seg aktiv og trygg. Enten du er ute og handler, bes\u00f8ker venner eller bare g\u00e5r en tur &#8211; Abby s\u00f8rger for at hjelpen alltid er bare et tastetrykk unna.<\/p>\n","protected":false},"author":4,"featured_media":74,"template":"","meta":{"_acf_changed":false},"product_brand":[],"product_cat":[18],"product_tag":[],"class_list":{"0":"post-75","1":"product","2":"type-product","3":"status-publish","4":"has-post-thumbnail","6":"product_cat-mobile-social-alarms","8":"first","9":"instock","10":"shipping-taxable","11":"purchasable","12":"product-type-simple"},"acf":[],"_links":{"self":[{"href":"https:\/\/www.careium.com\/no\/wp-json\/wp\/v2\/product\/75","targetHints":{"allow":["GET"]}}],"collection":[{"href":"https:\/\/www.careium.com\/no\/wp-json\/wp\/v2\/product"}],"about":[{"href":"https:\/\/www.careium.com\/no\/wp-json\/wp\/v2\/types\/product"}],"author":[{"embeddable":true,"href":"https:\/\/www.careium.com\/no\/wp-json\/wp\/v2\/users\/4"}],"wp:featuredmedia":[{"embeddable":true,"href":"https:\/\/www.careium.com\/no\/wp-json\/wp\/v2\/media\/74"}],"wp:attachment":[{"href":"https:\/\/www.careium.com\/no\/wp-json\/wp\/v2\/media?parent=75"}],"wp:term":[{"taxonomy":"product_brand","embeddable":true,"href":"https:\/\/www.careium.com\/no\/wp-json\/wp\/v2\/product_brand?post=75"},{"taxonomy":"product_cat","embeddable":true,"href":"https:\/\/www.careium.com\/no\/wp-json\/wp\/v2\/product_cat?post=75"},{"taxonomy":"product_tag","embeddable":true,"href":"https:\/\/www.careium.com\/no\/wp-json\/wp\/v2\/product_tag?post=75"}],"curies":[{"name":"wp","href":"https:\/\/api.w.org\/{rel}","templated":true}]}}