{"id":81,"date":"2025-04-29T09:51:29","date_gmt":"2025-04-29T09:51:29","guid":{"rendered":"https:\/\/www.careium.com\/no\/?post_type=product&#038;p=81"},"modified":"2025-06-16T09:25:35","modified_gmt":"2025-06-16T09:25:35","slug":"eliza-s-plus-smartere-sikkerhet","status":"publish","type":"product","link":"https:\/\/www.careium.com\/no\/velferdsteknologi\/personlige-alarmer\/eliza-s-plus-smartere-sikkerhet\/","title":{"rendered":"Eliza S+ &#8211; smartere sikkerhet, st\u00f8rre trygghet"},"content":{"rendered":"<h3><strong>V\u00e6r trygg hjemme med Eliza S+<\/strong><\/h3>\n<p>Eliza S+ sikrer rask hjelp d\u00f8gnet rundt. Perfekt for alle som vil leve selvstendig hjemme, men samtidig f\u00f8le seg trygg p\u00e5 at hjelpen er n\u00e6r hvis man trenger den.<\/p>\n<p>Eliza S+ er ideell for:<\/p>\n<ul>\n<li>Eldre som bor hjemme<\/li>\n<li>Brukere med ulike typer diagnoser eller funksjonsnedsettelser<\/li>\n<li>Brukere med \u00f8kt falltendens<\/li>\n<\/ul>\n<p>Eliza S+ skaper et trygt hjemmemilj\u00f8 som skaper trygghet i hverdagen og sikrer rask hjelp i n\u00f8dsituasjoner.<\/p>\n<h4>Backup- system som fungerer n\u00e5r du trenger det som mest<\/h4>\n<p>Det som gj\u00f8r at Eliza S+ skiller seg ut, er det <strong>doble tilkoblingssystemet<\/strong>. Mens mange trygghetsalarmer kun baserer seg p\u00e5 mobilnettet, tilbyr Eliza S+ ogs\u00e5 Ethernet-backup. Det betyr at hvis mobilsignalet er svakt eller faller ut &#8211; for eksempel under en storm eller et str\u00f8mbrudd &#8211; forblir alarmen tilkoblet og funksjonell via ethernet-kabelen.<\/p>\n<p>Dette er spesielt nyttig for:<\/p>\n<ul>\n<li>Avsidesliggende omr\u00e5der med d\u00e5rlig mobildekning<\/li>\n<li>Bygninger med tykke vegger der signalstyrken kan v\u00e6re up\u00e5litelig<\/li>\n<\/ul>\n<p>Med Eliza S+ trenger du ikke \u00e5 bekymre deg for at nettverksproblemer kan skape problemer for sikkerheten.<\/p>\n<h4>Designet for \u00e5 passe inn, bygget for \u00e5 skille seg ut<\/h4>\n<p>Eliza S+ har et moderne design i m\u00f8rk ibenholt og mokka \u2013 elegante farger som er valgt for \u00e5 passe naturlig inn i hjemmet ditt.<\/p>\n<h4>Trygt hjemmemilj\u00f8<\/h4>\n<p>Med Eliza S+ kan omsorgsnettverket ditt v\u00e6re sikre p\u00e5 at hjelpen er tilgjengelig ved behov. Dette gir f\u00e6rre bekymringer og \u00f8kt trygghet.<\/p>\n","protected":false},"excerpt":{"rendered":"<p>Eliza S+ tilbyr dobbel nettverkstilkobling for sikker tilkobling via en fast Ethernet- kabel. P\u00e5 den m\u00e5ten sikrer man at Eliza S+ alltid er tilkoblet selv i omr\u00e5der med d\u00e5rlig mobildekning eller ved str\u00f8mbrudd.<\/p>\n","protected":false},"author":5,"featured_media":63,"template":"","meta":{"_acf_changed":false},"product_brand":[],"product_cat":[16],"product_tag":[],"class_list":{"0":"post-81","1":"product","2":"type-product","3":"status-publish","4":"has-post-thumbnail","6":"product_cat-social-alarms","8":"first","9":"instock","10":"shipping-taxable","11":"purchasable","12":"product-type-simple"},"acf":[],"_links":{"self":[{"href":"https:\/\/www.careium.com\/no\/wp-json\/wp\/v2\/product\/81","targetHints":{"allow":["GET"]}}],"collection":[{"href":"https:\/\/www.careium.com\/no\/wp-json\/wp\/v2\/product"}],"about":[{"href":"https:\/\/www.careium.com\/no\/wp-json\/wp\/v2\/types\/product"}],"author":[{"embeddable":true,"href":"https:\/\/www.careium.com\/no\/wp-json\/wp\/v2\/users\/5"}],"wp:featuredmedia":[{"embeddable":true,"href":"https:\/\/www.careium.com\/no\/wp-json\/wp\/v2\/media\/63"}],"wp:attachment":[{"href":"https:\/\/www.careium.com\/no\/wp-json\/wp\/v2\/media?parent=81"}],"wp:term":[{"taxonomy":"product_brand","embeddable":true,"href":"https:\/\/www.careium.com\/no\/wp-json\/wp\/v2\/product_brand?post=81"},{"taxonomy":"product_cat","embeddable":true,"href":"https:\/\/www.careium.com\/no\/wp-json\/wp\/v2\/product_cat?post=81"},{"taxonomy":"product_tag","embeddable":true,"href":"https:\/\/www.careium.com\/no\/wp-json\/wp\/v2\/product_tag?post=81"}],"curies":[{"name":"wp","href":"https:\/\/api.w.org\/{rel}","templated":true}]}}