{"id":84,"date":"2025-05-06T18:31:09","date_gmt":"2025-05-06T18:31:09","guid":{"rendered":"https:\/\/www.careium.com\/no\/?post_type=product&#038;p=84"},"modified":"2025-05-27T12:35:09","modified_gmt":"2025-05-27T12:35:09","slug":"visit-fjernovervaking","status":"publish","type":"product","link":"https:\/\/www.careium.com\/no\/velferdsteknologi\/personlige-alarmer\/visit-fjernovervaking\/","title":{"rendered":"Visit &#8211; digitalt tilsyn"},"content":{"rendered":"<p>Studier viser at tradisjonelle hjemmebes\u00f8k om natten kan oppleves som p\u00e5trengende for brukeren. Visit er et fjernoverv\u00e5kningssystem som kan erstatte fysiske hjemmebes\u00f8k med diskr\u00e9, ekstern overv\u00e5kning. Autorisert helsepersonell kan utf\u00f8re <strong>digitale tilsyn<\/strong> via kamera, noe som gir trygghet for brukeren.<\/p>\n<p>&nbsp;<\/p>\n<p>Kameraet aktiveres kun ved planlagte bes\u00f8k eller i n\u00f8dstilfeller. Ingen bilder eller videoer lagres og det digitale tilsynet utf\u00f8res alltid av autorisert helsepersonell.<\/p>\n<p>&nbsp;<\/p>\n<p>Visit kan ogs\u00e5 bidra til kostnadsbesparelser ved \u00e5 erstatte fysiske bes\u00f8k med digitalt tilsyn. I tillegg reduseres karbonavtrykket n\u00e5r det blir f\u00e6rre kj\u00f8returer over lange strekninger.<\/p>\n<p>&nbsp;<\/p>\n<p>Visit er ideell for brukere som \u00f8nsker et mindre p\u00e5trengende <strong>alternativ til fysisk hjemmebes\u00f8k.<\/strong> Visit er et kostnadseffektivt og milj\u00f8vennlig alternativ som gir ekstra trygghet til brukeren.<\/p>\n<hr \/>\n<p>&nbsp;<\/p>\n","protected":false},"excerpt":{"rendered":"<p>Visit er en digital tilsynsl\u00f8sning som kan erstatte fysiske hjemmebes\u00f8k, men samtidig gi brukeren trygghet. Fjernoverv\u00e5kningen gir omsorg p\u00e5 en smart m\u00e5te. Kameraet aktiveres kun n\u00e5r tilsynet skal utf\u00f8res og ingen videoer lagres.<\/p>\n","protected":false},"author":4,"featured_media":83,"template":"","meta":{"_acf_changed":false},"product_brand":[],"product_cat":[17],"product_tag":[],"class_list":{"0":"post-84","1":"product","2":"type-product","3":"status-publish","4":"has-post-thumbnail","6":"product_cat-accessories","8":"first","9":"instock","10":"shipping-taxable","11":"purchasable","12":"product-type-simple"},"acf":[],"_links":{"self":[{"href":"https:\/\/www.careium.com\/no\/wp-json\/wp\/v2\/product\/84","targetHints":{"allow":["GET"]}}],"collection":[{"href":"https:\/\/www.careium.com\/no\/wp-json\/wp\/v2\/product"}],"about":[{"href":"https:\/\/www.careium.com\/no\/wp-json\/wp\/v2\/types\/product"}],"author":[{"embeddable":true,"href":"https:\/\/www.careium.com\/no\/wp-json\/wp\/v2\/users\/4"}],"wp:featuredmedia":[{"embeddable":true,"href":"https:\/\/www.careium.com\/no\/wp-json\/wp\/v2\/media\/83"}],"wp:attachment":[{"href":"https:\/\/www.careium.com\/no\/wp-json\/wp\/v2\/media?parent=84"}],"wp:term":[{"taxonomy":"product_brand","embeddable":true,"href":"https:\/\/www.careium.com\/no\/wp-json\/wp\/v2\/product_brand?post=84"},{"taxonomy":"product_cat","embeddable":true,"href":"https:\/\/www.careium.com\/no\/wp-json\/wp\/v2\/product_cat?post=84"},{"taxonomy":"product_tag","embeddable":true,"href":"https:\/\/www.careium.com\/no\/wp-json\/wp\/v2\/product_tag?post=84"}],"curies":[{"name":"wp","href":"https:\/\/api.w.org\/{rel}","templated":true}]}}