{"id":94,"date":"2025-04-29T11:12:02","date_gmt":"2025-04-29T11:12:02","guid":{"rendered":"https:\/\/www.careium.com\/no\/?post_type=product&#038;p=94"},"modified":"2026-02-10T08:32:13","modified_gmt":"2026-02-10T07:32:13","slug":"ellis-personlig-alarmanheng","status":"publish","type":"product","link":"https:\/\/www.careium.com\/no\/velferdsteknologi\/personlige-alarmer\/ellis-personlig-alarmanheng\/","title":{"rendered":"Ellis personlig alarmanheng &#8211; elegant og vanntett"},"content":{"rendered":"<p>Ellis er designet for \u00e5 se ut som et stilig, svart smykke. P\u00e5 den m\u00e5ten kan brukeren alltid f\u00f8le seg trygg og samtidig se stilig ut. Noen kan oppleve en tradisjonell trygghetsalarm som stigmatiserende, noe som gj\u00f8r at de kvier seg for \u00e5 bruke den. Ellis gj\u00f8r det lettere for brukeren \u00e5 ta p\u00e5 seg alarmen og bruke den til enhver tid. P\u00e5 den m\u00e5ten kan brukeren alltid f\u00f8le seg trygg og vite at hjelpen er n\u00e6r.<\/p>\n<p>Ellis er vanntett, slik at den kan brukes i dusjen eller badekaret, og har et batteri med lang levetid. Den har et magnetisk kjede som gir sikkerhet og komfort, selv n\u00e5r man sover. Den er enkel \u00e5 bruke med en diskr\u00e9 plassering av knappen p\u00e5 baksiden som gir enkel tilgang n\u00e5r det trengs.<\/p>\n<p>Ellis gir deg <strong>trygghet, selvstendighet og stil<\/strong> i ett. Ellis kobler deg til <strong>hjelp n\u00e5r du trenger det<\/strong>.<\/p>\n","protected":false},"excerpt":{"rendered":"<p>Leter du etter et alternativ til den tradisjonelle trygghetsalarmen? Ellis er et elegant, <strong>smykkeinspirert personlig alarmanheng<\/strong> som holder deg trygg ved <strong>hjelp av \u00e5 trykke p\u00e5 en knapp<\/strong>.<\/p>\n<p>Ellis er designet for at brukeren kan b\u00e6re trygghetsalarmen med selvtillit og stolthet.<\/p>\n<p><strong>Ellis <\/strong>bygger p\u00e5 den samme p\u00e5litelige teknologien som v\u00e5r velkjente Enzo, og er kompatibel med alle v\u00e5re systemer, slik at hjelpen alltid er innen rekkevidde. Ved \u00e5 trykke p\u00e5 knappen, kan brukeren enkelt tilkalle hjelp ved behov.<\/p>\n","protected":false},"author":5,"featured_media":4256,"template":"","meta":{"_acf_changed":false},"product_brand":[],"product_cat":[17],"product_tag":[],"class_list":{"0":"post-94","1":"product","2":"type-product","3":"status-publish","4":"has-post-thumbnail","6":"product_cat-accessories","8":"first","9":"instock","10":"shipping-taxable","11":"purchasable","12":"product-type-simple"},"acf":[],"_links":{"self":[{"href":"https:\/\/www.careium.com\/no\/wp-json\/wp\/v2\/product\/94","targetHints":{"allow":["GET"]}}],"collection":[{"href":"https:\/\/www.careium.com\/no\/wp-json\/wp\/v2\/product"}],"about":[{"href":"https:\/\/www.careium.com\/no\/wp-json\/wp\/v2\/types\/product"}],"author":[{"embeddable":true,"href":"https:\/\/www.careium.com\/no\/wp-json\/wp\/v2\/users\/5"}],"wp:featuredmedia":[{"embeddable":true,"href":"https:\/\/www.careium.com\/no\/wp-json\/wp\/v2\/media\/4256"}],"wp:attachment":[{"href":"https:\/\/www.careium.com\/no\/wp-json\/wp\/v2\/media?parent=94"}],"wp:term":[{"taxonomy":"product_brand","embeddable":true,"href":"https:\/\/www.careium.com\/no\/wp-json\/wp\/v2\/product_brand?post=94"},{"taxonomy":"product_cat","embeddable":true,"href":"https:\/\/www.careium.com\/no\/wp-json\/wp\/v2\/product_cat?post=94"},{"taxonomy":"product_tag","embeddable":true,"href":"https:\/\/www.careium.com\/no\/wp-json\/wp\/v2\/product_tag?post=94"}],"curies":[{"name":"wp","href":"https:\/\/api.w.org\/{rel}","templated":true}]}}